{"id":5260,"date":"2017-04-03T21:45:41","date_gmt":"2017-04-03T19:45:41","guid":{"rendered":"http:\/\/zsdpb.edu.pl\/?page_id=5260"},"modified":"2018-01-26T11:02:38","modified_gmt":"2018-01-26T10:02:38","slug":"zagospodarowanie-informacja","status":"publish","type":"page","link":"https:\/\/zsdpb.edu.pl\/index.php\/zagospodarowanie-informacja\/","title":{"rendered":"Zagospodarowanie &#8211; Informacja"},"content":{"rendered":"<p style=\"text-align: justify;\">Zagospodarowanie sk\u0142adnika maj\u0105tkowego dotyczy tylko i wy\u0142\u0105cznie pracownik\u00f3w PB i oznacza mo\u017cliwo\u015b\u0107 przej\u0119cia go nieodp\u0142atnie przez dowoln\u0105 kom\u00f3rk\u0119 organizacyjn\u0105 Uczelni w terminie 14 dni od daty dodania informacji na stronie internetowej.<!--more--> O przej\u0119ciu sk\u0142adnika decyduje kolejno\u015b\u0107 zg\u0142osze\u0144.<\/p>\n<p style=\"text-align: justify;\"><strong>Aby zagospodarowa\u0107 sk\u0142adnik maj\u0105tkowy nale\u017cy:<\/strong><\/p>\n<ol style=\"text-align: justify;\">\n<li>Wej\u015b\u0107 w zak\u0142adk\u0119 <strong>LOGOWANIE I REJESTRACJA<\/strong>, wpisa\u0107 sw\u00f3j adres e-mail, has\u0142o oraz numer telefonu kontaktowego, a utworzone w ten spos\u00f3b konto uzupe\u0142ni\u0107 o swoje dane teleadresowe. Rejestracja jest jednorazowa. Ponowne wej\u015bcia na swoje konto odbywa\u0107 si\u0119 b\u0119d\u0105 za pomoc\u0105 logowania.<\/li>\n<\/ol>\n<ol style=\"text-align: justify;\" start=\"2\">\n<li>Po zalogowaniu wybieramy sk\u0142adnik maj\u0105tkowy z zak\u0142adki <strong>ZAGOSPODAROWANIE<\/strong>. Po dok\u0142adnym zapoznaniu si\u0119 z jego opisem nale\u017cy <strong>\u201edoda\u0107 go do koszyka\u201d.<\/strong><\/li>\n<\/ol>\n<ol style=\"text-align: justify;\" start=\"3\">\n<li>W przypadku ch\u0119ci zagospodarowania wi\u0119kszej ilo\u015bci sk\u0142adnik\u00f3w nale\u017cy klikn\u0105\u0107 <strong>KONTYNUUJ<\/strong> lub ponownie wej\u015b\u0107 do zak\u0142adki <strong>ZAGOSPODAROWANIE <\/strong>i post\u0105pi\u0107 w taki sam spos\u00f3b, jak opisany powy\u017cej.<\/li>\n<\/ol>\n<ol style=\"text-align: justify;\" start=\"4\">\n<li>Po poprawnym dodaniu do <strong>KOSZYKA<\/strong> wybranych sk\u0142adnik\u00f3w wy\u015bwietli si\u0119 nam <strong>PODSUMOWANIE KOSZYKA<\/strong>, kt\u00f3re nale\u017cy potwierdzi\u0107 klikaj\u0105c <strong>PRZEJD\u0179 DO PODSUMOWANIA.<\/strong><\/li>\n<\/ol>\n<ol style=\"text-align: justify;\" start=\"5\">\n<li><strong>W SZCZEG\u00d3\u0141ACH ZAM\u00d3WIENIA<\/strong> wpisujemy niezb\u0119dne dane oraz akceptujemy regulamin, a nast\u0119pnie potwierdzamy zam\u00f3wienie klikaj\u0105c na <strong>ZAKO\u0143CZ I ZAM\u00d3W.<\/strong><\/li>\n<\/ol>\n<ol style=\"text-align: justify;\" start=\"6\">\n<li>Po prawid\u0142owym przej\u015bciu wszystkich wy\u017cej wymienionych krok\u00f3w zam\u00f3wienie otrzymuje sw\u00f3j indywidualny numer, a na adres e-mail wskazany w <strong>SZCZEG\u00d3\u0141ACH ZAM\u00d3WIENIA<\/strong> wysy\u0142ana jest wiadomo\u015b\u0107 potwierdzaj\u0105ca jego przyj\u0119cie.<\/li>\n<\/ol>\n<ol style=\"text-align: justify;\" start=\"7\">\n<li>Sk\u0142adniki maj\u0105tkowe Uczelni mog\u0105 by\u0107 r\u00f3wnie\u017c rezerwowane bez konieczno\u015bci uprzedniej Rejestracji i posiadania Konta. W takim przypadku, po wybraniu interesuj\u0105cych nas sk\u0142adnik\u00f3w (dodaniu do koszyka), niezb\u0119dne jest podanie odpowiednich danych wymaganych w formularzu, koniecznych do finalizacji procesu zagospodarowania.<\/li>\n<\/ol>\n<p style=\"text-align: justify;\">Aby przyspieszy\u0107 realizacj\u0119 zam\u00f3wienia, zach\u0119camy pracownika zainteresowanego przej\u0119ciem sk\u0142adnika maj\u0105tkowego do ustalenia osoby odpowiedzialnej materialnie, kt\u00f3ra we\u017amie go na sw\u00f3j stan i dope\u0142ni wszelkich formalno\u015bci (<a href=\"https:\/\/zsdpb.edu.pl\/wp-content\/uploads\/2018\/01\/plik-nr-1.docx\">druk ZMU<\/a>).<\/p>\n<p style=\"text-align: justify;\">Osoba odpowiedzialna materialnie przekazuj\u0105ca wszczyna procedur\u0119 przekazania sk\u0142adnika maj\u0105tkowego i zgodnie z Zarz\u0105dzeniem Rektora nr 33 z dnia 28.04.2010r. (<a href=\"https:\/\/zsdpb.edu.pl\/wp-content\/uploads\/2018\/01\/plik-nr-2.pdf\">zarz\u0105dzenie 753\/2017<\/a>) wype\u0142nia druk ZMIANY MIEJSCA U\u017bYTKOWANIA (<a href=\"https:\/\/zsdpb.edu.pl\/wp-content\/uploads\/2018\/01\/plik-nr-1.docx\">druk ZMU<\/a>) b\u0119d\u0105cy za\u0142\u0105cznikiem do niniejszego zarz\u0105dzenia, kt\u00f3ry to druk po zebraniu wymaganych podpis\u00f3w przekazuje do uzupe\u0142nienia osobie odpowiedzialnej materialnie przejmuj\u0105cej.<\/p>\n","protected":false},"excerpt":{"rendered":"<p>Zagospodarowanie sk\u0142adnika maj\u0105tkowego dotyczy tylko i wy\u0142\u0105cznie pracownik\u00f3w PB i oznacza mo\u017cliwo\u015b\u0107 przej\u0119cia go nieodp\u0142atnie przez dowoln\u0105 kom\u00f3rk\u0119 organizacyjn\u0105 Uczelni w terminie 14 dni od daty dodania informacji na stronie internetowej.<\/p>\n","protected":false},"author":1,"featured_media":5272,"parent":0,"menu_order":0,"comment_status":"closed","ping_status":"closed","template":"","meta":{"footnotes":""},"class_list":["post-5260","page","type-page","status-publish","has-post-thumbnail","hentry"],"publishpress_future_action":{"enabled":false,"date":"2026-04-22 09:32:48","action":"change-status","newStatus":"draft","terms":[],"taxonomy":"","extraData":[]},"publishpress_future_workflow_manual_trigger":{"enabledWorkflows":[]},"_links":{"self":[{"href":"https:\/\/zsdpb.edu.pl\/index.php\/wp-json\/wp\/v2\/pages\/5260","targetHints":{"allow":["GET"]}}],"collection":[{"href":"https:\/\/zsdpb.edu.pl\/index.php\/wp-json\/wp\/v2\/pages"}],"about":[{"href":"https:\/\/zsdpb.edu.pl\/index.php\/wp-json\/wp\/v2\/types\/page"}],"author":[{"embeddable":true,"href":"https:\/\/zsdpb.edu.pl\/index.php\/wp-json\/wp\/v2\/users\/1"}],"replies":[{"embeddable":true,"href":"https:\/\/zsdpb.edu.pl\/index.php\/wp-json\/wp\/v2\/comments?post=5260"}],"version-history":[{"count":12,"href":"https:\/\/zsdpb.edu.pl\/index.php\/wp-json\/wp\/v2\/pages\/5260\/revisions"}],"predecessor-version":[{"id":6092,"href":"https:\/\/zsdpb.edu.pl\/index.php\/wp-json\/wp\/v2\/pages\/5260\/revisions\/6092"}],"wp:featuredmedia":[{"embeddable":true,"href":"https:\/\/zsdpb.edu.pl\/index.php\/wp-json\/wp\/v2\/media\/5272"}],"wp:attachment":[{"href":"https:\/\/zsdpb.edu.pl\/index.php\/wp-json\/wp\/v2\/media?parent=5260"}],"curies":[{"name":"wp","href":"https:\/\/api.w.org\/{rel}","templated":true}]}}