{"id":5262,"date":"2017-04-03T21:55:30","date_gmt":"2017-04-03T19:55:30","guid":{"rendered":"http:\/\/zsdpb.edu.pl\/?page_id=5262"},"modified":"2017-07-27T09:10:06","modified_gmt":"2017-07-27T07:10:06","slug":"sprzedaz-informacja","status":"publish","type":"page","link":"https:\/\/zsdpb.edu.pl\/index.php\/sprzedaz-informacja\/","title":{"rendered":"Sprzeda\u017c &#8211; Informacja"},"content":{"rendered":"<p style=\"text-align: justify;\">Politechnika Bia\u0142ostocka prowadzi sprzeda\u017c swoich sk\u0142adnik\u00f3w maj\u0105tkowych. Zakupu mog\u0105 dokonywa\u0107 \u00a0pracownicy PB, studenci, osoby spoza Uczelni, a tak\u017ce firmy i instytucje.<\/p>\n<p style=\"text-align: justify;\">Sprzeda\u017c odbywa si\u0119 w formie aukcji. Oferty mo\u017cna sk\u0142ada\u0107 w terminie 14 dni od daty ukazania si\u0119 informacji na stronie internetowej; o dok\u0142adnej dacie oraz godzinie zako\u0144czenia licytacji danego sk\u0142adnika informuje zegar odliczaj\u0105cy czas do jej zamkni\u0119cia.<!--more--><\/p>\n<p style=\"text-align: justify;\">Odbi\u00f3r osobisty.<\/p>\n<p style=\"text-align: justify;\"><strong>ABY WZI\u0104\u0106 UDZIA\u0141 W LICYTACJI NALE\u017bY:<\/strong><\/p>\n<ol style=\"text-align: justify;\">\n<li>Wej\u015b\u0107 w zak\u0142adk\u0119 <strong>LOGOWANIE I REJESTRACJA<\/strong>, wpisa\u0107 sw\u00f3j adres e-mail, has\u0142o oraz numer telefonu kontaktowego, a utworzone w ten spos\u00f3b konto uzupe\u0142ni\u0107 o swoje dane teleadresowe. Udzia\u0142 w aukcji wymaga uprzedniej Rejestracji i posiadania Konta. Rejestracja jest jednorazowa. Ponowne wej\u015bcia na swoje konto odbywa\u0107 si\u0119 b\u0119d\u0105 za pomoc\u0105 logowania.<\/li>\n<\/ol>\n<ol style=\"text-align: justify;\" start=\"2\">\n<li>Po zalogowaniu wybieramy sk\u0142adnik maj\u0105tkowy z zak\u0142adki <strong>SPRZEDA\u017b<\/strong>.<\/li>\n<\/ol>\n<ol style=\"text-align: justify;\" start=\"3\">\n<li>Po dok\u0142adnym zapoznaniu si\u0119 z jego opisem nale\u017cy zaakceptowa\u0107 kwot\u0119 znajduj\u0105c\u0105 si\u0119 w polu <strong>TWOJA<\/strong> <strong>OFERTA <\/strong><strong>lub zaproponowa\u0107 wy\u017csz\u0105.<\/strong> Pojawi si\u0119 w\u00f3wczas komunikat, \u017ce wzi\u0119li\u015bmy udzia\u0142 w licytacji. Na nasz adres e-mail zostanie r\u00f3wnie\u017c wys\u0142ana wiadomo\u015b\u0107 potwierdzaj\u0105ca fakt wzi\u0119cia przez nas udzia\u0142u w danej aukcji<strong>.<\/strong><\/li>\n<\/ol>\n<ol style=\"text-align: justify;\" start=\"4\">\n<li>Przez ca\u0142y czas trwania licytacji w zak\u0142adce <strong>HISTORIA AUKCJI<\/strong> mo\u017cemy obserwowa\u0107 ruchy innych Oferent\u00f3w. Co wa\u017cne, w sytuacji, gdy inny Oferent przebije nasz\u0105 ofert\u0119, zobaczymy to nie tylko na stronie internetowej, ale otrzymamy te\u017c wiadomo\u015b\u0107 e-mail informuj\u0105c\u0105 nas o tym fakcie.<\/li>\n<\/ol>\n<ol style=\"text-align: justify;\" start=\"5\">\n<li>W przypadku ch\u0119ci zakupu wi\u0119kszej ilo\u015bci sk\u0142adnik\u00f3w nale\u017cy ponownie wej\u015b\u0107 do zak\u0142adki <strong>SPRZEDA\u017b <\/strong>i post\u0105pi\u0107 w taki sam spos\u00f3b, jak opisany powy\u017cej.<\/li>\n<\/ol>\n<ol style=\"text-align: justify;\" start=\"6\">\n<li>Po up\u0142ywie terminu aukcji osoba, kt\u00f3ra zaproponowa\u0142a najwy\u017csz\u0105 cen\u0119 otrzymuje na sw\u00f3j adres e-mail wiadomo\u015b\u0107 informuj\u0105c\u0105 j\u0105 o wygranej wraz z linkiem odsy\u0142aj\u0105cym j\u0105 do <strong>SZCZEG\u00d3\u0141\u00d3W ZAM\u00d3WIENIA<\/strong>, w kt\u00f3rych, poza uzupe\u0142nieniem swoich danych teleadresowych oraz zaakceptowaniem regulaminu, wybiera form\u0119 p\u0142atno\u015bci oraz potwierdza swoje zam\u00f3wienie klikaj\u0105c <strong>ZAKO\u0143CZ I ZAM\u00d3W.<\/strong><\/li>\n<\/ol>\n<ol style=\"text-align: justify;\" start=\"7\">\n<li>Po przej\u015bciu ww. krok\u00f3w zwyci\u0119zca ponownie otrzymuje wiadomo\u015b\u0107 e-mail potwierdzaj\u0105c\u0105 przyj\u0119cie zam\u00f3wienia oraz wskazuj\u0105c\u0105 jego szczeg\u00f3\u0142y takie jak: forma p\u0142atno\u015bci (p\u0142atno\u015b\u0107 przelewem lub got\u00f3wk\u0105), nazwa banku oraz nr rachunku bankowego (w przypadku przelewu), numer zam\u00f3wienia, nazwa zakupionego sk\u0142adnika oraz kwota do zap\u0142aty.<\/li>\n<\/ol>\n<ol style=\"text-align: justify;\" start=\"8\">\n<li>Nabywca odbiera zakupiony sk\u0142adnik osobi\u015bcie po uiszczeniu za niego p\u0142atno\u015bci.<\/li>\n<\/ol>\n<ol start=\"9\">\n<li style=\"text-align: justify;\">Sprzeda\u017c sk\u0142adnik\u00f3w maj\u0105tkowych Uczelni odbywa si\u0119 w oparciu o <strong>Regulamin.<\/strong><\/li>\n<\/ol>\n","protected":false},"excerpt":{"rendered":"<p>Politechnika Bia\u0142ostocka prowadzi sprzeda\u017c swoich sk\u0142adnik\u00f3w maj\u0105tkowych. Zakupu mog\u0105 dokonywa\u0107 \u00a0pracownicy PB, studenci, osoby spoza Uczelni, a tak\u017ce firmy i instytucje. Sprzeda\u017c odbywa si\u0119 w formie aukcji. Oferty mo\u017cna sk\u0142ada\u0107 w terminie 14 dni od daty ukazania si\u0119 informacji na stronie internetowej; o dok\u0142adnej dacie oraz godzinie zako\u0144czenia licytacji danego [\u2026] <\/p>\n<div class=\"clear\"><\/div>\n<p><a class=\"more_link clearfix\" href=\"https:\/\/zsdpb.edu.pl\/index.php\/sprzedaz-informacja\/\" rel=\"nofollow\">Read More<\/a><\/p>\n","protected":false},"author":1,"featured_media":5271,"parent":0,"menu_order":0,"comment_status":"closed","ping_status":"closed","template":"","meta":{"footnotes":""},"class_list":["post-5262","page","type-page","status-publish","has-post-thumbnail","hentry"],"publishpress_future_action":{"enabled":false,"date":"2026-05-13 08:34:11","action":"change-status","newStatus":"draft","terms":[],"taxonomy":"","extraData":[]},"publishpress_future_workflow_manual_trigger":{"enabledWorkflows":[]},"_links":{"self":[{"href":"https:\/\/zsdpb.edu.pl\/index.php\/wp-json\/wp\/v2\/pages\/5262","targetHints":{"allow":["GET"]}}],"collection":[{"href":"https:\/\/zsdpb.edu.pl\/index.php\/wp-json\/wp\/v2\/pages"}],"about":[{"href":"https:\/\/zsdpb.edu.pl\/index.php\/wp-json\/wp\/v2\/types\/page"}],"author":[{"embeddable":true,"href":"https:\/\/zsdpb.edu.pl\/index.php\/wp-json\/wp\/v2\/users\/1"}],"replies":[{"embeddable":true,"href":"https:\/\/zsdpb.edu.pl\/index.php\/wp-json\/wp\/v2\/comments?post=5262"}],"version-history":[{"count":12,"href":"https:\/\/zsdpb.edu.pl\/index.php\/wp-json\/wp\/v2\/pages\/5262\/revisions"}],"predecessor-version":[{"id":5654,"href":"https:\/\/zsdpb.edu.pl\/index.php\/wp-json\/wp\/v2\/pages\/5262\/revisions\/5654"}],"wp:featuredmedia":[{"embeddable":true,"href":"https:\/\/zsdpb.edu.pl\/index.php\/wp-json\/wp\/v2\/media\/5271"}],"wp:attachment":[{"href":"https:\/\/zsdpb.edu.pl\/index.php\/wp-json\/wp\/v2\/media?parent=5262"}],"curies":[{"name":"wp","href":"https:\/\/api.w.org\/{rel}","templated":true}]}}