{"id":5264,"date":"2017-04-03T22:00:03","date_gmt":"2017-04-03T20:00:03","guid":{"rendered":"http:\/\/zsdpb.edu.pl\/?page_id=5264"},"modified":"2017-07-27T09:11:24","modified_gmt":"2017-07-27T07:11:24","slug":"darowizna-informacja","status":"publish","type":"page","link":"https:\/\/zsdpb.edu.pl\/index.php\/darowizna-informacja\/","title":{"rendered":"Darowizna \u2013 Informacja"},"content":{"rendered":"<p style=\"text-align: justify;\">Przez darowizn\u0119 rozumie si\u0119 nieodp\u0142atne przekazanie sk\u0142adnika maj\u0105tkowego na rzecz podmiotu, kt\u00f3ry b\u0119dzie wykorzystywa\u0142 go do dzia\u0142alno\u015bci wychowawczej, o\u015bwiatowej, naukowej, kulturalnej, ochrony \u015brodowiska, pomocy spo\u0142ecznej, ochrony zdrowia lub na cele charytatywne i dobroczynne.<!--more--><\/p>\n<p style=\"text-align: justify;\">Informacja o sk\u0142adniku maj\u0105tkowym pozostaje na stronie internetowej przez okres 14 dni od daty jej zamieszczenia.<\/p>\n<p style=\"text-align: justify;\">O przej\u0119ciu przedmiotu decyduje kolejno\u015b\u0107 zg\u0142osze\u0144.<\/p>\n<p style=\"text-align: justify;\">Odbi\u00f3r osobisty.<\/p>\n<p style=\"text-align: justify;\"><strong>ABY\u00a0 \u00a0PRZEJ\u0104\u0106 \u00a0SK\u0141ADNIK \u00a0\u00a0MAJ\u0104TKOWY\u00a0 \u00a0W\u00a0 \u00a0FORMIE\u00a0 \u00a0DAROWIZNY\u00a0 \u00a0NALE\u017bY: <\/strong><\/p>\n<ol style=\"text-align: justify;\">\n<li>Wej\u015b\u0107 w zak\u0142adk\u0119<strong> LOGOWANIE I REJESTRACJA<\/strong>, wpisa\u0107 sw\u00f3j adres e-mail, has\u0142o oraz numer telefonu kontaktowego, a utworzone w ten spos\u00f3b konto uzupe\u0142ni\u0107 o swoje dane teleadresowe. Rejestracja jest jednorazowa. Ponowne wej\u015bcia na konto odbywa\u0107 si\u0119 b\u0119d\u0105 za pomoc\u0105 logowania.<\/li>\n<\/ol>\n<ol style=\"text-align: justify;\" start=\"2\">\n<li>Po zalogowaniu wybieramy sk\u0142adnik maj\u0105tkowy z zak\u0142adki <strong>DAROWIZNA<\/strong>. Po dok\u0142adnym zapoznaniu si\u0119 z jego opisem nale\u017cy <strong>\u201edoda\u0107 go do koszyka\u201d.<\/strong><\/li>\n<\/ol>\n<ol style=\"text-align: justify;\" start=\"3\">\n<li>W przypadku ch\u0119ci przej\u0119cia w formie darowizny wi\u0119kszej ilo\u015bci sk\u0142adnik\u00f3w nale\u017cy klikn\u0105\u0107 <strong>KONTYNUUJ<\/strong> lub ponownie wej\u015b\u0107 do zak\u0142adki <strong>DAROWIZNA<\/strong> i post\u0105pi\u0107 w taki sam spos\u00f3b, jak opisany powy\u017cej.<\/li>\n<\/ol>\n<ol style=\"text-align: justify;\" start=\"4\">\n<li>Po poprawnym dodaniu do <strong>KOSZYKA<\/strong> wybranych sk\u0142adnik\u00f3w wy\u015bwietli si\u0119 <strong>PODSUMOWANIE KOSZYKA,<\/strong> kt\u00f3re nale\u017cy potwierdzi\u0107 klikaj\u0105c <strong>PRZEJD\u0179 DO PODSUMOWANIA.<\/strong><\/li>\n<\/ol>\n<ol style=\"text-align: justify;\" start=\"5\">\n<li><strong>W SZCZEG\u00d3\u0141ACH ZAM\u00d3WIENIA<\/strong> wpisujemy niezb\u0119dne dane, kt\u00f3re potwierdzamy klikaj\u0105c na <strong>ZAKO\u0143CZ I ZAM\u00d3W.<\/strong><\/li>\n<\/ol>\n<ol style=\"text-align: justify;\" start=\"6\">\n<li>Po prawid\u0142owym przej\u015bciu wszystkich wy\u017cej wymienionych krok\u00f3w zam\u00f3wienie otrzymuje sw\u00f3j indywidualny numer, a na adres e-mail wskazany w <strong>SZCZEG\u00d3\u0141ACH ZAM\u00d3WIENIA<\/strong> wysy\u0142ana jest wiadomo\u015b\u0107 potwierdzaj\u0105ca jego przyj\u0119cie.<\/li>\n<\/ol>\n<ol start=\"7\">\n<li style=\"text-align: justify;\">Sk\u0142adniki maj\u0105tkowe Uczelni mog\u0105 by\u0107 r\u00f3wnie\u017c rezerwowane bez konieczno\u015bci uprzedniej Rejestracji i posiadania Konta. W takim przypadku, po wybraniu interesuj\u0105cych nas sk\u0142adnik\u00f3w (dodaniu do koszyka), niezb\u0119dne jest podanie odpowiednich danych wymaganych w formularzu, koniecznych do finalizacji procesu rezerwacji.<\/li>\n<\/ol>\n","protected":false},"excerpt":{"rendered":"<p>Przez darowizn\u0119 rozumie si\u0119 nieodp\u0142atne przekazanie sk\u0142adnika maj\u0105tkowego na rzecz podmiotu, kt\u00f3ry b\u0119dzie wykorzystywa\u0142 go do dzia\u0142alno\u015bci wychowawczej, o\u015bwiatowej, naukowej, kulturalnej, ochrony \u015brodowiska, pomocy spo\u0142ecznej, ochrony zdrowia lub na cele charytatywne i dobroczynne.<\/p>\n","protected":false},"author":1,"featured_media":5270,"parent":0,"menu_order":0,"comment_status":"closed","ping_status":"closed","template":"","meta":{"footnotes":""},"class_list":["post-5264","page","type-page","status-publish","has-post-thumbnail","hentry"],"publishpress_future_action":{"enabled":false,"date":"2026-05-13 08:44:01","action":"change-status","newStatus":"draft","terms":[],"taxonomy":"","extraData":[]},"publishpress_future_workflow_manual_trigger":{"enabledWorkflows":[]},"_links":{"self":[{"href":"https:\/\/zsdpb.edu.pl\/index.php\/wp-json\/wp\/v2\/pages\/5264","targetHints":{"allow":["GET"]}}],"collection":[{"href":"https:\/\/zsdpb.edu.pl\/index.php\/wp-json\/wp\/v2\/pages"}],"about":[{"href":"https:\/\/zsdpb.edu.pl\/index.php\/wp-json\/wp\/v2\/types\/page"}],"author":[{"embeddable":true,"href":"https:\/\/zsdpb.edu.pl\/index.php\/wp-json\/wp\/v2\/users\/1"}],"replies":[{"embeddable":true,"href":"https:\/\/zsdpb.edu.pl\/index.php\/wp-json\/wp\/v2\/comments?post=5264"}],"version-history":[{"count":7,"href":"https:\/\/zsdpb.edu.pl\/index.php\/wp-json\/wp\/v2\/pages\/5264\/revisions"}],"predecessor-version":[{"id":5655,"href":"https:\/\/zsdpb.edu.pl\/index.php\/wp-json\/wp\/v2\/pages\/5264\/revisions\/5655"}],"wp:featuredmedia":[{"embeddable":true,"href":"https:\/\/zsdpb.edu.pl\/index.php\/wp-json\/wp\/v2\/media\/5270"}],"wp:attachment":[{"href":"https:\/\/zsdpb.edu.pl\/index.php\/wp-json\/wp\/v2\/media?parent=5264"}],"curies":[{"name":"wp","href":"https:\/\/api.w.org\/{rel}","templated":true}]}}