{"id":9794,"date":"2020-03-02T10:40:07","date_gmt":"2020-03-02T09:40:07","guid":{"rendered":"https:\/\/zsdpb.edu.pl\/?page_id=9794"},"modified":"2021-07-15T10:14:04","modified_gmt":"2021-07-15T08:14:04","slug":"przetargi","status":"publish","type":"page","link":"https:\/\/zsdpb.edu.pl\/index.php\/przetargi\/","title":{"rendered":"Przetargi"},"content":{"rendered":"<h2 style=\"text-align: center;\">Politechnika Bia\u0142ostocka<\/h2>\n<p style=\"text-align: center;\">Wiejska 45A, 15-351 Bia\u0142ystok<\/p>\n<p style=\"text-align: justify;\">og\u0142asza przetarg pisemny nieograniczony na sprzeda\u017c prawa w\u0142a\u015bno\u015bci nieruchomo\u015bci gruntowej niezabudowanej, po\u0142o\u017conej w Bia\u0142ymstoku przy ulicy Czystej 11.<\/p>\n<p style=\"text-align: justify;\"><a href=\"https:\/\/zsdpb.edu.pl\/wp-content\/uploads\/2021\/06\/Formularz_ofertowy.pdf\">Formularz ofertowy<\/a><\/p>\n<p style=\"text-align: justify;\"><a href=\"https:\/\/zsdpb.edu.pl\/wp-content\/uploads\/2021\/06\/Mapa_zal_nr1.pdf\">Mapa za\u0142. nr 1<\/a><\/p>\n<p style=\"text-align: justify;\"><a href=\"https:\/\/zsdpb.edu.pl\/wp-content\/uploads\/2021\/06\/Ogloszenie.pdf\">Og\u0142oszenie o przetargu<\/a><\/p>\n<p style=\"text-align: justify;\"><a href=\"https:\/\/zsdpb.edu.pl\/wp-content\/uploads\/2021\/06\/Regulamin_zal_nr3.pdf\">Regulamin za\u0142. nr 3<\/a><\/p>\n<p style=\"text-align: center;\"><strong>WYNIK PRZETARGU<\/strong><\/p>\n<p><a href=\"https:\/\/zsdpb.edu.pl\/wp-content\/uploads\/2021\/07\/20210715094933154.pdf\"><img loading=\"lazy\" decoding=\"async\" class=\"aligncenter wp-image-11276 size-full\" src=\"https:\/\/zsdpb.edu.pl\/wp-content\/uploads\/2021\/07\/wynikprzetargu.jpg\" alt=\"\" width=\"595\" height=\"841\" srcset=\"https:\/\/zsdpb.edu.pl\/wp-content\/uploads\/2021\/07\/wynikprzetargu.jpg 595w, https:\/\/zsdpb.edu.pl\/wp-content\/uploads\/2021\/07\/wynikprzetargu-212x300.jpg 212w, https:\/\/zsdpb.edu.pl\/wp-content\/uploads\/2021\/07\/wynikprzetargu-39x55.jpg 39w, https:\/\/zsdpb.edu.pl\/wp-content\/uploads\/2021\/07\/wynikprzetargu-580x820.jpg 580w, https:\/\/zsdpb.edu.pl\/wp-content\/uploads\/2021\/07\/wynikprzetargu-510x721.jpg 510w\" sizes=\"auto, (max-width: 595px) 100vw, 595px\" \/><\/a><\/p>\n","protected":false},"excerpt":{"rendered":"<p>Politechnika Bia\u0142ostocka Wiejska 45A, 15-351 Bia\u0142ystok og\u0142asza przetarg pisemny nieograniczony na sprzeda\u017c prawa w\u0142a\u015bno\u015bci nieruchomo\u015bci gruntowej niezabudowanej, po\u0142o\u017conej w Bia\u0142ymstoku przy ulicy Czystej 11. Formularz ofertowy Mapa za\u0142. nr 1 Og\u0142oszenie o przetargu Regulamin za\u0142. nr 3 WYNIK PRZETARGU<\/p>\n","protected":false},"author":1,"featured_media":9801,"parent":0,"menu_order":0,"comment_status":"closed","ping_status":"closed","template":"","meta":{"footnotes":""},"class_list":["post-9794","page","type-page","status-publish","has-post-thumbnail","hentry"],"publishpress_future_action":{"enabled":false,"date":"2026-04-21 22:41:13","action":"change-status","newStatus":"draft","terms":[],"taxonomy":"","extraData":[]},"publishpress_future_workflow_manual_trigger":{"enabledWorkflows":[]},"_links":{"self":[{"href":"https:\/\/zsdpb.edu.pl\/index.php\/wp-json\/wp\/v2\/pages\/9794","targetHints":{"allow":["GET"]}}],"collection":[{"href":"https:\/\/zsdpb.edu.pl\/index.php\/wp-json\/wp\/v2\/pages"}],"about":[{"href":"https:\/\/zsdpb.edu.pl\/index.php\/wp-json\/wp\/v2\/types\/page"}],"author":[{"embeddable":true,"href":"https:\/\/zsdpb.edu.pl\/index.php\/wp-json\/wp\/v2\/users\/1"}],"replies":[{"embeddable":true,"href":"https:\/\/zsdpb.edu.pl\/index.php\/wp-json\/wp\/v2\/comments?post=9794"}],"version-history":[{"count":15,"href":"https:\/\/zsdpb.edu.pl\/index.php\/wp-json\/wp\/v2\/pages\/9794\/revisions"}],"predecessor-version":[{"id":11279,"href":"https:\/\/zsdpb.edu.pl\/index.php\/wp-json\/wp\/v2\/pages\/9794\/revisions\/11279"}],"wp:featuredmedia":[{"embeddable":true,"href":"https:\/\/zsdpb.edu.pl\/index.php\/wp-json\/wp\/v2\/media\/9801"}],"wp:attachment":[{"href":"https:\/\/zsdpb.edu.pl\/index.php\/wp-json\/wp\/v2\/media?parent=9794"}],"curies":[{"name":"wp","href":"https:\/\/api.w.org\/{rel}","templated":true}]}}