{"id":10273,"date":"2020-08-04T08:41:50","date_gmt":"2020-08-04T06:41:50","guid":{"rendered":"https:\/\/zsdpb.edu.pl\/?post_type=product&#038;p=10273"},"modified":"2020-09-16T13:37:50","modified_gmt":"2020-09-16T11:37:50","slug":"drukarka-hp-lj-5l-63-2020-6","status":"publish","type":"product","link":"https:\/\/zsdpb.edu.pl\/index.php\/produkt\/drukarka-hp-lj-5l-63-2020-6\/","title":{"rendered":"DRUKARKA HP LJ 5L (63\/2020\/6)"},"content":{"rendered":"<ul>\n<li><span style=\"color: #000000;font-family: georgia,palatino,serif;font-size: 12pt\">Drukarka HP LJ 5L wyprodukowana w 1997 r.<\/span><\/li>\n<li><span style=\"color: #000000;font-family: georgia,palatino,serif;font-size: 12pt\">Sprawna \u2013 brak sterownik\u00f3w do wspieranych system\u00f3w Windows; brak przewodu zasilaj\u0105cego; przestarza\u0142y model.<\/span>\n<p style=\"text-align: center\">\n<p>&nbsp;<\/p>\n<p>&nbsp;<\/p>\n<p>&nbsp;<\/p>\n<p>&nbsp;<\/p>\n<p>&nbsp;<\/li>\n<\/ul>\n","protected":false},"excerpt":{"rendered":"<p>Drukarka HP LJ 5L wyprodukowana w 1997 r. Sprawna \u2013 brak sterownik\u00f3w do wspieranych system\u00f3w Windows; brak przewodu zasilaj\u0105cego; przestarza\u0142y model. &nbsp; &nbsp; &nbsp; &nbsp; &nbsp;<\/p>\n","protected":false},"featured_media":10274,"comment_status":"closed","ping_status":"closed","template":"","meta":[],"product_brand":[],"product_cat":[40],"product_tag":[],"class_list":{"0":"post-10273","1":"product","2":"type-product","3":"status-publish","4":"has-post-thumbnail","6":"product_cat-sprzedaz","8":"first","9":"instock","10":"sold-individually","11":"shipping-taxable","12":"product-type-auction"},"publishpress_future_action":{"enabled":false,"date":"2026-05-04 13:40:13","action":"change-status","newStatus":"draft","terms":[],"taxonomy":"product_cat","extraData":[]},"publishpress_future_workflow_manual_trigger":{"enabledWorkflows":[]},"_links":{"self":[{"href":"https:\/\/zsdpb.edu.pl\/index.php\/wp-json\/wp\/v2\/product\/10273","targetHints":{"allow":["GET"]}}],"collection":[{"href":"https:\/\/zsdpb.edu.pl\/index.php\/wp-json\/wp\/v2\/product"}],"about":[{"href":"https:\/\/zsdpb.edu.pl\/index.php\/wp-json\/wp\/v2\/types\/product"}],"replies":[{"embeddable":true,"href":"https:\/\/zsdpb.edu.pl\/index.php\/wp-json\/wp\/v2\/comments?post=10273"}],"wp:featuredmedia":[{"embeddable":true,"href":"https:\/\/zsdpb.edu.pl\/index.php\/wp-json\/wp\/v2\/media\/10274"}],"wp:attachment":[{"href":"https:\/\/zsdpb.edu.pl\/index.php\/wp-json\/wp\/v2\/media?parent=10273"}],"wp:term":[{"taxonomy":"product_brand","embeddable":true,"href":"https:\/\/zsdpb.edu.pl\/index.php\/wp-json\/wp\/v2\/product_brand?post=10273"},{"taxonomy":"product_cat","embeddable":true,"href":"https:\/\/zsdpb.edu.pl\/index.php\/wp-json\/wp\/v2\/product_cat?post=10273"},{"taxonomy":"product_tag","embeddable":true,"href":"https:\/\/zsdpb.edu.pl\/index.php\/wp-json\/wp\/v2\/product_tag?post=10273"}],"curies":[{"name":"wp","href":"https:\/\/api.w.org\/{rel}","templated":true}]}}