{"id":10295,"date":"2020-08-04T11:54:57","date_gmt":"2020-08-04T09:54:57","guid":{"rendered":"https:\/\/zsdpb.edu.pl\/?post_type=product&#038;p=10295"},"modified":"2020-09-16T13:50:58","modified_gmt":"2020-09-16T11:50:58","slug":"aparat-fotograficzny-samsung-63-2020-11","status":"publish","type":"product","link":"https:\/\/zsdpb.edu.pl\/index.php\/produkt\/aparat-fotograficzny-samsung-63-2020-11\/","title":{"rendered":"APARAT FOTOGRAFICZNY SAMSUNG (63\/2020\/11)"},"content":{"rendered":"<ul>\n<li><span style=\"color: #000000;font-family: georgia, palatino, serif;font-size: 12pt\">Aparat fotograficzny SAMSUNG wyprodukowany w 2002 r.<\/span><\/li>\n<li><span style=\"color: #000000;font-family: georgia, palatino, serif;font-size: 12pt\">Sprawny \u2013 przestarza\u0142y model.<\/span><\/li>\n<li><span style=\"color: #000000;font-family: georgia, palatino, serif;font-size: 12pt\">W komplecie etui, kabel S-VIDEO oraz zasilacz sieciowy impulsowy stabilizowany TATAR.<\/span><\/li>\n<li><span style=\"color: #000000;font-family: georgia, palatino, serif;font-size: 12pt\">Parametry w momencie zakupu: CYFROWY SAMSUNG DIGIMAX 350SE, NR FABR: 12208656.<\/span><\/li>\n<li><span style=\"font-family: georgia, palatino, serif;font-size: 12pt;color: #000000\">Sprz\u0119t pozbawiony no\u015bnik\u00f3w magnetycznych.<\/span><\/li>\n<\/ul>\n","protected":false},"excerpt":{"rendered":"<p>Aparat fotograficzny SAMSUNG wyprodukowany w 2002 r. Sprawny \u2013 przestarza\u0142y model. W komplecie etui, kabel S-VIDEO oraz zasilacz sieciowy impulsowy stabilizowany TATAR. Parametry w momencie zakupu: CYFROWY SAMSUNG DIGIMAX 350SE, NR FABR: 12208656. Sprz\u0119t pozbawiony no\u015bnik\u00f3w magnetycznych.<\/p>\n","protected":false},"featured_media":10296,"comment_status":"closed","ping_status":"closed","template":"","meta":[],"product_brand":[],"product_cat":[40],"product_tag":[],"class_list":{"0":"post-10295","1":"product","2":"type-product","3":"status-publish","4":"has-post-thumbnail","6":"product_cat-sprzedaz","8":"first","9":"instock","10":"sold-individually","11":"shipping-taxable","12":"product-type-auction"},"publishpress_future_action":{"enabled":false,"date":"2026-05-11 06:58:49","action":"change-status","newStatus":"draft","terms":[],"taxonomy":"product_cat","extraData":[]},"publishpress_future_workflow_manual_trigger":{"enabledWorkflows":[]},"_links":{"self":[{"href":"https:\/\/zsdpb.edu.pl\/index.php\/wp-json\/wp\/v2\/product\/10295","targetHints":{"allow":["GET"]}}],"collection":[{"href":"https:\/\/zsdpb.edu.pl\/index.php\/wp-json\/wp\/v2\/product"}],"about":[{"href":"https:\/\/zsdpb.edu.pl\/index.php\/wp-json\/wp\/v2\/types\/product"}],"replies":[{"embeddable":true,"href":"https:\/\/zsdpb.edu.pl\/index.php\/wp-json\/wp\/v2\/comments?post=10295"}],"wp:featuredmedia":[{"embeddable":true,"href":"https:\/\/zsdpb.edu.pl\/index.php\/wp-json\/wp\/v2\/media\/10296"}],"wp:attachment":[{"href":"https:\/\/zsdpb.edu.pl\/index.php\/wp-json\/wp\/v2\/media?parent=10295"}],"wp:term":[{"taxonomy":"product_brand","embeddable":true,"href":"https:\/\/zsdpb.edu.pl\/index.php\/wp-json\/wp\/v2\/product_brand?post=10295"},{"taxonomy":"product_cat","embeddable":true,"href":"https:\/\/zsdpb.edu.pl\/index.php\/wp-json\/wp\/v2\/product_cat?post=10295"},{"taxonomy":"product_tag","embeddable":true,"href":"https:\/\/zsdpb.edu.pl\/index.php\/wp-json\/wp\/v2\/product_tag?post=10295"}],"curies":[{"name":"wp","href":"https:\/\/api.w.org\/{rel}","templated":true}]}}