{"id":10634,"date":"2021-02-25T14:46:50","date_gmt":"2021-02-25T13:46:50","guid":{"rendered":"https:\/\/zsdpb.edu.pl\/?post_type=product&#038;p=10634"},"modified":"2021-04-02T09:07:35","modified_gmt":"2021-04-02T07:07:35","slug":"komputer-dell-op-330-mt-11-2021-3","status":"publish","type":"product","link":"https:\/\/zsdpb.edu.pl\/index.php\/produkt\/komputer-dell-op-330-mt-11-2021-3\/","title":{"rendered":"KOMPUTER DELL OP 330 MT 11\/2021\/3"},"content":{"rendered":"<ul>\n<li>Komputer Dell Optiplex 330 MT wyprodukowany w 2008 roku.<\/li>\n<li>Parametry w momencie zakupu: KOMPUTER DELL OPTIPLEX 330MT C2D E7200.<\/li>\n<li>Brak mo\u017cliwo\u015bci zweryfikowania stanu technicznego komputera.<\/li>\n<li>Sprz\u0119t pozbawiony no\u015bnik\u00f3w magnetycznych.<\/li>\n<\/ul>\n","protected":false},"excerpt":{"rendered":"<p>Komputer Dell Optiplex 330 MT wyprodukowany w 2008 roku. Parametry w momencie zakupu: KOMPUTER DELL OPTIPLEX 330MT C2D E7200. Brak mo\u017cliwo\u015bci zweryfikowania stanu technicznego komputera. Sprz\u0119t pozbawiony no\u015bnik\u00f3w magnetycznych.<\/p>\n","protected":false},"featured_media":10635,"comment_status":"closed","ping_status":"closed","template":"","meta":[],"product_brand":[],"product_cat":[40],"product_tag":[],"class_list":{"0":"post-10634","1":"product","2":"type-product","3":"status-publish","4":"has-post-thumbnail","6":"product_cat-sprzedaz","8":"first","9":"outofstock","10":"sold-individually","11":"shipping-taxable","12":"product-type-auction"},"publishpress_future_action":{"enabled":false,"date":"2026-05-04 02:54:49","action":"change-status","newStatus":"draft","terms":[],"taxonomy":"product_cat","extraData":[]},"publishpress_future_workflow_manual_trigger":{"enabledWorkflows":[]},"_links":{"self":[{"href":"https:\/\/zsdpb.edu.pl\/index.php\/wp-json\/wp\/v2\/product\/10634","targetHints":{"allow":["GET"]}}],"collection":[{"href":"https:\/\/zsdpb.edu.pl\/index.php\/wp-json\/wp\/v2\/product"}],"about":[{"href":"https:\/\/zsdpb.edu.pl\/index.php\/wp-json\/wp\/v2\/types\/product"}],"replies":[{"embeddable":true,"href":"https:\/\/zsdpb.edu.pl\/index.php\/wp-json\/wp\/v2\/comments?post=10634"}],"wp:featuredmedia":[{"embeddable":true,"href":"https:\/\/zsdpb.edu.pl\/index.php\/wp-json\/wp\/v2\/media\/10635"}],"wp:attachment":[{"href":"https:\/\/zsdpb.edu.pl\/index.php\/wp-json\/wp\/v2\/media?parent=10634"}],"wp:term":[{"taxonomy":"product_brand","embeddable":true,"href":"https:\/\/zsdpb.edu.pl\/index.php\/wp-json\/wp\/v2\/product_brand?post=10634"},{"taxonomy":"product_cat","embeddable":true,"href":"https:\/\/zsdpb.edu.pl\/index.php\/wp-json\/wp\/v2\/product_cat?post=10634"},{"taxonomy":"product_tag","embeddable":true,"href":"https:\/\/zsdpb.edu.pl\/index.php\/wp-json\/wp\/v2\/product_tag?post=10634"}],"curies":[{"name":"wp","href":"https:\/\/api.w.org\/{rel}","templated":true}]}}