{"id":10644,"date":"2021-02-25T15:06:36","date_gmt":"2021-02-25T14:06:36","guid":{"rendered":"https:\/\/zsdpb.edu.pl\/?post_type=product&#038;p=10644"},"modified":"2021-04-02T11:40:51","modified_gmt":"2021-04-02T09:40:51","slug":"notebook-asus-eec-pc-1201-t-11-2021-12","status":"publish","type":"product","link":"https:\/\/zsdpb.edu.pl\/index.php\/produkt\/notebook-asus-eec-pc-1201-t-11-2021-12\/","title":{"rendered":"NOTEBOOK ASUS EEC PC 1201 T 11\/2021\/12"},"content":{"rendered":"<ul>\n<li>NOTEBOOK ASUS EEC PC 1201 T wyprodukowany w 2010 roku.<\/li>\n<li>Z powodu braku zasilacza brak mo\u017cliwo\u015bci sprawdzenia stanu urz\u0105dzenia.<\/li>\n<li>Sprz\u0119t pozbawiony no\u015bnik\u00f3w magnetycznych.<\/li>\n<\/ul>\n","protected":false},"excerpt":{"rendered":"<p>NOTEBOOK ASUS EEC PC 1201 T wyprodukowany w 2010 roku. Z powodu braku zasilacza brak mo\u017cliwo\u015bci sprawdzenia stanu urz\u0105dzenia. Sprz\u0119t pozbawiony no\u015bnik\u00f3w magnetycznych.<\/p>\n","protected":false},"featured_media":10645,"comment_status":"closed","ping_status":"closed","template":"","meta":[],"product_brand":[],"product_cat":[40],"product_tag":[],"class_list":{"0":"post-10644","1":"product","2":"type-product","3":"status-publish","4":"has-post-thumbnail","6":"product_cat-sprzedaz","8":"first","9":"outofstock","10":"sold-individually","11":"shipping-taxable","12":"product-type-auction"},"publishpress_future_action":{"enabled":false,"date":"2026-04-13 03:41:44","action":"change-status","newStatus":"draft","terms":[],"taxonomy":"product_cat","extraData":[]},"publishpress_future_workflow_manual_trigger":{"enabledWorkflows":[]},"_links":{"self":[{"href":"https:\/\/zsdpb.edu.pl\/index.php\/wp-json\/wp\/v2\/product\/10644","targetHints":{"allow":["GET"]}}],"collection":[{"href":"https:\/\/zsdpb.edu.pl\/index.php\/wp-json\/wp\/v2\/product"}],"about":[{"href":"https:\/\/zsdpb.edu.pl\/index.php\/wp-json\/wp\/v2\/types\/product"}],"replies":[{"embeddable":true,"href":"https:\/\/zsdpb.edu.pl\/index.php\/wp-json\/wp\/v2\/comments?post=10644"}],"wp:featuredmedia":[{"embeddable":true,"href":"https:\/\/zsdpb.edu.pl\/index.php\/wp-json\/wp\/v2\/media\/10645"}],"wp:attachment":[{"href":"https:\/\/zsdpb.edu.pl\/index.php\/wp-json\/wp\/v2\/media?parent=10644"}],"wp:term":[{"taxonomy":"product_brand","embeddable":true,"href":"https:\/\/zsdpb.edu.pl\/index.php\/wp-json\/wp\/v2\/product_brand?post=10644"},{"taxonomy":"product_cat","embeddable":true,"href":"https:\/\/zsdpb.edu.pl\/index.php\/wp-json\/wp\/v2\/product_cat?post=10644"},{"taxonomy":"product_tag","embeddable":true,"href":"https:\/\/zsdpb.edu.pl\/index.php\/wp-json\/wp\/v2\/product_tag?post=10644"}],"curies":[{"name":"wp","href":"https:\/\/api.w.org\/{rel}","templated":true}]}}