{"id":10652,"date":"2021-02-25T15:14:12","date_gmt":"2021-02-25T14:14:12","guid":{"rendered":"https:\/\/zsdpb.edu.pl\/?post_type=product&#038;p=10652"},"modified":"2021-03-28T23:34:20","modified_gmt":"2021-03-28T21:34:20","slug":"notebook-dell-vostro-1520-11-2021-18","status":"publish","type":"product","link":"https:\/\/zsdpb.edu.pl\/index.php\/produkt\/notebook-dell-vostro-1520-11-2021-18\/","title":{"rendered":"NOTEBOOK DELL VOSTRO 1520 11\/2021\/18"},"content":{"rendered":"<ul>\n<li>NOTEBOOK DELL VOSTRO 1520 15,4\u201d wyprodukowany w 2010 roku.<\/li>\n<li>Parametry w momencie zakupu: NOTEBOOK DELL VOSTRO 1520 15,4&#8243; WXGA LED T6670,3\/320GB 7200 1,3MP GF9300 BT WIN7PRO\/XP 3YNBD, NR: FVGT4L1 + MS OFFICE 2007,SNGL OLP NL AE + TORBA 15,4&#8243;.<\/li>\n<li>Sprawny.<\/li>\n<li>W zestawie z torb\u0105 i zasilaczem.<\/li>\n<li>Sprz\u0119t pozbawiony no\u015bnik\u00f3w magnetycznych.<\/li>\n<\/ul>\n","protected":false},"excerpt":{"rendered":"<p>NOTEBOOK DELL VOSTRO 1520 15,4\u201d wyprodukowany w 2010 roku. Parametry w momencie zakupu: NOTEBOOK DELL VOSTRO 1520 15,4&#8243; WXGA LED T6670,3\/320GB 7200 1,3MP GF9300 BT WIN7PRO\/XP 3YNBD, NR: FVGT4L1 + MS OFFICE 2007,SNGL OLP NL AE + TORBA 15,4&#8243;. Sprawny. W zestawie z torb\u0105 i zasilaczem. Sprz\u0119t pozbawiony no\u015bnik\u00f3w magnetycznych.<\/p>\n","protected":false},"featured_media":10654,"comment_status":"closed","ping_status":"closed","template":"","meta":[],"product_brand":[],"product_cat":[40],"product_tag":[],"class_list":{"0":"post-10652","1":"product","2":"type-product","3":"status-publish","4":"has-post-thumbnail","6":"product_cat-sprzedaz","8":"first","9":"outofstock","10":"sold-individually","11":"shipping-taxable","12":"product-type-auction"},"publishpress_future_action":{"enabled":false,"date":"2026-04-15 21:21:22","action":"change-status","newStatus":"draft","terms":[],"taxonomy":"product_cat","extraData":[]},"publishpress_future_workflow_manual_trigger":{"enabledWorkflows":[]},"_links":{"self":[{"href":"https:\/\/zsdpb.edu.pl\/index.php\/wp-json\/wp\/v2\/product\/10652","targetHints":{"allow":["GET"]}}],"collection":[{"href":"https:\/\/zsdpb.edu.pl\/index.php\/wp-json\/wp\/v2\/product"}],"about":[{"href":"https:\/\/zsdpb.edu.pl\/index.php\/wp-json\/wp\/v2\/types\/product"}],"replies":[{"embeddable":true,"href":"https:\/\/zsdpb.edu.pl\/index.php\/wp-json\/wp\/v2\/comments?post=10652"}],"wp:featuredmedia":[{"embeddable":true,"href":"https:\/\/zsdpb.edu.pl\/index.php\/wp-json\/wp\/v2\/media\/10654"}],"wp:attachment":[{"href":"https:\/\/zsdpb.edu.pl\/index.php\/wp-json\/wp\/v2\/media?parent=10652"}],"wp:term":[{"taxonomy":"product_brand","embeddable":true,"href":"https:\/\/zsdpb.edu.pl\/index.php\/wp-json\/wp\/v2\/product_brand?post=10652"},{"taxonomy":"product_cat","embeddable":true,"href":"https:\/\/zsdpb.edu.pl\/index.php\/wp-json\/wp\/v2\/product_cat?post=10652"},{"taxonomy":"product_tag","embeddable":true,"href":"https:\/\/zsdpb.edu.pl\/index.php\/wp-json\/wp\/v2\/product_tag?post=10652"}],"curies":[{"name":"wp","href":"https:\/\/api.w.org\/{rel}","templated":true}]}}