{"id":10804,"date":"2021-04-08T10:58:43","date_gmt":"2021-04-08T08:58:43","guid":{"rendered":"https:\/\/zsdpb.edu.pl\/?post_type=product&#038;p=10804"},"modified":"2021-04-23T12:17:30","modified_gmt":"2021-04-23T10:17:30","slug":"biurko-22-2021-24","status":"publish","type":"product","link":"https:\/\/zsdpb.edu.pl\/index.php\/produkt\/biurko-22-2021-24\/","title":{"rendered":"BIURKO 22\/2021\/24"},"content":{"rendered":"<ul>\n<li>Biurko przyj\u0119te na ewidencj\u0119 w 1989r.<\/li>\n<li>W bardzo dobrym stanie, nadaje si\u0119 do dalszego u\u017cytku.<\/li>\n<\/ul>\n","protected":false},"excerpt":{"rendered":"<p>Biurko przyj\u0119te na ewidencj\u0119 w 1989r. W bardzo dobrym stanie, nadaje si\u0119 do dalszego u\u017cytku.<\/p>\n","protected":false},"featured_media":10805,"comment_status":"closed","ping_status":"closed","template":"","meta":[],"product_brand":[],"product_cat":[40],"product_tag":[],"class_list":{"0":"post-10804","1":"product","2":"type-product","3":"status-publish","4":"has-post-thumbnail","6":"product_cat-sprzedaz","8":"first","9":"instock","10":"sold-individually","11":"shipping-taxable","12":"product-type-auction"},"publishpress_future_action":{"enabled":false,"date":"2026-04-15 06:17:48","action":"change-status","newStatus":"draft","terms":[],"taxonomy":"product_cat","extraData":[]},"publishpress_future_workflow_manual_trigger":{"enabledWorkflows":[]},"_links":{"self":[{"href":"https:\/\/zsdpb.edu.pl\/index.php\/wp-json\/wp\/v2\/product\/10804","targetHints":{"allow":["GET"]}}],"collection":[{"href":"https:\/\/zsdpb.edu.pl\/index.php\/wp-json\/wp\/v2\/product"}],"about":[{"href":"https:\/\/zsdpb.edu.pl\/index.php\/wp-json\/wp\/v2\/types\/product"}],"replies":[{"embeddable":true,"href":"https:\/\/zsdpb.edu.pl\/index.php\/wp-json\/wp\/v2\/comments?post=10804"}],"wp:featuredmedia":[{"embeddable":true,"href":"https:\/\/zsdpb.edu.pl\/index.php\/wp-json\/wp\/v2\/media\/10805"}],"wp:attachment":[{"href":"https:\/\/zsdpb.edu.pl\/index.php\/wp-json\/wp\/v2\/media?parent=10804"}],"wp:term":[{"taxonomy":"product_brand","embeddable":true,"href":"https:\/\/zsdpb.edu.pl\/index.php\/wp-json\/wp\/v2\/product_brand?post=10804"},{"taxonomy":"product_cat","embeddable":true,"href":"https:\/\/zsdpb.edu.pl\/index.php\/wp-json\/wp\/v2\/product_cat?post=10804"},{"taxonomy":"product_tag","embeddable":true,"href":"https:\/\/zsdpb.edu.pl\/index.php\/wp-json\/wp\/v2\/product_tag?post=10804"}],"curies":[{"name":"wp","href":"https:\/\/api.w.org\/{rel}","templated":true}]}}