{"id":10807,"date":"2021-04-08T11:01:30","date_gmt":"2021-04-08T09:01:30","guid":{"rendered":"https:\/\/zsdpb.edu.pl\/?post_type=product&#038;p=10807"},"modified":"2021-05-10T15:40:23","modified_gmt":"2021-05-10T13:40:23","slug":"stolik-pod-sprzet-audiowizualny-22-2021-39","status":"publish","type":"product","link":"https:\/\/zsdpb.edu.pl\/index.php\/produkt\/stolik-pod-sprzet-audiowizualny-22-2021-39\/","title":{"rendered":"STOLIK POD SPRZ\u0118T AUDIOWIZUALNY 22\/2021\/39"},"content":{"rendered":"<ul>\n<li>Stolik pod sprz\u0119t audiowizualny przyj\u0119ty na ewidencj\u0119 w 2001r.<\/li>\n<li>Sprawny, nadaje si\u0119 do u\u017cytku.<\/li>\n<\/ul>\n","protected":false},"excerpt":{"rendered":"<p>Stolik pod sprz\u0119t audiowizualny przyj\u0119ty na ewidencj\u0119 w 2001r. Sprawny, nadaje si\u0119 do u\u017cytku.<\/p>\n","protected":false},"featured_media":10808,"comment_status":"closed","ping_status":"closed","template":"","meta":[],"product_brand":[],"product_cat":[40],"product_tag":[],"class_list":{"0":"post-10807","1":"product","2":"type-product","3":"status-publish","4":"has-post-thumbnail","6":"product_cat-sprzedaz","8":"first","9":"outofstock","10":"sold-individually","11":"shipping-taxable","12":"product-type-auction"},"publishpress_future_action":{"enabled":false,"date":"2026-05-03 23:17:39","action":"change-status","newStatus":"draft","terms":[],"taxonomy":"product_cat","extraData":[]},"publishpress_future_workflow_manual_trigger":{"enabledWorkflows":[]},"_links":{"self":[{"href":"https:\/\/zsdpb.edu.pl\/index.php\/wp-json\/wp\/v2\/product\/10807","targetHints":{"allow":["GET"]}}],"collection":[{"href":"https:\/\/zsdpb.edu.pl\/index.php\/wp-json\/wp\/v2\/product"}],"about":[{"href":"https:\/\/zsdpb.edu.pl\/index.php\/wp-json\/wp\/v2\/types\/product"}],"replies":[{"embeddable":true,"href":"https:\/\/zsdpb.edu.pl\/index.php\/wp-json\/wp\/v2\/comments?post=10807"}],"wp:featuredmedia":[{"embeddable":true,"href":"https:\/\/zsdpb.edu.pl\/index.php\/wp-json\/wp\/v2\/media\/10808"}],"wp:attachment":[{"href":"https:\/\/zsdpb.edu.pl\/index.php\/wp-json\/wp\/v2\/media?parent=10807"}],"wp:term":[{"taxonomy":"product_brand","embeddable":true,"href":"https:\/\/zsdpb.edu.pl\/index.php\/wp-json\/wp\/v2\/product_brand?post=10807"},{"taxonomy":"product_cat","embeddable":true,"href":"https:\/\/zsdpb.edu.pl\/index.php\/wp-json\/wp\/v2\/product_cat?post=10807"},{"taxonomy":"product_tag","embeddable":true,"href":"https:\/\/zsdpb.edu.pl\/index.php\/wp-json\/wp\/v2\/product_tag?post=10807"}],"curies":[{"name":"wp","href":"https:\/\/api.w.org\/{rel}","templated":true}]}}