{"id":10809,"date":"2021-04-08T11:04:02","date_gmt":"2021-04-08T09:04:02","guid":{"rendered":"https:\/\/zsdpb.edu.pl\/?post_type=product&#038;p=10809"},"modified":"2021-04-23T12:20:24","modified_gmt":"2021-04-23T10:20:24","slug":"stolik-pod-telefon-22-2021-40","status":"publish","type":"product","link":"https:\/\/zsdpb.edu.pl\/index.php\/produkt\/stolik-pod-telefon-22-2021-40\/","title":{"rendered":"STOLIK  POD TELEFON 22\/2021\/40"},"content":{"rendered":"<ul>\n<li>Stolik pod telefon przyj\u0119ty na ewidencj\u0119 w 1991r.<\/li>\n<li>Sprawny nadaje si\u0119 do u\u017cytku.<\/li>\n<\/ul>\n","protected":false},"excerpt":{"rendered":"<p>Stolik pod telefon przyj\u0119ty na ewidencj\u0119 w 1991r. Sprawny nadaje si\u0119 do u\u017cytku.<\/p>\n","protected":false},"featured_media":10810,"comment_status":"closed","ping_status":"closed","template":"","meta":[],"product_brand":[],"product_cat":[40],"product_tag":[],"class_list":{"0":"post-10809","1":"product","2":"type-product","3":"status-publish","4":"has-post-thumbnail","6":"product_cat-sprzedaz","8":"first","9":"instock","10":"sold-individually","11":"shipping-taxable","12":"product-type-auction"},"publishpress_future_action":{"enabled":false,"date":"2026-04-26 12:24:04","action":"change-status","newStatus":"draft","terms":[],"taxonomy":"product_cat","extraData":[]},"publishpress_future_workflow_manual_trigger":{"enabledWorkflows":[]},"_links":{"self":[{"href":"https:\/\/zsdpb.edu.pl\/index.php\/wp-json\/wp\/v2\/product\/10809","targetHints":{"allow":["GET"]}}],"collection":[{"href":"https:\/\/zsdpb.edu.pl\/index.php\/wp-json\/wp\/v2\/product"}],"about":[{"href":"https:\/\/zsdpb.edu.pl\/index.php\/wp-json\/wp\/v2\/types\/product"}],"replies":[{"embeddable":true,"href":"https:\/\/zsdpb.edu.pl\/index.php\/wp-json\/wp\/v2\/comments?post=10809"}],"wp:featuredmedia":[{"embeddable":true,"href":"https:\/\/zsdpb.edu.pl\/index.php\/wp-json\/wp\/v2\/media\/10810"}],"wp:attachment":[{"href":"https:\/\/zsdpb.edu.pl\/index.php\/wp-json\/wp\/v2\/media?parent=10809"}],"wp:term":[{"taxonomy":"product_brand","embeddable":true,"href":"https:\/\/zsdpb.edu.pl\/index.php\/wp-json\/wp\/v2\/product_brand?post=10809"},{"taxonomy":"product_cat","embeddable":true,"href":"https:\/\/zsdpb.edu.pl\/index.php\/wp-json\/wp\/v2\/product_cat?post=10809"},{"taxonomy":"product_tag","embeddable":true,"href":"https:\/\/zsdpb.edu.pl\/index.php\/wp-json\/wp\/v2\/product_tag?post=10809"}],"curies":[{"name":"wp","href":"https:\/\/api.w.org\/{rel}","templated":true}]}}