{"id":10830,"date":"2021-04-22T14:17:32","date_gmt":"2021-04-22T12:17:32","guid":{"rendered":"https:\/\/zsdpb.edu.pl\/?post_type=product&#038;p=10830"},"modified":"2021-05-23T14:06:18","modified_gmt":"2021-05-23T12:06:18","slug":"notebook-toshiba-satellite-31-2021-4","status":"publish","type":"product","link":"https:\/\/zsdpb.edu.pl\/index.php\/produkt\/notebook-toshiba-satellite-31-2021-4\/","title":{"rendered":"NOTEBOOK TOSHIBA SATELLITE 31\/2021\/4"},"content":{"rendered":"<ul>\n<li>Notebook TOSHIBA SATELLITE L500-214 15,6\u201d wyprodukowany w 2010 roku.<\/li>\n<li>Komputer nie uruchamia si\u0119, obudowa wizualnie w stanie dobrym (normalne \u015blady u\u017cytkowania), brak przycisku F3. W zestawie z zasilaczem i torb\u0105.<\/li>\n<li>Parametry w momencie zakupu: NOTEBOOK TOSHIBA SATELITE L500-214 15,6&#8243;\/I3-330M\/, 4\/ 3204ATI5145\/ BT\/7HP\/ TORBA.<\/li>\n<li>Komputer pozbawiony no\u015bnik\u00f3w magnetycznych i licencji.<\/li>\n<\/ul>\n","protected":false},"excerpt":{"rendered":"<p>Notebook TOSHIBA SATELLITE L500-214 15,6\u201d wyprodukowany w 2010 roku. Komputer nie uruchamia si\u0119, obudowa wizualnie w stanie dobrym (normalne \u015blady u\u017cytkowania), brak przycisku F3. W zestawie z zasilaczem i torb\u0105. Parametry w momencie zakupu: NOTEBOOK TOSHIBA SATELITE L500-214 15,6&#8243;\/I3-330M\/, 4\/ 3204ATI5145\/ BT\/7HP\/ TORBA. Komputer pozbawiony no\u015bnik\u00f3w magnetycznych i licencji.<\/p>\n","protected":false},"featured_media":10831,"comment_status":"closed","ping_status":"closed","template":"","meta":[],"product_brand":[],"product_cat":[40],"product_tag":[],"class_list":{"0":"post-10830","1":"product","2":"type-product","3":"status-publish","4":"has-post-thumbnail","6":"product_cat-sprzedaz","8":"first","9":"outofstock","10":"sold-individually","11":"shipping-taxable","12":"product-type-auction"},"publishpress_future_action":{"enabled":false,"date":"2026-05-13 07:24:57","action":"change-status","newStatus":"draft","terms":[],"taxonomy":"product_cat","extraData":[]},"publishpress_future_workflow_manual_trigger":{"enabledWorkflows":[]},"_links":{"self":[{"href":"https:\/\/zsdpb.edu.pl\/index.php\/wp-json\/wp\/v2\/product\/10830","targetHints":{"allow":["GET"]}}],"collection":[{"href":"https:\/\/zsdpb.edu.pl\/index.php\/wp-json\/wp\/v2\/product"}],"about":[{"href":"https:\/\/zsdpb.edu.pl\/index.php\/wp-json\/wp\/v2\/types\/product"}],"replies":[{"embeddable":true,"href":"https:\/\/zsdpb.edu.pl\/index.php\/wp-json\/wp\/v2\/comments?post=10830"}],"wp:featuredmedia":[{"embeddable":true,"href":"https:\/\/zsdpb.edu.pl\/index.php\/wp-json\/wp\/v2\/media\/10831"}],"wp:attachment":[{"href":"https:\/\/zsdpb.edu.pl\/index.php\/wp-json\/wp\/v2\/media?parent=10830"}],"wp:term":[{"taxonomy":"product_brand","embeddable":true,"href":"https:\/\/zsdpb.edu.pl\/index.php\/wp-json\/wp\/v2\/product_brand?post=10830"},{"taxonomy":"product_cat","embeddable":true,"href":"https:\/\/zsdpb.edu.pl\/index.php\/wp-json\/wp\/v2\/product_cat?post=10830"},{"taxonomy":"product_tag","embeddable":true,"href":"https:\/\/zsdpb.edu.pl\/index.php\/wp-json\/wp\/v2\/product_tag?post=10830"}],"curies":[{"name":"wp","href":"https:\/\/api.w.org\/{rel}","templated":true}]}}