{"id":11090,"date":"2021-06-07T14:09:01","date_gmt":"2021-06-07T12:09:01","guid":{"rendered":"https:\/\/zsdpb.edu.pl\/?post_type=product&#038;p=11090"},"modified":"2021-06-22T10:19:21","modified_gmt":"2021-06-22T08:19:21","slug":"krzesla-szkolne-48-2021-e3","status":"publish","type":"product","link":"https:\/\/zsdpb.edu.pl\/index.php\/produkt\/krzesla-szkolne-48-2021-e3\/","title":{"rendered":"KRZES\u0141A SZKOLNE (48\/2021\/E3)"},"content":{"rendered":"<ul>\n<li>Komplet 4 sztuk krzese\u0142 szkolnych nadaje si\u0119 do dalszego u\u017cytkowania \u2013 wymagaj\u0105 jedynie drobnych prac konserwatorskich.<br \/>\n&nbsp;<\/p>\n<p>&nbsp;<\/p>\n<p>&nbsp;<\/p>\n<p>&nbsp;<\/p>\n<p>&nbsp;<\/li>\n<\/ul>\n","protected":false},"excerpt":{"rendered":"<p>Komplet 4 sztuk krzese\u0142 szkolnych nadaje si\u0119 do dalszego u\u017cytkowania \u2013 wymagaj\u0105 jedynie drobnych prac konserwatorskich. &nbsp; &nbsp; &nbsp; &nbsp; &nbsp;<\/p>\n","protected":false},"featured_media":10938,"comment_status":"closed","ping_status":"closed","template":"","meta":[],"product_brand":[],"product_cat":[40],"product_tag":[],"class_list":{"0":"post-11090","1":"product","2":"type-product","3":"status-publish","4":"has-post-thumbnail","6":"product_cat-sprzedaz","8":"first","9":"outofstock","10":"sold-individually","11":"shipping-taxable","12":"product-type-auction"},"publishpress_future_action":{"enabled":false,"date":"2026-04-15 02:35:13","action":"change-status","newStatus":"draft","terms":[],"taxonomy":"product_cat","extraData":[]},"publishpress_future_workflow_manual_trigger":{"enabledWorkflows":[]},"_links":{"self":[{"href":"https:\/\/zsdpb.edu.pl\/index.php\/wp-json\/wp\/v2\/product\/11090","targetHints":{"allow":["GET"]}}],"collection":[{"href":"https:\/\/zsdpb.edu.pl\/index.php\/wp-json\/wp\/v2\/product"}],"about":[{"href":"https:\/\/zsdpb.edu.pl\/index.php\/wp-json\/wp\/v2\/types\/product"}],"replies":[{"embeddable":true,"href":"https:\/\/zsdpb.edu.pl\/index.php\/wp-json\/wp\/v2\/comments?post=11090"}],"wp:featuredmedia":[{"embeddable":true,"href":"https:\/\/zsdpb.edu.pl\/index.php\/wp-json\/wp\/v2\/media\/10938"}],"wp:attachment":[{"href":"https:\/\/zsdpb.edu.pl\/index.php\/wp-json\/wp\/v2\/media?parent=11090"}],"wp:term":[{"taxonomy":"product_brand","embeddable":true,"href":"https:\/\/zsdpb.edu.pl\/index.php\/wp-json\/wp\/v2\/product_brand?post=11090"},{"taxonomy":"product_cat","embeddable":true,"href":"https:\/\/zsdpb.edu.pl\/index.php\/wp-json\/wp\/v2\/product_cat?post=11090"},{"taxonomy":"product_tag","embeddable":true,"href":"https:\/\/zsdpb.edu.pl\/index.php\/wp-json\/wp\/v2\/product_tag?post=11090"}],"curies":[{"name":"wp","href":"https:\/\/api.w.org\/{rel}","templated":true}]}}