{"id":11108,"date":"2021-06-11T08:02:16","date_gmt":"2021-06-11T06:02:16","guid":{"rendered":"https:\/\/zsdpb.edu.pl\/?post_type=product&#038;p=11108"},"modified":"2021-11-02T12:43:28","modified_gmt":"2021-11-02T11:43:28","slug":"wzorzec-pomiarowy-45-2021-2","status":"publish","type":"product","link":"https:\/\/zsdpb.edu.pl\/index.php\/produkt\/wzorzec-pomiarowy-45-2021-2\/","title":{"rendered":"WZORZEC POMIAROWY (45\/2021\/2)"},"content":{"rendered":"<ul>\n<li><span style=\"font-family: georgia, palatino, serif;font-size: 12pt;color: #000000\">Wzorzec pomiarowy do kalibracji skanera (69,00 cm x 92,00 cm) wyprodukowany w 2010 r.<\/span><\/li>\n<li><span style=\"font-family: georgia, palatino, serif;font-size: 12pt;color: #000000\">W komplecie kufer transportowy o wymiarach: 104,00 cm x 75,00 cm x 13,00 cm.<\/span><\/li>\n<li><span style=\"font-family: georgia, palatino, serif;font-size: 12pt;color: #000000\">Wzorzec pomiarowy by\u0142 jednym z element\u00f3w specjalistycznego skanera 3D z oprogramowaniem.<\/span><\/li>\n<li><span style=\"font-family: georgia, palatino, serif;font-size: 12pt;color: #000000\">Nadaje si\u0119 do dalszego u\u017cytkowania.<\/span>\n<p style=\"text-align: center\">\n<p>&nbsp;<\/p>\n<p>&nbsp;<\/p>\n<p>&nbsp;<\/p>\n<p>&nbsp;<\/p>\n<p>&nbsp;<\/li>\n<\/ul>\n","protected":false},"excerpt":{"rendered":"<p>Wzorzec pomiarowy do kalibracji skanera (69,00 cm x 92,00 cm) wyprodukowany w 2010 r. W komplecie kufer transportowy o wymiarach: 104,00 cm x 75,00 cm x 13,00 cm. Wzorzec pomiarowy by\u0142 jednym z element\u00f3w specjalistycznego skanera 3D z oprogramowaniem. Nadaje si\u0119 do dalszego u\u017cytkowania. &nbsp; &nbsp; &nbsp; &nbsp; &nbsp;<\/p>\n","protected":false},"featured_media":11109,"comment_status":"closed","ping_status":"closed","template":"","meta":[],"product_brand":[],"product_cat":[40],"product_tag":[],"class_list":{"0":"post-11108","1":"product","2":"type-product","3":"status-publish","4":"has-post-thumbnail","6":"product_cat-sprzedaz","8":"first","9":"instock","10":"sold-individually","11":"shipping-taxable","12":"product-type-auction"},"publishpress_future_action":{"enabled":false,"date":"2026-04-25 22:11:10","action":"change-status","newStatus":"draft","terms":[],"taxonomy":"product_cat","extraData":[]},"publishpress_future_workflow_manual_trigger":{"enabledWorkflows":[]},"_links":{"self":[{"href":"https:\/\/zsdpb.edu.pl\/index.php\/wp-json\/wp\/v2\/product\/11108","targetHints":{"allow":["GET"]}}],"collection":[{"href":"https:\/\/zsdpb.edu.pl\/index.php\/wp-json\/wp\/v2\/product"}],"about":[{"href":"https:\/\/zsdpb.edu.pl\/index.php\/wp-json\/wp\/v2\/types\/product"}],"replies":[{"embeddable":true,"href":"https:\/\/zsdpb.edu.pl\/index.php\/wp-json\/wp\/v2\/comments?post=11108"}],"wp:featuredmedia":[{"embeddable":true,"href":"https:\/\/zsdpb.edu.pl\/index.php\/wp-json\/wp\/v2\/media\/11109"}],"wp:attachment":[{"href":"https:\/\/zsdpb.edu.pl\/index.php\/wp-json\/wp\/v2\/media?parent=11108"}],"wp:term":[{"taxonomy":"product_brand","embeddable":true,"href":"https:\/\/zsdpb.edu.pl\/index.php\/wp-json\/wp\/v2\/product_brand?post=11108"},{"taxonomy":"product_cat","embeddable":true,"href":"https:\/\/zsdpb.edu.pl\/index.php\/wp-json\/wp\/v2\/product_cat?post=11108"},{"taxonomy":"product_tag","embeddable":true,"href":"https:\/\/zsdpb.edu.pl\/index.php\/wp-json\/wp\/v2\/product_tag?post=11108"}],"curies":[{"name":"wp","href":"https:\/\/api.w.org\/{rel}","templated":true}]}}