{"id":11123,"date":"2021-06-11T08:33:47","date_gmt":"2021-06-11T06:33:47","guid":{"rendered":"https:\/\/zsdpb.edu.pl\/?post_type=product&#038;p=11123"},"modified":"2021-11-02T12:49:20","modified_gmt":"2021-11-02T11:49:20","slug":"przyrzad-do-sprawdzania-podzialki-katowej-45-2021-7","status":"publish","type":"product","link":"https:\/\/zsdpb.edu.pl\/index.php\/produkt\/przyrzad-do-sprawdzania-podzialki-katowej-45-2021-7\/","title":{"rendered":"PRZYRZ\u0104D DO SPRAWDZANIA PODZIA\u0141KI K\u0104TOWEJ (45\/2021\/7)"},"content":{"rendered":"<ul>\n<li><span style=\"font-family: georgia, palatino, serif;font-size: 12pt;color: #000000\">Przyrz\u0105d do sprawdzania podzia\u0142ki k\u0105towej wyprodukowany w 1974 r.<\/span><\/li>\n<li><span style=\"font-family: georgia, palatino, serif;font-size: 12pt;color: #000000\">Nadaje si\u0119 do dalszego u\u017cytkowania, cho\u0107 jest przestarza\u0142y, wyeksploatowany.<\/span>\n<p style=\"text-align: center\">\n<p>&nbsp;<\/p>\n<p>&nbsp;<\/p>\n<p>&nbsp;<\/p>\n<p>&nbsp;<\/p>\n<p>&nbsp;<\/li>\n<\/ul>\n","protected":false},"excerpt":{"rendered":"<p>Przyrz\u0105d do sprawdzania podzia\u0142ki k\u0105towej wyprodukowany w 1974 r. Nadaje si\u0119 do dalszego u\u017cytkowania, cho\u0107 jest przestarza\u0142y, wyeksploatowany. &nbsp; &nbsp; &nbsp; &nbsp; &nbsp;<\/p>\n","protected":false},"featured_media":11124,"comment_status":"closed","ping_status":"closed","template":"","meta":[],"product_brand":[],"product_cat":[40],"product_tag":[],"class_list":{"0":"post-11123","1":"product","2":"type-product","3":"status-publish","4":"has-post-thumbnail","6":"product_cat-sprzedaz","8":"first","9":"instock","10":"sold-individually","11":"shipping-taxable","12":"product-type-auction"},"publishpress_future_action":{"enabled":false,"date":"2026-05-07 03:35:30","action":"change-status","newStatus":"draft","terms":[],"taxonomy":"product_cat","extraData":[]},"publishpress_future_workflow_manual_trigger":{"enabledWorkflows":[]},"_links":{"self":[{"href":"https:\/\/zsdpb.edu.pl\/index.php\/wp-json\/wp\/v2\/product\/11123","targetHints":{"allow":["GET"]}}],"collection":[{"href":"https:\/\/zsdpb.edu.pl\/index.php\/wp-json\/wp\/v2\/product"}],"about":[{"href":"https:\/\/zsdpb.edu.pl\/index.php\/wp-json\/wp\/v2\/types\/product"}],"replies":[{"embeddable":true,"href":"https:\/\/zsdpb.edu.pl\/index.php\/wp-json\/wp\/v2\/comments?post=11123"}],"wp:featuredmedia":[{"embeddable":true,"href":"https:\/\/zsdpb.edu.pl\/index.php\/wp-json\/wp\/v2\/media\/11124"}],"wp:attachment":[{"href":"https:\/\/zsdpb.edu.pl\/index.php\/wp-json\/wp\/v2\/media?parent=11123"}],"wp:term":[{"taxonomy":"product_brand","embeddable":true,"href":"https:\/\/zsdpb.edu.pl\/index.php\/wp-json\/wp\/v2\/product_brand?post=11123"},{"taxonomy":"product_cat","embeddable":true,"href":"https:\/\/zsdpb.edu.pl\/index.php\/wp-json\/wp\/v2\/product_cat?post=11123"},{"taxonomy":"product_tag","embeddable":true,"href":"https:\/\/zsdpb.edu.pl\/index.php\/wp-json\/wp\/v2\/product_tag?post=11123"}],"curies":[{"name":"wp","href":"https:\/\/api.w.org\/{rel}","templated":true}]}}