{"id":11164,"date":"2021-06-23T08:20:09","date_gmt":"2021-06-23T06:20:09","guid":{"rendered":"https:\/\/zsdpb.edu.pl\/?post_type=product&#038;p=11164"},"modified":"2021-07-12T09:57:56","modified_gmt":"2021-07-12T07:57:56","slug":"drzwi-pelne-lewe-z-zamkiem-klamka-i-futryna-59-2021-2-1","status":"publish","type":"product","link":"https:\/\/zsdpb.edu.pl\/index.php\/produkt\/drzwi-pelne-lewe-z-zamkiem-klamka-i-futryna-59-2021-2-1\/","title":{"rendered":"DRZWI PE\u0141NE LEWE Z ZAMKIEM, KLAMK\u0104 I FUTRYN\u0104    59\/2021\/2 [1]"},"content":{"rendered":"<ul>\n<li>Drzwi pe\u0142ne drewniane, wewn\u0119trzne, o wymiarach 72 x203 cm z zamkiem, klamk\u0105 i futryn\u0105, zosta\u0142y zdemontowane w O\u015brodku Wypoczynkowym w Ho\u0142nach Mejera.<\/li>\n<li>Dodatkowo s\u0105 listwy do zabudowy glif\u00f3w.<\/li>\n<li>Drzwi nadaj\u0105 si\u0119 do dalszego u\u017cytkowania, stan bardzo dobry.<\/li>\n<\/ul>\n","protected":false},"excerpt":{"rendered":"<p>Drzwi pe\u0142ne drewniane, wewn\u0119trzne, o wymiarach 72 x203 cm z zamkiem, klamk\u0105 i futryn\u0105, zosta\u0142y zdemontowane w O\u015brodku Wypoczynkowym w Ho\u0142nach Mejera. Dodatkowo s\u0105 listwy do zabudowy glif\u00f3w. Drzwi nadaj\u0105 si\u0119 do dalszego u\u017cytkowania, stan bardzo dobry.<\/p>\n","protected":false},"featured_media":11016,"comment_status":"closed","ping_status":"closed","template":"","meta":[],"product_brand":[],"product_cat":[40],"product_tag":[],"class_list":{"0":"post-11164","1":"product","2":"type-product","3":"status-publish","4":"has-post-thumbnail","6":"product_cat-sprzedaz","8":"first","9":"instock","10":"sold-individually","11":"shipping-taxable","12":"product-type-auction"},"publishpress_future_action":{"enabled":false,"date":"2026-04-25 14:57:37","action":"change-status","newStatus":"draft","terms":[],"taxonomy":"product_cat","extraData":[]},"publishpress_future_workflow_manual_trigger":{"enabledWorkflows":[]},"_links":{"self":[{"href":"https:\/\/zsdpb.edu.pl\/index.php\/wp-json\/wp\/v2\/product\/11164","targetHints":{"allow":["GET"]}}],"collection":[{"href":"https:\/\/zsdpb.edu.pl\/index.php\/wp-json\/wp\/v2\/product"}],"about":[{"href":"https:\/\/zsdpb.edu.pl\/index.php\/wp-json\/wp\/v2\/types\/product"}],"replies":[{"embeddable":true,"href":"https:\/\/zsdpb.edu.pl\/index.php\/wp-json\/wp\/v2\/comments?post=11164"}],"wp:featuredmedia":[{"embeddable":true,"href":"https:\/\/zsdpb.edu.pl\/index.php\/wp-json\/wp\/v2\/media\/11016"}],"wp:attachment":[{"href":"https:\/\/zsdpb.edu.pl\/index.php\/wp-json\/wp\/v2\/media?parent=11164"}],"wp:term":[{"taxonomy":"product_brand","embeddable":true,"href":"https:\/\/zsdpb.edu.pl\/index.php\/wp-json\/wp\/v2\/product_brand?post=11164"},{"taxonomy":"product_cat","embeddable":true,"href":"https:\/\/zsdpb.edu.pl\/index.php\/wp-json\/wp\/v2\/product_cat?post=11164"},{"taxonomy":"product_tag","embeddable":true,"href":"https:\/\/zsdpb.edu.pl\/index.php\/wp-json\/wp\/v2\/product_tag?post=11164"}],"curies":[{"name":"wp","href":"https:\/\/api.w.org\/{rel}","templated":true}]}}