{"id":11173,"date":"2021-06-23T08:42:09","date_gmt":"2021-06-23T06:42:09","guid":{"rendered":"https:\/\/zsdpb.edu.pl\/?post_type=product&#038;p=11173"},"modified":"2021-07-12T10:04:18","modified_gmt":"2021-07-12T08:04:18","slug":"drzwi-pelne-prawe-bez-zamka-klamki-i-futryny-59-2021-4-1","status":"publish","type":"product","link":"https:\/\/zsdpb.edu.pl\/index.php\/produkt\/drzwi-pelne-prawe-bez-zamka-klamki-i-futryny-59-2021-4-1\/","title":{"rendered":"DRZWI PE\u0141NE PRAWE BEZ  ZAMKA, KLAMKI I FUTRYNY     59\/2021\/4  [1]"},"content":{"rendered":"<ul>\n<li>Drzwi pe\u0142ne drewniane, wewn\u0119trzne, o wymiarach 72 x203 cm bez zamka, klamki i futryny, zosta\u0142y zdemontowane w O\u015brodku Wypoczynkowym w Ho\u0142nach Mejera.<\/li>\n<li>Drzwi nadaj\u0105 si\u0119 do dalszego u\u017cytkowania, stan bardzo dobry.<\/li>\n<\/ul>\n","protected":false},"excerpt":{"rendered":"<p>Drzwi pe\u0142ne drewniane, wewn\u0119trzne, o wymiarach 72 x203 cm bez zamka, klamki i futryny, zosta\u0142y zdemontowane w O\u015brodku Wypoczynkowym w Ho\u0142nach Mejera. Drzwi nadaj\u0105 si\u0119 do dalszego u\u017cytkowania, stan bardzo dobry.<\/p>\n","protected":false},"featured_media":11030,"comment_status":"closed","ping_status":"closed","template":"","meta":[],"product_brand":[],"product_cat":[40],"product_tag":[],"class_list":{"0":"post-11173","1":"product","2":"type-product","3":"status-publish","4":"has-post-thumbnail","6":"product_cat-sprzedaz","8":"first","9":"instock","10":"sold-individually","11":"shipping-taxable","12":"product-type-auction"},"publishpress_future_action":{"enabled":false,"date":"2026-04-11 03:27:56","action":"change-status","newStatus":"draft","terms":[],"taxonomy":"product_cat","extraData":[]},"publishpress_future_workflow_manual_trigger":{"enabledWorkflows":[]},"_links":{"self":[{"href":"https:\/\/zsdpb.edu.pl\/index.php\/wp-json\/wp\/v2\/product\/11173","targetHints":{"allow":["GET"]}}],"collection":[{"href":"https:\/\/zsdpb.edu.pl\/index.php\/wp-json\/wp\/v2\/product"}],"about":[{"href":"https:\/\/zsdpb.edu.pl\/index.php\/wp-json\/wp\/v2\/types\/product"}],"replies":[{"embeddable":true,"href":"https:\/\/zsdpb.edu.pl\/index.php\/wp-json\/wp\/v2\/comments?post=11173"}],"wp:featuredmedia":[{"embeddable":true,"href":"https:\/\/zsdpb.edu.pl\/index.php\/wp-json\/wp\/v2\/media\/11030"}],"wp:attachment":[{"href":"https:\/\/zsdpb.edu.pl\/index.php\/wp-json\/wp\/v2\/media?parent=11173"}],"wp:term":[{"taxonomy":"product_brand","embeddable":true,"href":"https:\/\/zsdpb.edu.pl\/index.php\/wp-json\/wp\/v2\/product_brand?post=11173"},{"taxonomy":"product_cat","embeddable":true,"href":"https:\/\/zsdpb.edu.pl\/index.php\/wp-json\/wp\/v2\/product_cat?post=11173"},{"taxonomy":"product_tag","embeddable":true,"href":"https:\/\/zsdpb.edu.pl\/index.php\/wp-json\/wp\/v2\/product_tag?post=11173"}],"curies":[{"name":"wp","href":"https:\/\/api.w.org\/{rel}","templated":true}]}}