{"id":11303,"date":"2021-07-20T09:32:23","date_gmt":"2021-07-20T07:32:23","guid":{"rendered":"https:\/\/zsdpb.edu.pl\/?post_type=product&#038;p=11303"},"modified":"2021-08-23T22:44:42","modified_gmt":"2021-08-23T20:44:42","slug":"komputer-notebook-acer-89-2021-5","status":"publish","type":"product","link":"https:\/\/zsdpb.edu.pl\/index.php\/produkt\/komputer-notebook-acer-89-2021-5\/","title":{"rendered":"KOMPUTER NOTEBOOK ACER  [89\/2021\/5]"},"content":{"rendered":"<ul>\n<li>Komputer Notebook ACER TM 3043 WTMi wyprodukowany w 2007 roku.<\/li>\n<li>Parametry w momencie zakupu: 1,66GHz, 12\u201d, 120GB, 1024MB, DDR2, DVD, WIN VISTA.<\/li>\n<li>Sprawny \u2013 uruchamia si\u0119, w zestawie z zasilaczem.<\/li>\n<li>Komputer pozbawiony no\u015bnik\u00f3w magnetycznych.<\/li>\n<\/ul>\n","protected":false},"excerpt":{"rendered":"<p>Komputer Notebook ACER TM 3043 WTMi wyprodukowany w 2007 roku. Parametry w momencie zakupu: 1,66GHz, 12\u201d, 120GB, 1024MB, DDR2, DVD, WIN VISTA. Sprawny \u2013 uruchamia si\u0119, w zestawie z zasilaczem. Komputer pozbawiony no\u015bnik\u00f3w magnetycznych.<\/p>\n","protected":false},"featured_media":11304,"comment_status":"closed","ping_status":"closed","template":"","meta":[],"product_brand":[],"product_cat":[40],"product_tag":[],"class_list":{"0":"post-11303","1":"product","2":"type-product","3":"status-publish","4":"has-post-thumbnail","6":"product_cat-sprzedaz","8":"first","9":"outofstock","10":"sold-individually","11":"shipping-taxable","12":"product-type-auction"},"publishpress_future_action":{"enabled":false,"date":"2026-04-17 22:45:25","action":"change-status","newStatus":"draft","terms":[],"taxonomy":"product_cat","extraData":[]},"publishpress_future_workflow_manual_trigger":{"enabledWorkflows":[]},"_links":{"self":[{"href":"https:\/\/zsdpb.edu.pl\/index.php\/wp-json\/wp\/v2\/product\/11303","targetHints":{"allow":["GET"]}}],"collection":[{"href":"https:\/\/zsdpb.edu.pl\/index.php\/wp-json\/wp\/v2\/product"}],"about":[{"href":"https:\/\/zsdpb.edu.pl\/index.php\/wp-json\/wp\/v2\/types\/product"}],"replies":[{"embeddable":true,"href":"https:\/\/zsdpb.edu.pl\/index.php\/wp-json\/wp\/v2\/comments?post=11303"}],"wp:featuredmedia":[{"embeddable":true,"href":"https:\/\/zsdpb.edu.pl\/index.php\/wp-json\/wp\/v2\/media\/11304"}],"wp:attachment":[{"href":"https:\/\/zsdpb.edu.pl\/index.php\/wp-json\/wp\/v2\/media?parent=11303"}],"wp:term":[{"taxonomy":"product_brand","embeddable":true,"href":"https:\/\/zsdpb.edu.pl\/index.php\/wp-json\/wp\/v2\/product_brand?post=11303"},{"taxonomy":"product_cat","embeddable":true,"href":"https:\/\/zsdpb.edu.pl\/index.php\/wp-json\/wp\/v2\/product_cat?post=11303"},{"taxonomy":"product_tag","embeddable":true,"href":"https:\/\/zsdpb.edu.pl\/index.php\/wp-json\/wp\/v2\/product_tag?post=11303"}],"curies":[{"name":"wp","href":"https:\/\/api.w.org\/{rel}","templated":true}]}}