{"id":11309,"date":"2021-07-20T09:50:02","date_gmt":"2021-07-20T07:50:02","guid":{"rendered":"https:\/\/zsdpb.edu.pl\/?post_type=product&#038;p=11309"},"modified":"2021-08-05T15:13:47","modified_gmt":"2021-08-05T13:13:47","slug":"notebook-asus-91-2021-4","status":"publish","type":"product","link":"https:\/\/zsdpb.edu.pl\/index.php\/produkt\/notebook-asus-91-2021-4\/","title":{"rendered":"Notebook ASUS  [91\/2021\/4]"},"content":{"rendered":"<ul>\n<li>Notebook ASUS wyprodukowany w 2008 r.<\/li>\n<li>Parametry w momencie zakupu: Notebook ASUS X50V-AP118, Core Duo 1,73 GHz, 1 GB,120 GB, 15,4\u201d, DVD.<\/li>\n<li>Brak mo\u017cliwo\u015bci zainstalowania wsp\u00f3\u0142czesnego systemu operacyjnego.<\/li>\n<li>Komputer pozbawiony no\u015bnik\u00f3w magnetycznych.<\/li>\n<\/ul>\n","protected":false},"excerpt":{"rendered":"<p>Notebook ASUS wyprodukowany w 2008 r. Parametry w momencie zakupu: Notebook ASUS X50V-AP118, Core Duo 1,73 GHz, 1 GB,120 GB, 15,4\u201d, DVD. Brak mo\u017cliwo\u015bci zainstalowania wsp\u00f3\u0142czesnego systemu operacyjnego. Komputer pozbawiony no\u015bnik\u00f3w magnetycznych.<\/p>\n","protected":false},"featured_media":11310,"comment_status":"closed","ping_status":"closed","template":"","meta":[],"product_brand":[],"product_cat":[40],"product_tag":[],"class_list":{"0":"post-11309","1":"product","2":"type-product","3":"status-publish","4":"has-post-thumbnail","6":"product_cat-sprzedaz","8":"first","9":"instock","10":"sold-individually","11":"shipping-taxable","12":"product-type-auction"},"publishpress_future_action":{"enabled":false,"date":"2026-04-16 10:06:23","action":"change-status","newStatus":"draft","terms":[],"taxonomy":"product_cat","extraData":[]},"publishpress_future_workflow_manual_trigger":{"enabledWorkflows":[]},"_links":{"self":[{"href":"https:\/\/zsdpb.edu.pl\/index.php\/wp-json\/wp\/v2\/product\/11309","targetHints":{"allow":["GET"]}}],"collection":[{"href":"https:\/\/zsdpb.edu.pl\/index.php\/wp-json\/wp\/v2\/product"}],"about":[{"href":"https:\/\/zsdpb.edu.pl\/index.php\/wp-json\/wp\/v2\/types\/product"}],"replies":[{"embeddable":true,"href":"https:\/\/zsdpb.edu.pl\/index.php\/wp-json\/wp\/v2\/comments?post=11309"}],"wp:featuredmedia":[{"embeddable":true,"href":"https:\/\/zsdpb.edu.pl\/index.php\/wp-json\/wp\/v2\/media\/11310"}],"wp:attachment":[{"href":"https:\/\/zsdpb.edu.pl\/index.php\/wp-json\/wp\/v2\/media?parent=11309"}],"wp:term":[{"taxonomy":"product_brand","embeddable":true,"href":"https:\/\/zsdpb.edu.pl\/index.php\/wp-json\/wp\/v2\/product_brand?post=11309"},{"taxonomy":"product_cat","embeddable":true,"href":"https:\/\/zsdpb.edu.pl\/index.php\/wp-json\/wp\/v2\/product_cat?post=11309"},{"taxonomy":"product_tag","embeddable":true,"href":"https:\/\/zsdpb.edu.pl\/index.php\/wp-json\/wp\/v2\/product_tag?post=11309"}],"curies":[{"name":"wp","href":"https:\/\/api.w.org\/{rel}","templated":true}]}}