{"id":11352,"date":"2021-08-23T09:20:33","date_gmt":"2021-08-23T07:20:33","guid":{"rendered":"https:\/\/zsdpb.edu.pl\/?post_type=product&#038;p=11352"},"modified":"2021-09-09T12:41:51","modified_gmt":"2021-09-09T10:41:51","slug":"komputer-cel-d355-3330-72-2021-3","status":"publish","type":"product","link":"https:\/\/zsdpb.edu.pl\/index.php\/produkt\/komputer-cel-d355-3330-72-2021-3\/","title":{"rendered":"KOMPUTER CEL. D355 3330 (72\/2021\/3)"},"content":{"rendered":"<ul>\n<li><span style=\"font-family: georgia, palatino, serif;font-size: 12pt;color: #000000\">Komputer D355 3330 wyprodukowany w 2006 roku.<\/span><\/li>\n<li><span style=\"font-family: georgia, palatino, serif;font-size: 12pt;color: #000000\">Parametry w momencie zakupu: KOMPUTER D355 3330, 512 MB DDR 2, 120 GB SEAGATE SATA, MULTINAGRYWARKA SAMSUNG, WIN XP PRPF.<\/span><\/li>\n<li><span style=\"font-family: georgia, palatino, serif;font-size: 12pt;color: #000000\">Komputer wyeksploatowany, przestarza\u0142y technologicznie, sprawny.<\/span><\/li>\n<li><span style=\"color: #000000\">Komputer pozbawiony no\u015bnik\u00f3w magnetycznych.<\/span><br \/>\n&nbsp;<\/p>\n<p>&nbsp;<\/p>\n<p>&nbsp;<\/p>\n<p>&nbsp;<\/p>\n<p>&nbsp;<\/li>\n<\/ul>\n","protected":false},"excerpt":{"rendered":"<p>Komputer D355 3330 wyprodukowany w 2006 roku. Parametry w momencie zakupu: KOMPUTER D355 3330, 512 MB DDR 2, 120 GB SEAGATE SATA, MULTINAGRYWARKA SAMSUNG, WIN XP PRPF. Komputer wyeksploatowany, przestarza\u0142y technologicznie, sprawny. Komputer pozbawiony no\u015bnik\u00f3w magnetycznych. &nbsp; &nbsp; &nbsp; &nbsp; &nbsp;<\/p>\n","protected":false},"featured_media":11353,"comment_status":"closed","ping_status":"closed","template":"","meta":[],"product_brand":[],"product_cat":[40],"product_tag":[],"class_list":{"0":"post-11352","1":"product","2":"type-product","3":"status-publish","4":"has-post-thumbnail","6":"product_cat-sprzedaz","8":"first","9":"instock","10":"sold-individually","11":"shipping-taxable","12":"product-type-auction"},"publishpress_future_action":{"enabled":false,"date":"2026-05-02 17:38:13","action":"change-status","newStatus":"draft","terms":[],"taxonomy":"product_cat","extraData":[]},"publishpress_future_workflow_manual_trigger":{"enabledWorkflows":[]},"_links":{"self":[{"href":"https:\/\/zsdpb.edu.pl\/index.php\/wp-json\/wp\/v2\/product\/11352","targetHints":{"allow":["GET"]}}],"collection":[{"href":"https:\/\/zsdpb.edu.pl\/index.php\/wp-json\/wp\/v2\/product"}],"about":[{"href":"https:\/\/zsdpb.edu.pl\/index.php\/wp-json\/wp\/v2\/types\/product"}],"replies":[{"embeddable":true,"href":"https:\/\/zsdpb.edu.pl\/index.php\/wp-json\/wp\/v2\/comments?post=11352"}],"wp:featuredmedia":[{"embeddable":true,"href":"https:\/\/zsdpb.edu.pl\/index.php\/wp-json\/wp\/v2\/media\/11353"}],"wp:attachment":[{"href":"https:\/\/zsdpb.edu.pl\/index.php\/wp-json\/wp\/v2\/media?parent=11352"}],"wp:term":[{"taxonomy":"product_brand","embeddable":true,"href":"https:\/\/zsdpb.edu.pl\/index.php\/wp-json\/wp\/v2\/product_brand?post=11352"},{"taxonomy":"product_cat","embeddable":true,"href":"https:\/\/zsdpb.edu.pl\/index.php\/wp-json\/wp\/v2\/product_cat?post=11352"},{"taxonomy":"product_tag","embeddable":true,"href":"https:\/\/zsdpb.edu.pl\/index.php\/wp-json\/wp\/v2\/product_tag?post=11352"}],"curies":[{"name":"wp","href":"https:\/\/api.w.org\/{rel}","templated":true}]}}