{"id":11403,"date":"2021-08-23T11:05:22","date_gmt":"2021-08-23T09:05:22","guid":{"rendered":"https:\/\/zsdpb.edu.pl\/?post_type=product&#038;p=11403"},"modified":"2021-09-09T13:27:00","modified_gmt":"2021-09-09T11:27:00","slug":"komputer-cel-d355-3330-72-2021-17","status":"publish","type":"product","link":"https:\/\/zsdpb.edu.pl\/index.php\/produkt\/komputer-cel-d355-3330-72-2021-17\/","title":{"rendered":"KOMPUTER CEL. D355 3330 (72\/2021\/17)"},"content":{"rendered":"<ul>\n<li><span style=\"font-family: georgia, palatino, serif;font-size: 12pt;color: #000000\">KOMPUTER CELL. D355 3330 wyprodukowany w 2006 roku.<\/span><\/li>\n<li><span style=\"font-family: georgia, palatino, serif;font-size: 12pt;color: #000000\">Parametry w momencie zakupu: KOMPUTER D355 3330, 512 MB DDR 2, 120 GB SEAGATE SATA, MULTINAGRYWARKA SAMSUNG, WIN XP PROF. <\/span><\/li>\n<li><span style=\"font-family: georgia, palatino, serif;font-size: 12pt;color: #000000\">Komputer wyeksploatowany, przestarza\u0142y technologicznie, sprawny.<\/span><\/li>\n<li>Komputer pozbawiony no\u015bnik\u00f3w magnetycznych.<br \/>\n&nbsp;<\/p>\n<p>&nbsp;<\/p>\n<p>&nbsp;<\/p>\n<p>&nbsp;<\/p>\n<p>&nbsp;<\/li>\n<\/ul>\n","protected":false},"excerpt":{"rendered":"<p>KOMPUTER CELL. D355 3330 wyprodukowany w 2006 roku. Parametry w momencie zakupu: KOMPUTER D355 3330, 512 MB DDR 2, 120 GB SEAGATE SATA, MULTINAGRYWARKA SAMSUNG, WIN XP PROF. Komputer wyeksploatowany, przestarza\u0142y technologicznie, sprawny. Komputer pozbawiony no\u015bnik\u00f3w magnetycznych. &nbsp; &nbsp; &nbsp; &nbsp; &nbsp;<\/p>\n","protected":false},"featured_media":11404,"comment_status":"closed","ping_status":"closed","template":"","meta":[],"product_brand":[],"product_cat":[40],"product_tag":[],"class_list":{"0":"post-11403","1":"product","2":"type-product","3":"status-publish","4":"has-post-thumbnail","6":"product_cat-sprzedaz","8":"first","9":"instock","10":"sold-individually","11":"shipping-taxable","12":"product-type-auction"},"publishpress_future_action":{"enabled":false,"date":"2026-04-15 15:41:31","action":"change-status","newStatus":"draft","terms":[],"taxonomy":"product_cat","extraData":[]},"publishpress_future_workflow_manual_trigger":{"enabledWorkflows":[]},"_links":{"self":[{"href":"https:\/\/zsdpb.edu.pl\/index.php\/wp-json\/wp\/v2\/product\/11403","targetHints":{"allow":["GET"]}}],"collection":[{"href":"https:\/\/zsdpb.edu.pl\/index.php\/wp-json\/wp\/v2\/product"}],"about":[{"href":"https:\/\/zsdpb.edu.pl\/index.php\/wp-json\/wp\/v2\/types\/product"}],"replies":[{"embeddable":true,"href":"https:\/\/zsdpb.edu.pl\/index.php\/wp-json\/wp\/v2\/comments?post=11403"}],"wp:featuredmedia":[{"embeddable":true,"href":"https:\/\/zsdpb.edu.pl\/index.php\/wp-json\/wp\/v2\/media\/11404"}],"wp:attachment":[{"href":"https:\/\/zsdpb.edu.pl\/index.php\/wp-json\/wp\/v2\/media?parent=11403"}],"wp:term":[{"taxonomy":"product_brand","embeddable":true,"href":"https:\/\/zsdpb.edu.pl\/index.php\/wp-json\/wp\/v2\/product_brand?post=11403"},{"taxonomy":"product_cat","embeddable":true,"href":"https:\/\/zsdpb.edu.pl\/index.php\/wp-json\/wp\/v2\/product_cat?post=11403"},{"taxonomy":"product_tag","embeddable":true,"href":"https:\/\/zsdpb.edu.pl\/index.php\/wp-json\/wp\/v2\/product_tag?post=11403"}],"curies":[{"name":"wp","href":"https:\/\/api.w.org\/{rel}","templated":true}]}}