{"id":11767,"date":"2021-10-12T13:22:00","date_gmt":"2021-10-12T11:22:00","guid":{"rendered":"https:\/\/zsdpb.edu.pl\/?post_type=product&#038;p=11767"},"modified":"2021-11-18T19:49:50","modified_gmt":"2021-11-18T18:49:50","slug":"komputer-hp80000-110-2021-12","status":"publish","type":"product","link":"https:\/\/zsdpb.edu.pl\/index.php\/produkt\/komputer-hp80000-110-2021-12\/","title":{"rendered":"KOMPUTER HP80000 [110\/2021\/12]"},"content":{"rendered":"<ul>\n<li><span style=\"color: #000000\">komputer HP 8000 przyj\u0119ty na ewidencj\u0119 w 2017 roku, sprz\u0119t poleasingowy,<\/span><\/li>\n<li><span style=\"color: #000000\">parametry w momencie zakupu: Komputer HP8000\/7P\/PC-SFF\/C2D-E8400-3.00-2C\/4\/250\/-EPS,<\/span><\/li>\n<li><span style=\"color: #000000\">sprawny,<\/span><\/li>\n<li><span style=\"color: #000000\">sprz\u0119t pozbawiony no\u015bnik\u00f3w magnetycznych i licencji.<\/span><\/li>\n<\/ul>\n","protected":false},"excerpt":{"rendered":"<p>komputer HP 8000 przyj\u0119ty na ewidencj\u0119 w 2017 roku, sprz\u0119t poleasingowy, parametry w momencie zakupu: Komputer HP8000\/7P\/PC-SFF\/C2D-E8400-3.00-2C\/4\/250\/-EPS, sprawny, sprz\u0119t pozbawiony no\u015bnik\u00f3w magnetycznych i licencji.<\/p>\n","protected":false},"featured_media":11754,"comment_status":"closed","ping_status":"closed","template":"","meta":[],"product_brand":[],"product_cat":[40],"product_tag":[],"class_list":{"0":"post-11767","1":"product","2":"type-product","3":"status-publish","4":"has-post-thumbnail","6":"product_cat-sprzedaz","8":"first","9":"outofstock","10":"sold-individually","11":"shipping-taxable","12":"product-type-auction"},"publishpress_future_action":{"enabled":false,"date":"2026-04-22 08:29:02","action":"change-status","newStatus":"draft","terms":[],"taxonomy":"product_cat","extraData":[]},"publishpress_future_workflow_manual_trigger":{"enabledWorkflows":[]},"_links":{"self":[{"href":"https:\/\/zsdpb.edu.pl\/index.php\/wp-json\/wp\/v2\/product\/11767","targetHints":{"allow":["GET"]}}],"collection":[{"href":"https:\/\/zsdpb.edu.pl\/index.php\/wp-json\/wp\/v2\/product"}],"about":[{"href":"https:\/\/zsdpb.edu.pl\/index.php\/wp-json\/wp\/v2\/types\/product"}],"replies":[{"embeddable":true,"href":"https:\/\/zsdpb.edu.pl\/index.php\/wp-json\/wp\/v2\/comments?post=11767"}],"wp:featuredmedia":[{"embeddable":true,"href":"https:\/\/zsdpb.edu.pl\/index.php\/wp-json\/wp\/v2\/media\/11754"}],"wp:attachment":[{"href":"https:\/\/zsdpb.edu.pl\/index.php\/wp-json\/wp\/v2\/media?parent=11767"}],"wp:term":[{"taxonomy":"product_brand","embeddable":true,"href":"https:\/\/zsdpb.edu.pl\/index.php\/wp-json\/wp\/v2\/product_brand?post=11767"},{"taxonomy":"product_cat","embeddable":true,"href":"https:\/\/zsdpb.edu.pl\/index.php\/wp-json\/wp\/v2\/product_cat?post=11767"},{"taxonomy":"product_tag","embeddable":true,"href":"https:\/\/zsdpb.edu.pl\/index.php\/wp-json\/wp\/v2\/product_tag?post=11767"}],"curies":[{"name":"wp","href":"https:\/\/api.w.org\/{rel}","templated":true}]}}