{"id":11782,"date":"2021-10-12T13:44:45","date_gmt":"2021-10-12T11:44:45","guid":{"rendered":"https:\/\/zsdpb.edu.pl\/?post_type=product&#038;p=11782"},"modified":"2021-11-02T14:40:54","modified_gmt":"2021-11-02T13:40:54","slug":"monitor-miro-lcd-109-2021-14","status":"publish","type":"product","link":"https:\/\/zsdpb.edu.pl\/index.php\/produkt\/monitor-miro-lcd-109-2021-14\/","title":{"rendered":"MONITOR MIRO LCD [109\/2021\/14]"},"content":{"rendered":"<ul>\n<li>Monitor\u00a0 MIRO LCD 17\u201d przyj\u0119ty na ewidencj\u0119 w 2006 roku.<\/li>\n<li>Sprawny, tylko wej\u015bcie VGA i zasilacz.\n<p style=\"text-align: center\">\n<p>&nbsp;<\/li>\n<\/ul>\n","protected":false},"excerpt":{"rendered":"<p>Monitor\u00a0 MIRO LCD 17\u201d przyj\u0119ty na ewidencj\u0119 w 2006 roku. Sprawny, tylko wej\u015bcie VGA i zasilacz. &nbsp;<\/p>\n","protected":false},"featured_media":11783,"comment_status":"closed","ping_status":"closed","template":"","meta":[],"product_brand":[],"product_cat":[40],"product_tag":[],"class_list":{"0":"post-11782","1":"product","2":"type-product","3":"status-publish","4":"has-post-thumbnail","6":"product_cat-sprzedaz","8":"first","9":"instock","10":"sold-individually","11":"shipping-taxable","12":"product-type-auction"},"publishpress_future_action":{"enabled":false,"date":"2026-04-14 04:54:38","action":"change-status","newStatus":"draft","terms":[],"taxonomy":"product_cat","extraData":[]},"publishpress_future_workflow_manual_trigger":{"enabledWorkflows":[]},"_links":{"self":[{"href":"https:\/\/zsdpb.edu.pl\/index.php\/wp-json\/wp\/v2\/product\/11782","targetHints":{"allow":["GET"]}}],"collection":[{"href":"https:\/\/zsdpb.edu.pl\/index.php\/wp-json\/wp\/v2\/product"}],"about":[{"href":"https:\/\/zsdpb.edu.pl\/index.php\/wp-json\/wp\/v2\/types\/product"}],"replies":[{"embeddable":true,"href":"https:\/\/zsdpb.edu.pl\/index.php\/wp-json\/wp\/v2\/comments?post=11782"}],"wp:featuredmedia":[{"embeddable":true,"href":"https:\/\/zsdpb.edu.pl\/index.php\/wp-json\/wp\/v2\/media\/11783"}],"wp:attachment":[{"href":"https:\/\/zsdpb.edu.pl\/index.php\/wp-json\/wp\/v2\/media?parent=11782"}],"wp:term":[{"taxonomy":"product_brand","embeddable":true,"href":"https:\/\/zsdpb.edu.pl\/index.php\/wp-json\/wp\/v2\/product_brand?post=11782"},{"taxonomy":"product_cat","embeddable":true,"href":"https:\/\/zsdpb.edu.pl\/index.php\/wp-json\/wp\/v2\/product_cat?post=11782"},{"taxonomy":"product_tag","embeddable":true,"href":"https:\/\/zsdpb.edu.pl\/index.php\/wp-json\/wp\/v2\/product_tag?post=11782"}],"curies":[{"name":"wp","href":"https:\/\/api.w.org\/{rel}","templated":true}]}}