{"id":12912,"date":"2022-05-18T09:52:57","date_gmt":"2022-05-18T07:52:57","guid":{"rendered":"https:\/\/zsdpb.edu.pl\/?post_type=product&#038;p=12912"},"modified":"2022-06-03T10:05:00","modified_gmt":"2022-06-03T08:05:00","slug":"komputer-dell-optiplex-330mt-45-2022-5","status":"publish","type":"product","link":"https:\/\/zsdpb.edu.pl\/index.php\/produkt\/komputer-dell-optiplex-330mt-45-2022-5\/","title":{"rendered":"KOMPUTER DELL OPTIPLEX 330MT (45\/2022\/5)"},"content":{"rendered":"<ul>\n<li><span style=\"color: #000000;font-family: georgia, palatino, serif;font-size: 12pt\">Komputer DELL OPTIPLEX 330MT wyprodukowany w 2008 r.<\/span><\/li>\n<li><span style=\"color: #000000;font-family: georgia, palatino, serif;font-size: 12pt\">Sprawny.<\/span><\/li>\n<li><span style=\"color: #000000;font-family: georgia, palatino, serif;font-size: 12pt\">Parametry w momencie zakupu: KOMPUTER DELL OP 330MT NR: 1G3MB3J, MS OFFICE 2007 PRO MOLP EDU, VISTA ULTIMATE.<\/span><\/li>\n<li><span style=\"font-family: georgia, palatino, serif;font-size: 12pt\"><span style=\"color: #000000\">Sprz\u0119t pozbawiony no\u015bnik\u00f3w magnetycznych i licencji.<br \/>\n<\/span><\/span>&nbsp;<\/p>\n<p>&nbsp;<\/p>\n<p>&nbsp;<\/p>\n<p>&nbsp;<\/li>\n<\/ul>\n","protected":false},"excerpt":{"rendered":"<p>Komputer DELL OPTIPLEX 330MT wyprodukowany w 2008 r. Sprawny. Parametry w momencie zakupu: KOMPUTER DELL OP 330MT NR: 1G3MB3J, MS OFFICE 2007 PRO MOLP EDU, VISTA ULTIMATE. Sprz\u0119t pozbawiony no\u015bnik\u00f3w magnetycznych i licencji. &nbsp; &nbsp; &nbsp; &nbsp;<\/p>\n","protected":false},"featured_media":12913,"comment_status":"closed","ping_status":"closed","template":"","meta":[],"product_brand":[],"product_cat":[40],"product_tag":[],"class_list":{"0":"post-12912","1":"product","2":"type-product","3":"status-publish","4":"has-post-thumbnail","6":"product_cat-sprzedaz","8":"first","9":"instock","10":"sold-individually","11":"shipping-taxable","12":"product-type-auction"},"publishpress_future_action":{"enabled":false,"date":"2026-05-22 17:54:59","action":"change-status","newStatus":"draft","terms":[],"taxonomy":"product_cat","extraData":[]},"publishpress_future_workflow_manual_trigger":{"enabledWorkflows":[]},"_links":{"self":[{"href":"https:\/\/zsdpb.edu.pl\/index.php\/wp-json\/wp\/v2\/product\/12912","targetHints":{"allow":["GET"]}}],"collection":[{"href":"https:\/\/zsdpb.edu.pl\/index.php\/wp-json\/wp\/v2\/product"}],"about":[{"href":"https:\/\/zsdpb.edu.pl\/index.php\/wp-json\/wp\/v2\/types\/product"}],"replies":[{"embeddable":true,"href":"https:\/\/zsdpb.edu.pl\/index.php\/wp-json\/wp\/v2\/comments?post=12912"}],"wp:featuredmedia":[{"embeddable":true,"href":"https:\/\/zsdpb.edu.pl\/index.php\/wp-json\/wp\/v2\/media\/12913"}],"wp:attachment":[{"href":"https:\/\/zsdpb.edu.pl\/index.php\/wp-json\/wp\/v2\/media?parent=12912"}],"wp:term":[{"taxonomy":"product_brand","embeddable":true,"href":"https:\/\/zsdpb.edu.pl\/index.php\/wp-json\/wp\/v2\/product_brand?post=12912"},{"taxonomy":"product_cat","embeddable":true,"href":"https:\/\/zsdpb.edu.pl\/index.php\/wp-json\/wp\/v2\/product_cat?post=12912"},{"taxonomy":"product_tag","embeddable":true,"href":"https:\/\/zsdpb.edu.pl\/index.php\/wp-json\/wp\/v2\/product_tag?post=12912"}],"curies":[{"name":"wp","href":"https:\/\/api.w.org\/{rel}","templated":true}]}}