{"id":12948,"date":"2022-05-18T11:12:21","date_gmt":"2022-05-18T09:12:21","guid":{"rendered":"https:\/\/zsdpb.edu.pl\/?post_type=product&#038;p=12948"},"modified":"2022-06-03T10:31:17","modified_gmt":"2022-06-03T08:31:17","slug":"komputer-dell-optiplex-755sf-45-2022-23","status":"publish","type":"product","link":"https:\/\/zsdpb.edu.pl\/index.php\/produkt\/komputer-dell-optiplex-755sf-45-2022-23\/","title":{"rendered":"KOMPUTER DELL OPTIPLEX 755SF (45\/2022\/23)"},"content":{"rendered":"<ul>\n<li><span style=\"font-family: georgia, palatino, serif;font-size: 12pt;color: #000000\">Komputer DELL OPTIPLEX 755SF wyprodukowany w 2008 r.<\/span><\/li>\n<li><span style=\"font-family: georgia, palatino, serif;font-size: 12pt;color: #000000\">Sprawny.<\/span><\/li>\n<li><span style=\"font-family: georgia, palatino, serif;font-size: 12pt;color: #000000\">Parametry w momencie zakupu: KOMPUTER DELL OPTIPLEX 755SF S2D E7200\/250GB,, NR: DVVPY3J + MS OFFICE PROFF PLUS 2007 SNGL OLP.<\/span><\/li>\n<li><span style=\"font-family: georgia, palatino, serif;font-size: 12pt;color: #000000\">Sprz\u0119t pozbawiony no\u015bnik\u00f3w magnetycznych i licencji.<br \/>\n<\/span>&nbsp;<\/p>\n<p>&nbsp;<\/p>\n<p>&nbsp;<\/p>\n<p>&nbsp;<\/li>\n<\/ul>\n","protected":false},"excerpt":{"rendered":"<p>Komputer DELL OPTIPLEX 755SF wyprodukowany w 2008 r. Sprawny. Parametry w momencie zakupu: KOMPUTER DELL OPTIPLEX 755SF S2D E7200\/250GB,, NR: DVVPY3J + MS OFFICE PROFF PLUS 2007 SNGL OLP. Sprz\u0119t pozbawiony no\u015bnik\u00f3w magnetycznych i licencji. &nbsp; &nbsp; &nbsp; &nbsp;<\/p>\n","protected":false},"featured_media":12949,"comment_status":"closed","ping_status":"closed","template":"","meta":[],"product_brand":[],"product_cat":[40],"product_tag":[],"class_list":{"0":"post-12948","1":"product","2":"type-product","3":"status-publish","4":"has-post-thumbnail","6":"product_cat-sprzedaz","8":"first","9":"instock","10":"sold-individually","11":"shipping-taxable","12":"product-type-auction"},"publishpress_future_action":{"enabled":false,"date":"2026-05-10 08:12:26","action":"change-status","newStatus":"draft","terms":[],"taxonomy":"product_cat","extraData":[]},"publishpress_future_workflow_manual_trigger":{"enabledWorkflows":[]},"_links":{"self":[{"href":"https:\/\/zsdpb.edu.pl\/index.php\/wp-json\/wp\/v2\/product\/12948","targetHints":{"allow":["GET"]}}],"collection":[{"href":"https:\/\/zsdpb.edu.pl\/index.php\/wp-json\/wp\/v2\/product"}],"about":[{"href":"https:\/\/zsdpb.edu.pl\/index.php\/wp-json\/wp\/v2\/types\/product"}],"replies":[{"embeddable":true,"href":"https:\/\/zsdpb.edu.pl\/index.php\/wp-json\/wp\/v2\/comments?post=12948"}],"wp:featuredmedia":[{"embeddable":true,"href":"https:\/\/zsdpb.edu.pl\/index.php\/wp-json\/wp\/v2\/media\/12949"}],"wp:attachment":[{"href":"https:\/\/zsdpb.edu.pl\/index.php\/wp-json\/wp\/v2\/media?parent=12948"}],"wp:term":[{"taxonomy":"product_brand","embeddable":true,"href":"https:\/\/zsdpb.edu.pl\/index.php\/wp-json\/wp\/v2\/product_brand?post=12948"},{"taxonomy":"product_cat","embeddable":true,"href":"https:\/\/zsdpb.edu.pl\/index.php\/wp-json\/wp\/v2\/product_cat?post=12948"},{"taxonomy":"product_tag","embeddable":true,"href":"https:\/\/zsdpb.edu.pl\/index.php\/wp-json\/wp\/v2\/product_tag?post=12948"}],"curies":[{"name":"wp","href":"https:\/\/api.w.org\/{rel}","templated":true}]}}