{"id":12954,"date":"2022-05-19T09:29:03","date_gmt":"2022-05-19T07:29:03","guid":{"rendered":"https:\/\/zsdpb.edu.pl\/?post_type=product&#038;p=12954"},"modified":"2022-06-03T11:51:00","modified_gmt":"2022-06-03T09:51:00","slug":"monitor-dell-e1908wfp-67-2022-7","status":"publish","type":"product","link":"https:\/\/zsdpb.edu.pl\/index.php\/produkt\/monitor-dell-e1908wfp-67-2022-7\/","title":{"rendered":"MONITOR DELL E1908WFP (67\/2022\/7)"},"content":{"rendered":"<ul>\n<li><span style=\"font-family: georgia, palatino, serif;font-size: 12pt;color: #000000\">Monitor DELL E1908WFP wyprodukowany w 2008 r.<\/span><\/li>\n<li><span style=\"font-family: georgia, palatino, serif;font-size: 12pt;color: #000000\">Sprawny, cho\u0107 przestarza\u0142y model z ko\u0144c\u00f3wk\u0105 DVI-D i VGA; ma\u0142a rozdzielczo\u015b\u0107.<\/span><br \/>\n&nbsp;<\/p>\n<p>&nbsp;<\/p>\n<p>&nbsp;<\/p>\n<p>&nbsp;<\/li>\n<\/ul>\n","protected":false},"excerpt":{"rendered":"<p>Monitor DELL E1908WFP wyprodukowany w 2008 r. Sprawny, cho\u0107 przestarza\u0142y model z ko\u0144c\u00f3wk\u0105 DVI-D i VGA; ma\u0142a rozdzielczo\u015b\u0107. &nbsp; &nbsp; &nbsp; &nbsp;<\/p>\n","protected":false},"featured_media":12955,"comment_status":"closed","ping_status":"closed","template":"","meta":[],"product_brand":[],"product_cat":[40],"product_tag":[],"class_list":{"0":"post-12954","1":"product","2":"type-product","3":"status-publish","4":"has-post-thumbnail","6":"product_cat-sprzedaz","8":"first","9":"instock","10":"sold-individually","11":"shipping-taxable","12":"product-type-auction"},"publishpress_future_action":{"enabled":false,"date":"2026-05-06 00:00:16","action":"change-status","newStatus":"draft","terms":[],"taxonomy":"product_cat","extraData":[]},"publishpress_future_workflow_manual_trigger":{"enabledWorkflows":[]},"_links":{"self":[{"href":"https:\/\/zsdpb.edu.pl\/index.php\/wp-json\/wp\/v2\/product\/12954","targetHints":{"allow":["GET"]}}],"collection":[{"href":"https:\/\/zsdpb.edu.pl\/index.php\/wp-json\/wp\/v2\/product"}],"about":[{"href":"https:\/\/zsdpb.edu.pl\/index.php\/wp-json\/wp\/v2\/types\/product"}],"replies":[{"embeddable":true,"href":"https:\/\/zsdpb.edu.pl\/index.php\/wp-json\/wp\/v2\/comments?post=12954"}],"wp:featuredmedia":[{"embeddable":true,"href":"https:\/\/zsdpb.edu.pl\/index.php\/wp-json\/wp\/v2\/media\/12955"}],"wp:attachment":[{"href":"https:\/\/zsdpb.edu.pl\/index.php\/wp-json\/wp\/v2\/media?parent=12954"}],"wp:term":[{"taxonomy":"product_brand","embeddable":true,"href":"https:\/\/zsdpb.edu.pl\/index.php\/wp-json\/wp\/v2\/product_brand?post=12954"},{"taxonomy":"product_cat","embeddable":true,"href":"https:\/\/zsdpb.edu.pl\/index.php\/wp-json\/wp\/v2\/product_cat?post=12954"},{"taxonomy":"product_tag","embeddable":true,"href":"https:\/\/zsdpb.edu.pl\/index.php\/wp-json\/wp\/v2\/product_tag?post=12954"}],"curies":[{"name":"wp","href":"https:\/\/api.w.org\/{rel}","templated":true}]}}