{"id":13569,"date":"2022-11-23T13:05:05","date_gmt":"2022-11-23T12:05:05","guid":{"rendered":"https:\/\/zsdpb.edu.pl\/?post_type=product&#038;p=13569"},"modified":"2022-12-12T08:59:57","modified_gmt":"2022-12-12T07:59:57","slug":"komputer-notebook-fsc-pi-142-2022-7","status":"publish","type":"product","link":"https:\/\/zsdpb.edu.pl\/index.php\/produkt\/komputer-notebook-fsc-pi-142-2022-7\/","title":{"rendered":"KOMPUTER NOTEBOOK FSC PI (142\/2022\/7)"},"content":{"rendered":"<ul>\n<li><span style=\"font-family: georgia, palatino, serif;font-size: 12pt;color: #000000\">Komputer notebook FSC PI wyprodukowany w 2007 r.<\/span><\/li>\n<li><span style=\"font-family: georgia, palatino, serif;font-size: 12pt;color: #000000\">Niesprawny \u2013 brak baterii.<\/span><\/li>\n<li><span style=\"font-family: georgia, palatino, serif;font-size: 12pt;color: #000000\">Parametry w momencie zakupu: KOMPUTER NOTEBOOK FSC PI 1536 CD T2350 (1,86 GHZ)\/, 1024 MB\/120GB\/DVDRW\/X1400\/15,4&#8243;\/VHP, NR: YSAP030112, + PAMI\u0118\u0106 SO-DIMM DDR 533MHZ 1024 MB (2SZT).<\/span><\/li>\n<li><span style=\"font-family: georgia, palatino, serif;font-size: 12pt;color: #000000\">W komplecie zasilacz; torby brak.<\/span><\/li>\n<li><span style=\"font-family: georgia, palatino, serif;font-size: 12pt;color: #000000\">Sprz\u0119t pozbawiony no\u015bnik\u00f3w magnetycznych i licencji.<\/span>&nbsp;\n<p>&nbsp;<\/p>\n<p>&nbsp;<\/p>\n<p>&nbsp;<\/li>\n<\/ul>\n","protected":false},"excerpt":{"rendered":"<p>Komputer notebook FSC PI wyprodukowany w 2007 r. Niesprawny \u2013 brak baterii. Parametry w momencie zakupu: KOMPUTER NOTEBOOK FSC PI 1536 CD T2350 (1,86 GHZ)\/, 1024 MB\/120GB\/DVDRW\/X1400\/15,4&#8243;\/VHP, NR: YSAP030112, + PAMI\u0118\u0106 SO-DIMM DDR 533MHZ 1024 MB (2SZT). W komplecie zasilacz; torby brak. Sprz\u0119t pozbawiony no\u015bnik\u00f3w magnetycznych i licencji.&nbsp; &nbsp; &nbsp; [\u2026] <\/p>\n<div class=\"clear\"><\/div>\n<p><a class=\"more_link clearfix\" href=\"https:\/\/zsdpb.edu.pl\/index.php\/produkt\/komputer-notebook-fsc-pi-142-2022-7\/\" rel=\"nofollow\">Read More<\/a><\/p>\n","protected":false},"featured_media":13570,"comment_status":"closed","ping_status":"closed","template":"","meta":[],"product_brand":[],"product_cat":[40],"product_tag":[],"class_list":{"0":"post-13569","1":"product","2":"type-product","3":"status-publish","4":"has-post-thumbnail","6":"product_cat-sprzedaz","8":"first","9":"instock","10":"sold-individually","11":"shipping-taxable","12":"product-type-auction"},"publishpress_future_action":{"enabled":false,"date":"2026-04-15 02:43:26","action":"change-status","newStatus":"draft","terms":[],"taxonomy":"product_cat","extraData":[]},"publishpress_future_workflow_manual_trigger":{"enabledWorkflows":[]},"_links":{"self":[{"href":"https:\/\/zsdpb.edu.pl\/index.php\/wp-json\/wp\/v2\/product\/13569","targetHints":{"allow":["GET"]}}],"collection":[{"href":"https:\/\/zsdpb.edu.pl\/index.php\/wp-json\/wp\/v2\/product"}],"about":[{"href":"https:\/\/zsdpb.edu.pl\/index.php\/wp-json\/wp\/v2\/types\/product"}],"replies":[{"embeddable":true,"href":"https:\/\/zsdpb.edu.pl\/index.php\/wp-json\/wp\/v2\/comments?post=13569"}],"wp:featuredmedia":[{"embeddable":true,"href":"https:\/\/zsdpb.edu.pl\/index.php\/wp-json\/wp\/v2\/media\/13570"}],"wp:attachment":[{"href":"https:\/\/zsdpb.edu.pl\/index.php\/wp-json\/wp\/v2\/media?parent=13569"}],"wp:term":[{"taxonomy":"product_brand","embeddable":true,"href":"https:\/\/zsdpb.edu.pl\/index.php\/wp-json\/wp\/v2\/product_brand?post=13569"},{"taxonomy":"product_cat","embeddable":true,"href":"https:\/\/zsdpb.edu.pl\/index.php\/wp-json\/wp\/v2\/product_cat?post=13569"},{"taxonomy":"product_tag","embeddable":true,"href":"https:\/\/zsdpb.edu.pl\/index.php\/wp-json\/wp\/v2\/product_tag?post=13569"}],"curies":[{"name":"wp","href":"https:\/\/api.w.org\/{rel}","templated":true}]}}