{"id":13826,"date":"2023-02-22T08:45:37","date_gmt":"2023-02-22T07:45:37","guid":{"rendered":"https:\/\/zsdpb.edu.pl\/?post_type=product&#038;p=13826"},"modified":"2023-03-30T19:56:23","modified_gmt":"2023-03-30T17:56:23","slug":"komputer-notebook-fsc-115-2022-3","status":"publish","type":"product","link":"https:\/\/zsdpb.edu.pl\/index.php\/produkt\/komputer-notebook-fsc-115-2022-3\/","title":{"rendered":"KOMPUTER NOTEBOOK FSC (115\/2022\/3)"},"content":{"rendered":"<ul>\n<li>KOMPUTER NOTEBOOK FSC (WIN VISTA) wyprodukowany w 2007 roku.<\/li>\n<li>Sprawny, w komplecie: zasilacz, torba.<\/li>\n<li>Parametry w momencie zakupu: NOTEBOOK FSC PI1536 CD T2350 (1,86 GHZ)\/1024MB\/,120GB\/DVDRW\/X1400\/15,4&#8243;\/VHP + TORBA,NR FABR.: YSAP026792.<\/li>\n<li>Parametry wskazane przez osob\u0119 odpowiedzialn\u0105 materialnie: Procesor \u2013 Core (TM) Duo T2350 1,87 GHz, RAM &#8211; 2,5 GB, Dysk &#8211; 120 GB, System &#8211; VISTA 32 bit.<\/li>\n<li>Sprz\u0119t pozbawiony no\u015bnik\u00f3w magnetycznych i licencji.<\/li>\n<\/ul>\n","protected":false},"excerpt":{"rendered":"<p>KOMPUTER NOTEBOOK FSC (WIN VISTA) wyprodukowany w 2007 roku. Sprawny, w komplecie: zasilacz, torba. Parametry w momencie zakupu: NOTEBOOK FSC PI1536 CD T2350 (1,86 GHZ)\/1024MB\/,120GB\/DVDRW\/X1400\/15,4&#8243;\/VHP + TORBA,NR FABR.: YSAP026792. Parametry wskazane przez osob\u0119 odpowiedzialn\u0105 materialnie: Procesor \u2013 Core (TM) Duo T2350 1,87 GHz, RAM &#8211; 2,5 GB, Dysk &#8211; 120 [\u2026] <\/p>\n<div class=\"clear\"><\/div>\n<p><a class=\"more_link clearfix\" href=\"https:\/\/zsdpb.edu.pl\/index.php\/produkt\/komputer-notebook-fsc-115-2022-3\/\" rel=\"nofollow\">Read More<\/a><\/p>\n","protected":false},"featured_media":13827,"comment_status":"closed","ping_status":"closed","template":"","meta":[],"product_brand":[],"product_cat":[40],"product_tag":[],"class_list":{"0":"post-13826","1":"product","2":"type-product","3":"status-publish","4":"has-post-thumbnail","6":"product_cat-sprzedaz","8":"first","9":"outofstock","10":"sold-individually","11":"shipping-taxable","12":"product-type-auction"},"publishpress_future_action":{"enabled":false,"date":"2026-05-04 22:09:13","action":"change-status","newStatus":"draft","terms":[],"taxonomy":"product_cat","extraData":[]},"publishpress_future_workflow_manual_trigger":{"enabledWorkflows":[]},"_links":{"self":[{"href":"https:\/\/zsdpb.edu.pl\/index.php\/wp-json\/wp\/v2\/product\/13826","targetHints":{"allow":["GET"]}}],"collection":[{"href":"https:\/\/zsdpb.edu.pl\/index.php\/wp-json\/wp\/v2\/product"}],"about":[{"href":"https:\/\/zsdpb.edu.pl\/index.php\/wp-json\/wp\/v2\/types\/product"}],"replies":[{"embeddable":true,"href":"https:\/\/zsdpb.edu.pl\/index.php\/wp-json\/wp\/v2\/comments?post=13826"}],"wp:featuredmedia":[{"embeddable":true,"href":"https:\/\/zsdpb.edu.pl\/index.php\/wp-json\/wp\/v2\/media\/13827"}],"wp:attachment":[{"href":"https:\/\/zsdpb.edu.pl\/index.php\/wp-json\/wp\/v2\/media?parent=13826"}],"wp:term":[{"taxonomy":"product_brand","embeddable":true,"href":"https:\/\/zsdpb.edu.pl\/index.php\/wp-json\/wp\/v2\/product_brand?post=13826"},{"taxonomy":"product_cat","embeddable":true,"href":"https:\/\/zsdpb.edu.pl\/index.php\/wp-json\/wp\/v2\/product_cat?post=13826"},{"taxonomy":"product_tag","embeddable":true,"href":"https:\/\/zsdpb.edu.pl\/index.php\/wp-json\/wp\/v2\/product_tag?post=13826"}],"curies":[{"name":"wp","href":"https:\/\/api.w.org\/{rel}","templated":true}]}}