{"id":13839,"date":"2023-02-22T09:05:21","date_gmt":"2023-02-22T08:05:21","guid":{"rendered":"https:\/\/zsdpb.edu.pl\/?post_type=product&#038;p=13839"},"modified":"2023-03-09T14:20:15","modified_gmt":"2023-03-09T13:20:15","slug":"stol-laboratoryjny-7-2023-4","status":"publish","type":"product","link":"https:\/\/zsdpb.edu.pl\/index.php\/produkt\/stol-laboratoryjny-7-2023-4\/","title":{"rendered":"ST\u00d3\u0141 LABORATORYJNY (7\/2023\/4)"},"content":{"rendered":"<ul>\n<li>St\u00f3\u0142 laboratoryjny przyj\u0119ty na ewidencj\u0119 w 2006 roku.<\/li>\n<li>Przestarza\u0142y, wyeksploatowany.<\/li>\n<li>Wymiary: d\u0142ugo\u015b\u0107 \u2013 180,00 cm, g\u0142\u0119boko\u015b\u0107 \u2013 70,00 cm, wysoko\u015b\u0107 \u2013 90,00 cm.<\/li>\n<li>St\u00f3\u0142 znajduje si\u0119 w Instytucie Nauk Le\u015bnych w Hajn\u00f3wce.<\/li>\n<\/ul>\n","protected":false},"excerpt":{"rendered":"<p>St\u00f3\u0142 laboratoryjny przyj\u0119ty na ewidencj\u0119 w 2006 roku. Przestarza\u0142y, wyeksploatowany. Wymiary: d\u0142ugo\u015b\u0107 \u2013 180,00 cm, g\u0142\u0119boko\u015b\u0107 \u2013 70,00 cm, wysoko\u015b\u0107 \u2013 90,00 cm. St\u00f3\u0142 znajduje si\u0119 w Instytucie Nauk Le\u015bnych w Hajn\u00f3wce.<\/p>\n","protected":false},"featured_media":13840,"comment_status":"closed","ping_status":"closed","template":"","meta":[],"product_brand":[],"product_cat":[40],"product_tag":[],"class_list":{"0":"post-13839","1":"product","2":"type-product","3":"status-publish","4":"has-post-thumbnail","6":"product_cat-sprzedaz","8":"first","9":"instock","10":"sold-individually","11":"shipping-taxable","12":"product-type-auction"},"publishpress_future_action":{"enabled":false,"date":"2026-04-12 19:54:21","action":"change-status","newStatus":"draft","terms":[],"taxonomy":"product_cat","extraData":[]},"publishpress_future_workflow_manual_trigger":{"enabledWorkflows":[]},"_links":{"self":[{"href":"https:\/\/zsdpb.edu.pl\/index.php\/wp-json\/wp\/v2\/product\/13839","targetHints":{"allow":["GET"]}}],"collection":[{"href":"https:\/\/zsdpb.edu.pl\/index.php\/wp-json\/wp\/v2\/product"}],"about":[{"href":"https:\/\/zsdpb.edu.pl\/index.php\/wp-json\/wp\/v2\/types\/product"}],"replies":[{"embeddable":true,"href":"https:\/\/zsdpb.edu.pl\/index.php\/wp-json\/wp\/v2\/comments?post=13839"}],"wp:featuredmedia":[{"embeddable":true,"href":"https:\/\/zsdpb.edu.pl\/index.php\/wp-json\/wp\/v2\/media\/13840"}],"wp:attachment":[{"href":"https:\/\/zsdpb.edu.pl\/index.php\/wp-json\/wp\/v2\/media?parent=13839"}],"wp:term":[{"taxonomy":"product_brand","embeddable":true,"href":"https:\/\/zsdpb.edu.pl\/index.php\/wp-json\/wp\/v2\/product_brand?post=13839"},{"taxonomy":"product_cat","embeddable":true,"href":"https:\/\/zsdpb.edu.pl\/index.php\/wp-json\/wp\/v2\/product_cat?post=13839"},{"taxonomy":"product_tag","embeddable":true,"href":"https:\/\/zsdpb.edu.pl\/index.php\/wp-json\/wp\/v2\/product_tag?post=13839"}],"curies":[{"name":"wp","href":"https:\/\/api.w.org\/{rel}","templated":true}]}}