{"id":13874,"date":"2023-02-22T09:32:02","date_gmt":"2023-02-22T08:32:02","guid":{"rendered":"https:\/\/zsdpb.edu.pl\/?post_type=product&#038;p=13874"},"modified":"2023-03-24T08:38:49","modified_gmt":"2023-03-24T07:38:49","slug":"komputer-notebook-asus-11-2023-11","status":"publish","type":"product","link":"https:\/\/zsdpb.edu.pl\/index.php\/produkt\/komputer-notebook-asus-11-2023-11\/","title":{"rendered":"KOMPUTER NOTEBOOK ASUS (11\/2023\/11)"},"content":{"rendered":"<ul>\n<li>KOMPUTER NOTEBOOK ASUS wyprodukowany w 2008 roku.<\/li>\n<li>Parametry w momencie zakupu: KOMPUTER NOTEBOOK ASUS F5RL &#8211; AAP302H,WIN XP HOME; OFFICE STD 2007 PL EDU.<\/li>\n<li>Nie uruchamia si\u0119.<\/li>\n<li>W komplecie: zasilacz.<\/li>\n<li>Sprz\u0119t pozbawiony no\u015bnik\u00f3w magnetycznych i licencji.<\/li>\n<\/ul>\n","protected":false},"excerpt":{"rendered":"<p>KOMPUTER NOTEBOOK ASUS wyprodukowany w 2008 roku. Parametry w momencie zakupu: KOMPUTER NOTEBOOK ASUS F5RL &#8211; AAP302H,WIN XP HOME; OFFICE STD 2007 PL EDU. Nie uruchamia si\u0119. W komplecie: zasilacz. Sprz\u0119t pozbawiony no\u015bnik\u00f3w magnetycznych i licencji.<\/p>\n","protected":false},"featured_media":13875,"comment_status":"closed","ping_status":"closed","template":"","meta":[],"product_brand":[],"product_cat":[40],"product_tag":[],"class_list":{"0":"post-13874","1":"product","2":"type-product","3":"status-publish","4":"has-post-thumbnail","6":"product_cat-sprzedaz","8":"first","9":"outofstock","10":"sold-individually","11":"shipping-taxable","12":"product-type-auction"},"publishpress_future_action":{"enabled":false,"date":"2026-05-09 11:13:45","action":"change-status","newStatus":"draft","terms":[],"taxonomy":"product_cat","extraData":[]},"publishpress_future_workflow_manual_trigger":{"enabledWorkflows":[]},"_links":{"self":[{"href":"https:\/\/zsdpb.edu.pl\/index.php\/wp-json\/wp\/v2\/product\/13874","targetHints":{"allow":["GET"]}}],"collection":[{"href":"https:\/\/zsdpb.edu.pl\/index.php\/wp-json\/wp\/v2\/product"}],"about":[{"href":"https:\/\/zsdpb.edu.pl\/index.php\/wp-json\/wp\/v2\/types\/product"}],"replies":[{"embeddable":true,"href":"https:\/\/zsdpb.edu.pl\/index.php\/wp-json\/wp\/v2\/comments?post=13874"}],"wp:featuredmedia":[{"embeddable":true,"href":"https:\/\/zsdpb.edu.pl\/index.php\/wp-json\/wp\/v2\/media\/13875"}],"wp:attachment":[{"href":"https:\/\/zsdpb.edu.pl\/index.php\/wp-json\/wp\/v2\/media?parent=13874"}],"wp:term":[{"taxonomy":"product_brand","embeddable":true,"href":"https:\/\/zsdpb.edu.pl\/index.php\/wp-json\/wp\/v2\/product_brand?post=13874"},{"taxonomy":"product_cat","embeddable":true,"href":"https:\/\/zsdpb.edu.pl\/index.php\/wp-json\/wp\/v2\/product_cat?post=13874"},{"taxonomy":"product_tag","embeddable":true,"href":"https:\/\/zsdpb.edu.pl\/index.php\/wp-json\/wp\/v2\/product_tag?post=13874"}],"curies":[{"name":"wp","href":"https:\/\/api.w.org\/{rel}","templated":true}]}}