{"id":14271,"date":"2023-09-05T10:12:49","date_gmt":"2023-09-05T08:12:49","guid":{"rendered":"https:\/\/zsdpb.edu.pl\/?post_type=product&#038;p=14271"},"modified":"2023-09-21T11:38:19","modified_gmt":"2023-09-21T09:38:19","slug":"miernik-zaklocen-laboratoryjnych-lmz-3-62-2023-1","status":"publish","type":"product","link":"https:\/\/zsdpb.edu.pl\/index.php\/produkt\/miernik-zaklocen-laboratoryjnych-lmz-3-62-2023-1\/","title":{"rendered":"MIERNIK ZAK\u0141\u00d3CE\u0143 LABORATORYJNYCH LMZ-3 (62\/2023\/1)"},"content":{"rendered":"<ul>\n<li><span style=\"font-family: georgia, palatino, serif;font-size: 12pt;color: #000000\">Miernik zak\u0142\u00f3ce\u0144 laboratoryjnych LMZ-3 wyprodukowany w 1970 r.<\/span><\/li>\n<li><span style=\"font-family: georgia, palatino, serif;font-size: 12pt;color: #000000\">W zestawie m. in. komplet pomocniczy do pomiaru zak\u0142\u00f3ce\u0144 typ KPZ-1, zesp\u00f3\u0142 anten, podstawka do anten, statyw.<\/span><\/li>\n<li><span style=\"font-family: georgia, palatino, serif;font-size: 12pt;color: #000000\">Brak mo\u017cliwo\u015bci zweryfikowania sprawno\u015bci urz\u0105dzenia; ostatnia osoba korzystaj\u0105ca z miernika nie zg\u0142asza\u0142a \u017cadnych problem\u00f3w dotycz\u0105cych jego u\u017cytkowania.<\/span><br \/>\n&nbsp;<\/p>\n<p>&nbsp;<\/p>\n<p>&nbsp;<\/p>\n<p>&nbsp;<\/li>\n<\/ul>\n","protected":false},"excerpt":{"rendered":"<p>Miernik zak\u0142\u00f3ce\u0144 laboratoryjnych LMZ-3 wyprodukowany w 1970 r. W zestawie m. in. komplet pomocniczy do pomiaru zak\u0142\u00f3ce\u0144 typ KPZ-1, zesp\u00f3\u0142 anten, podstawka do anten, statyw. Brak mo\u017cliwo\u015bci zweryfikowania sprawno\u015bci urz\u0105dzenia; ostatnia osoba korzystaj\u0105ca z miernika nie zg\u0142asza\u0142a \u017cadnych problem\u00f3w dotycz\u0105cych jego u\u017cytkowania. &nbsp; &nbsp; &nbsp; &nbsp;<\/p>\n","protected":false},"featured_media":14272,"comment_status":"closed","ping_status":"closed","template":"","meta":[],"product_brand":[],"product_cat":[40],"product_tag":[],"class_list":{"0":"post-14271","1":"product","2":"type-product","3":"status-publish","4":"has-post-thumbnail","6":"product_cat-sprzedaz","8":"first","9":"instock","10":"sold-individually","11":"shipping-taxable","12":"product-type-auction"},"publishpress_future_action":{"enabled":false,"date":"2026-04-14 05:01:08","action":"change-status","newStatus":"draft","terms":[],"taxonomy":"product_cat","extraData":[]},"publishpress_future_workflow_manual_trigger":{"enabledWorkflows":[]},"_links":{"self":[{"href":"https:\/\/zsdpb.edu.pl\/index.php\/wp-json\/wp\/v2\/product\/14271","targetHints":{"allow":["GET"]}}],"collection":[{"href":"https:\/\/zsdpb.edu.pl\/index.php\/wp-json\/wp\/v2\/product"}],"about":[{"href":"https:\/\/zsdpb.edu.pl\/index.php\/wp-json\/wp\/v2\/types\/product"}],"replies":[{"embeddable":true,"href":"https:\/\/zsdpb.edu.pl\/index.php\/wp-json\/wp\/v2\/comments?post=14271"}],"wp:featuredmedia":[{"embeddable":true,"href":"https:\/\/zsdpb.edu.pl\/index.php\/wp-json\/wp\/v2\/media\/14272"}],"wp:attachment":[{"href":"https:\/\/zsdpb.edu.pl\/index.php\/wp-json\/wp\/v2\/media?parent=14271"}],"wp:term":[{"taxonomy":"product_brand","embeddable":true,"href":"https:\/\/zsdpb.edu.pl\/index.php\/wp-json\/wp\/v2\/product_brand?post=14271"},{"taxonomy":"product_cat","embeddable":true,"href":"https:\/\/zsdpb.edu.pl\/index.php\/wp-json\/wp\/v2\/product_cat?post=14271"},{"taxonomy":"product_tag","embeddable":true,"href":"https:\/\/zsdpb.edu.pl\/index.php\/wp-json\/wp\/v2\/product_tag?post=14271"}],"curies":[{"name":"wp","href":"https:\/\/api.w.org\/{rel}","templated":true}]}}