{"id":14389,"date":"2023-09-26T12:42:53","date_gmt":"2023-09-26T10:42:53","guid":{"rendered":"https:\/\/zsdpb.edu.pl\/?post_type=product&#038;p=14389"},"modified":"2023-11-01T00:11:44","modified_gmt":"2023-10-31T23:11:44","slug":"notebook-toshiba-satellite-66-2023-6","status":"publish","type":"product","link":"https:\/\/zsdpb.edu.pl\/index.php\/produkt\/notebook-toshiba-satellite-66-2023-6\/","title":{"rendered":"NOTEBOOK TOSHIBA SATELLITE [66\/2023\/6]"},"content":{"rendered":"<ul>\n<li>NOTEBOOK TOSHIBA SATELLITE L500 I3-330M wyprodukowany w 2010 roku.<\/li>\n<li>Komputer niesprawny, brak baterii i kabla zasilaj\u0105cego.<\/li>\n<li>Sprz\u0119t pozbawiony no\u015bnik\u00f3w magnetycznych i licencji.<\/li>\n<\/ul>\n","protected":false},"excerpt":{"rendered":"<p>NOTEBOOK TOSHIBA SATELLITE L500 I3-330M wyprodukowany w 2010 roku. Komputer niesprawny, brak baterii i kabla zasilaj\u0105cego. Sprz\u0119t pozbawiony no\u015bnik\u00f3w magnetycznych i licencji.<\/p>\n","protected":false},"featured_media":14390,"comment_status":"closed","ping_status":"closed","template":"","meta":[],"product_brand":[],"product_cat":[40],"product_tag":[],"class_list":{"0":"post-14389","1":"product","2":"type-product","3":"status-publish","4":"has-post-thumbnail","6":"product_cat-sprzedaz","8":"first","9":"outofstock","10":"sold-individually","11":"shipping-taxable","12":"product-type-auction"},"publishpress_future_action":{"enabled":false,"date":"2026-04-14 20:54:27","action":"change-status","newStatus":"draft","terms":[],"taxonomy":"product_cat","extraData":[]},"publishpress_future_workflow_manual_trigger":{"enabledWorkflows":[]},"_links":{"self":[{"href":"https:\/\/zsdpb.edu.pl\/index.php\/wp-json\/wp\/v2\/product\/14389","targetHints":{"allow":["GET"]}}],"collection":[{"href":"https:\/\/zsdpb.edu.pl\/index.php\/wp-json\/wp\/v2\/product"}],"about":[{"href":"https:\/\/zsdpb.edu.pl\/index.php\/wp-json\/wp\/v2\/types\/product"}],"replies":[{"embeddable":true,"href":"https:\/\/zsdpb.edu.pl\/index.php\/wp-json\/wp\/v2\/comments?post=14389"}],"wp:featuredmedia":[{"embeddable":true,"href":"https:\/\/zsdpb.edu.pl\/index.php\/wp-json\/wp\/v2\/media\/14390"}],"wp:attachment":[{"href":"https:\/\/zsdpb.edu.pl\/index.php\/wp-json\/wp\/v2\/media?parent=14389"}],"wp:term":[{"taxonomy":"product_brand","embeddable":true,"href":"https:\/\/zsdpb.edu.pl\/index.php\/wp-json\/wp\/v2\/product_brand?post=14389"},{"taxonomy":"product_cat","embeddable":true,"href":"https:\/\/zsdpb.edu.pl\/index.php\/wp-json\/wp\/v2\/product_cat?post=14389"},{"taxonomy":"product_tag","embeddable":true,"href":"https:\/\/zsdpb.edu.pl\/index.php\/wp-json\/wp\/v2\/product_tag?post=14389"}],"curies":[{"name":"wp","href":"https:\/\/api.w.org\/{rel}","templated":true}]}}