{"id":14508,"date":"2023-11-20T09:09:38","date_gmt":"2023-11-20T08:09:38","guid":{"rendered":"https:\/\/zsdpb.edu.pl\/?post_type=product&#038;p=14508"},"modified":"2024-08-30T02:43:39","modified_gmt":"2024-08-30T00:43:39","slug":"lodz-zaglowa-bez-2-107-2023-2","status":"publish","type":"product","link":"https:\/\/zsdpb.edu.pl\/index.php\/produkt\/lodz-zaglowa-bez-2-107-2023-2\/","title":{"rendered":"(107\/2023\/2) \u0141\u00d3D\u0179  \u017bAGLOWA BEZ-2"},"content":{"rendered":"<ul>\n<li>\u0141\u00d3D\u0179\u00a0 \u017bAGLOWA BRZ-2 przyj\u0119ta na ewidencj\u0119 w 1986 roku.<\/li>\n<li>Brak dokumentacji.<\/li>\n<li>Wyeksploatowana, brak osprz\u0119tu.<\/li>\n<li>Za\u0142adunek i transport we w\u0142asnym zakresie.<\/li>\n<\/ul>\n","protected":false},"excerpt":{"rendered":"<p>\u0141\u00d3D\u0179\u00a0 \u017bAGLOWA BRZ-2 przyj\u0119ta na ewidencj\u0119 w 1986 roku. Brak dokumentacji. Wyeksploatowana, brak osprz\u0119tu. Za\u0142adunek i transport we w\u0142asnym zakresie.<\/p>\n","protected":false},"featured_media":14509,"comment_status":"closed","ping_status":"closed","template":"","meta":[],"product_brand":[],"product_cat":[40],"product_tag":[],"class_list":{"0":"post-14508","1":"product","2":"type-product","3":"status-publish","4":"has-post-thumbnail","6":"product_cat-sprzedaz","8":"first","9":"outofstock","10":"sold-individually","11":"shipping-taxable","12":"product-type-auction"},"publishpress_future_action":{"enabled":false,"date":"2026-05-06 11:17:00","action":"change-status","newStatus":"draft","terms":[],"taxonomy":"product_cat","extraData":[]},"publishpress_future_workflow_manual_trigger":{"enabledWorkflows":[]},"_links":{"self":[{"href":"https:\/\/zsdpb.edu.pl\/index.php\/wp-json\/wp\/v2\/product\/14508","targetHints":{"allow":["GET"]}}],"collection":[{"href":"https:\/\/zsdpb.edu.pl\/index.php\/wp-json\/wp\/v2\/product"}],"about":[{"href":"https:\/\/zsdpb.edu.pl\/index.php\/wp-json\/wp\/v2\/types\/product"}],"replies":[{"embeddable":true,"href":"https:\/\/zsdpb.edu.pl\/index.php\/wp-json\/wp\/v2\/comments?post=14508"}],"wp:featuredmedia":[{"embeddable":true,"href":"https:\/\/zsdpb.edu.pl\/index.php\/wp-json\/wp\/v2\/media\/14509"}],"wp:attachment":[{"href":"https:\/\/zsdpb.edu.pl\/index.php\/wp-json\/wp\/v2\/media?parent=14508"}],"wp:term":[{"taxonomy":"product_brand","embeddable":true,"href":"https:\/\/zsdpb.edu.pl\/index.php\/wp-json\/wp\/v2\/product_brand?post=14508"},{"taxonomy":"product_cat","embeddable":true,"href":"https:\/\/zsdpb.edu.pl\/index.php\/wp-json\/wp\/v2\/product_cat?post=14508"},{"taxonomy":"product_tag","embeddable":true,"href":"https:\/\/zsdpb.edu.pl\/index.php\/wp-json\/wp\/v2\/product_tag?post=14508"}],"curies":[{"name":"wp","href":"https:\/\/api.w.org\/{rel}","templated":true}]}}