{"id":14532,"date":"2023-11-20T09:24:04","date_gmt":"2023-11-20T08:24:04","guid":{"rendered":"https:\/\/zsdpb.edu.pl\/?post_type=product&#038;p=14532"},"modified":"2024-08-23T14:35:05","modified_gmt":"2024-08-23T12:35:05","slug":"jacht-maestro-mors-rt-107-2023-5","status":"publish","type":"product","link":"https:\/\/zsdpb.edu.pl\/index.php\/produkt\/jacht-maestro-mors-rt-107-2023-5\/","title":{"rendered":"(107\/2023\/5) JACHT MAESTRO MORS-RT"},"content":{"rendered":"<ul>\n<li>JACHT MAESTRO MORS-RT przyj\u0119ty na ewidencj\u0119 1998 roku.<\/li>\n<li>Brak dokumentacji.<\/li>\n<li>Wyeksploatowany, do odrestaurowania. Brak osprz\u0119tu.<\/li>\n<li>Za\u0142adunek i transport we w\u0142asnym zakresie.<\/li>\n<\/ul>\n","protected":false},"excerpt":{"rendered":"<p>JACHT MAESTRO MORS-RT przyj\u0119ty na ewidencj\u0119 1998 roku. Brak dokumentacji. Wyeksploatowany, do odrestaurowania. Brak osprz\u0119tu. Za\u0142adunek i transport we w\u0142asnym zakresie.<\/p>\n","protected":false},"featured_media":14533,"comment_status":"closed","ping_status":"closed","template":"","meta":[],"product_brand":[],"product_cat":[40],"product_tag":[],"class_list":{"0":"post-14532","1":"product","2":"type-product","3":"status-publish","4":"has-post-thumbnail","6":"product_cat-sprzedaz","8":"first","9":"outofstock","10":"sold-individually","11":"shipping-taxable","12":"product-type-auction"},"publishpress_future_action":{"enabled":false,"date":"2026-04-15 21:44:50","action":"change-status","newStatus":"draft","terms":[],"taxonomy":"product_cat","extraData":[]},"publishpress_future_workflow_manual_trigger":{"enabledWorkflows":[]},"_links":{"self":[{"href":"https:\/\/zsdpb.edu.pl\/index.php\/wp-json\/wp\/v2\/product\/14532","targetHints":{"allow":["GET"]}}],"collection":[{"href":"https:\/\/zsdpb.edu.pl\/index.php\/wp-json\/wp\/v2\/product"}],"about":[{"href":"https:\/\/zsdpb.edu.pl\/index.php\/wp-json\/wp\/v2\/types\/product"}],"replies":[{"embeddable":true,"href":"https:\/\/zsdpb.edu.pl\/index.php\/wp-json\/wp\/v2\/comments?post=14532"}],"wp:featuredmedia":[{"embeddable":true,"href":"https:\/\/zsdpb.edu.pl\/index.php\/wp-json\/wp\/v2\/media\/14533"}],"wp:attachment":[{"href":"https:\/\/zsdpb.edu.pl\/index.php\/wp-json\/wp\/v2\/media?parent=14532"}],"wp:term":[{"taxonomy":"product_brand","embeddable":true,"href":"https:\/\/zsdpb.edu.pl\/index.php\/wp-json\/wp\/v2\/product_brand?post=14532"},{"taxonomy":"product_cat","embeddable":true,"href":"https:\/\/zsdpb.edu.pl\/index.php\/wp-json\/wp\/v2\/product_cat?post=14532"},{"taxonomy":"product_tag","embeddable":true,"href":"https:\/\/zsdpb.edu.pl\/index.php\/wp-json\/wp\/v2\/product_tag?post=14532"}],"curies":[{"name":"wp","href":"https:\/\/api.w.org\/{rel}","templated":true}]}}