{"id":14541,"date":"2023-11-20T09:27:44","date_gmt":"2023-11-20T08:27:44","guid":{"rendered":"https:\/\/zsdpb.edu.pl\/?post_type=product&#038;p=14541"},"modified":"2024-08-28T13:28:48","modified_gmt":"2024-08-28T11:28:48","slug":"jacht-rio-mors-rt-107-2023-6","status":"publish","type":"product","link":"https:\/\/zsdpb.edu.pl\/index.php\/produkt\/jacht-rio-mors-rt-107-2023-6\/","title":{"rendered":"(107\/2023\/6) JACHT RIO MORS-RT"},"content":{"rendered":"<ul>\n<li>JACHT RIO MORS-RT przyj\u0119ty na ewidencj\u0119 w 1998 roku.<\/li>\n<li>Brak dokumentacji.<\/li>\n<li>Wyeksploatowany, do odrestaurowania. Brak osprz\u0119tu.<\/li>\n<li>Za\u0142adunek i transport we w\u0142asnym zakresie.<\/li>\n<\/ul>\n","protected":false},"excerpt":{"rendered":"<p>JACHT RIO MORS-RT przyj\u0119ty na ewidencj\u0119 w 1998 roku. Brak dokumentacji. Wyeksploatowany, do odrestaurowania. Brak osprz\u0119tu. Za\u0142adunek i transport we w\u0142asnym zakresie.<\/p>\n","protected":false},"featured_media":14542,"comment_status":"closed","ping_status":"closed","template":"","meta":[],"product_brand":[],"product_cat":[40],"product_tag":[],"class_list":{"0":"post-14541","1":"product","2":"type-product","3":"status-publish","4":"has-post-thumbnail","6":"product_cat-sprzedaz","8":"first","9":"outofstock","10":"sold-individually","11":"shipping-taxable","12":"product-type-auction"},"publishpress_future_action":{"enabled":false,"date":"2026-05-13 18:25:13","action":"change-status","newStatus":"draft","terms":[],"taxonomy":"product_cat","extraData":[]},"publishpress_future_workflow_manual_trigger":{"enabledWorkflows":[]},"_links":{"self":[{"href":"https:\/\/zsdpb.edu.pl\/index.php\/wp-json\/wp\/v2\/product\/14541","targetHints":{"allow":["GET"]}}],"collection":[{"href":"https:\/\/zsdpb.edu.pl\/index.php\/wp-json\/wp\/v2\/product"}],"about":[{"href":"https:\/\/zsdpb.edu.pl\/index.php\/wp-json\/wp\/v2\/types\/product"}],"replies":[{"embeddable":true,"href":"https:\/\/zsdpb.edu.pl\/index.php\/wp-json\/wp\/v2\/comments?post=14541"}],"wp:featuredmedia":[{"embeddable":true,"href":"https:\/\/zsdpb.edu.pl\/index.php\/wp-json\/wp\/v2\/media\/14542"}],"wp:attachment":[{"href":"https:\/\/zsdpb.edu.pl\/index.php\/wp-json\/wp\/v2\/media?parent=14541"}],"wp:term":[{"taxonomy":"product_brand","embeddable":true,"href":"https:\/\/zsdpb.edu.pl\/index.php\/wp-json\/wp\/v2\/product_brand?post=14541"},{"taxonomy":"product_cat","embeddable":true,"href":"https:\/\/zsdpb.edu.pl\/index.php\/wp-json\/wp\/v2\/product_cat?post=14541"},{"taxonomy":"product_tag","embeddable":true,"href":"https:\/\/zsdpb.edu.pl\/index.php\/wp-json\/wp\/v2\/product_tag?post=14541"}],"curies":[{"name":"wp","href":"https:\/\/api.w.org\/{rel}","templated":true}]}}