{"id":14734,"date":"2024-02-01T12:39:27","date_gmt":"2024-02-01T11:39:27","guid":{"rendered":"https:\/\/zsdpb.edu.pl\/?post_type=product&#038;p=14734"},"modified":"2024-03-02T00:01:26","modified_gmt":"2024-03-01T23:01:26","slug":"notebook-lenovo-thinkpad-t520i-20-2024-4","status":"publish","type":"product","link":"https:\/\/zsdpb.edu.pl\/index.php\/produkt\/notebook-lenovo-thinkpad-t520i-20-2024-4\/","title":{"rendered":"NOTEBOOK LENOVO THINKPAD T520I (20\/2024\/4)"},"content":{"rendered":"<ul>\n<li><span style=\"font-family: georgia, palatino, serif;font-size: 12pt;color: #000000\">Notebook LENOVO THINKPAD T520I wyprodukowany w 2012 r.<\/span><\/li>\n<li><span style=\"font-family: georgia, palatino, serif;font-size: 12pt;color: #000000\">Brak mo\u017cliwo\u015bci zweryfikowania sprawno\u015bci urz\u0105dzenia \u2013 brak zasilacza. Nosi wyra\u017ane oznaki wyeksploatowania.<\/span><\/li>\n<li><span style=\"font-family: georgia, palatino, serif;font-size: 12pt;color: #000000\">Parametry w momencie zakupu: NOTEBOOK LENOVO THINKPAD T520I 15,6&#8243; HD + NW667PB; I3-2350M\/4GB\/500GB\/INTELHD\/DVD\/W7PR64.<\/span><\/li>\n<li><span style=\"font-family: georgia, palatino, serif;font-size: 12pt;color: #000000\">Brak torby.<\/span><\/li>\n<li><span style=\"font-family: georgia, palatino, serif;font-size: 12pt;color: #000000\">Sprz\u0119t pozbawiony no\u015bnik\u00f3w magnetycznych i licencji.<\/span>&nbsp;\n<p>&nbsp;<\/p>\n<p>&nbsp;<\/p>\n<p>&nbsp;<\/li>\n<\/ul>\n","protected":false},"excerpt":{"rendered":"<p>Notebook LENOVO THINKPAD T520I wyprodukowany w 2012 r. Brak mo\u017cliwo\u015bci zweryfikowania sprawno\u015bci urz\u0105dzenia \u2013 brak zasilacza. Nosi wyra\u017ane oznaki wyeksploatowania. Parametry w momencie zakupu: NOTEBOOK LENOVO THINKPAD T520I 15,6&#8243; HD + NW667PB; I3-2350M\/4GB\/500GB\/INTELHD\/DVD\/W7PR64. Brak torby. Sprz\u0119t pozbawiony no\u015bnik\u00f3w magnetycznych i licencji.&nbsp; &nbsp; &nbsp; &nbsp;<\/p>\n","protected":false},"featured_media":14738,"comment_status":"closed","ping_status":"closed","template":"","meta":[],"product_brand":[],"product_cat":[40],"product_tag":[],"class_list":{"0":"post-14734","1":"product","2":"type-product","3":"status-publish","4":"has-post-thumbnail","6":"product_cat-sprzedaz","8":"first","9":"outofstock","10":"sold-individually","11":"shipping-taxable","12":"product-type-auction"},"publishpress_future_action":{"enabled":false,"date":"2026-04-22 09:26:32","action":"change-status","newStatus":"draft","terms":[],"taxonomy":"product_cat","extraData":[]},"publishpress_future_workflow_manual_trigger":{"enabledWorkflows":[]},"_links":{"self":[{"href":"https:\/\/zsdpb.edu.pl\/index.php\/wp-json\/wp\/v2\/product\/14734","targetHints":{"allow":["GET"]}}],"collection":[{"href":"https:\/\/zsdpb.edu.pl\/index.php\/wp-json\/wp\/v2\/product"}],"about":[{"href":"https:\/\/zsdpb.edu.pl\/index.php\/wp-json\/wp\/v2\/types\/product"}],"replies":[{"embeddable":true,"href":"https:\/\/zsdpb.edu.pl\/index.php\/wp-json\/wp\/v2\/comments?post=14734"}],"wp:featuredmedia":[{"embeddable":true,"href":"https:\/\/zsdpb.edu.pl\/index.php\/wp-json\/wp\/v2\/media\/14738"}],"wp:attachment":[{"href":"https:\/\/zsdpb.edu.pl\/index.php\/wp-json\/wp\/v2\/media?parent=14734"}],"wp:term":[{"taxonomy":"product_brand","embeddable":true,"href":"https:\/\/zsdpb.edu.pl\/index.php\/wp-json\/wp\/v2\/product_brand?post=14734"},{"taxonomy":"product_cat","embeddable":true,"href":"https:\/\/zsdpb.edu.pl\/index.php\/wp-json\/wp\/v2\/product_cat?post=14734"},{"taxonomy":"product_tag","embeddable":true,"href":"https:\/\/zsdpb.edu.pl\/index.php\/wp-json\/wp\/v2\/product_tag?post=14734"}],"curies":[{"name":"wp","href":"https:\/\/api.w.org\/{rel}","templated":true}]}}