{"id":14739,"date":"2024-02-01T12:42:46","date_gmt":"2024-02-01T11:42:46","guid":{"rendered":"https:\/\/zsdpb.edu.pl\/?post_type=product&#038;p=14739"},"modified":"2024-03-01T23:59:33","modified_gmt":"2024-03-01T22:59:33","slug":"notebook-asus-n450-20-2024-5","status":"publish","type":"product","link":"https:\/\/zsdpb.edu.pl\/index.php\/produkt\/notebook-asus-n450-20-2024-5\/","title":{"rendered":"NOTEBOOK ASUS N450 (20\/2024\/5)"},"content":{"rendered":"<ul>\n<li><span style=\"font-family: georgia, palatino, serif;font-size: 12pt;color: #000000\">Notebook ASUS N450 wyprodukowany w 2010 r.<\/span><\/li>\n<li><span style=\"font-family: georgia, palatino, serif;font-size: 12pt;color: #000000\">Brak mo\u017cliwo\u015bci zweryfikowania sprawno\u015bci urz\u0105dzenia \u2013 brak zasilacza. Nosi wyra\u017ane oznaki wyeksploatowania.<\/span><\/li>\n<li><span style=\"font-family: georgia, palatino, serif;font-size: 12pt;color: #000000\">Parametry w momencie zakupu: NOTEBOOK ASUS N450 160GB 2GB WLAN 10,1&#8243; VC W7 + MYSZ + TORBA, NR: A3OAAAS518445 + NAP\u0118D LG DVD+\/-RW GP08NU20, NR: 004HKKS140173.<\/span><\/li>\n<li><span style=\"font-family: georgia, palatino, serif;font-size: 12pt;color: #000000\">Brak zasilacza oraz myszy.<\/span><\/li>\n<li><span style=\"font-family: georgia, palatino, serif;font-size: 12pt;color: #000000\">W komplecie torba.<\/span><\/li>\n<li><span style=\"font-family: georgia, palatino, serif;font-size: 12pt;color: #000000\">Sprz\u0119t pozbawiony no\u015bnik\u00f3w magnetycznych i licencji.<br \/>\n<\/span>&nbsp;<\/p>\n<p>&nbsp;<\/p>\n<p>&nbsp;<\/li>\n<\/ul>\n","protected":false},"excerpt":{"rendered":"<p>Notebook ASUS N450 wyprodukowany w 2010 r. Brak mo\u017cliwo\u015bci zweryfikowania sprawno\u015bci urz\u0105dzenia \u2013 brak zasilacza. Nosi wyra\u017ane oznaki wyeksploatowania. Parametry w momencie zakupu: NOTEBOOK ASUS N450 160GB 2GB WLAN 10,1&#8243; VC W7 + MYSZ + TORBA, NR: A3OAAAS518445 + NAP\u0118D LG DVD+\/-RW GP08NU20, NR: 004HKKS140173. Brak zasilacza oraz myszy. W [\u2026] <\/p>\n<div class=\"clear\"><\/div>\n<p><a class=\"more_link clearfix\" href=\"https:\/\/zsdpb.edu.pl\/index.php\/produkt\/notebook-asus-n450-20-2024-5\/\" rel=\"nofollow\">Read More<\/a><\/p>\n","protected":false},"featured_media":14743,"comment_status":"closed","ping_status":"closed","template":"","meta":[],"product_brand":[],"product_cat":[40],"product_tag":[],"class_list":{"0":"post-14739","1":"product","2":"type-product","3":"status-publish","4":"has-post-thumbnail","6":"product_cat-sprzedaz","8":"first","9":"outofstock","10":"sold-individually","11":"shipping-taxable","12":"product-type-auction"},"publishpress_future_action":{"enabled":false,"date":"2026-05-11 16:53:53","action":"change-status","newStatus":"draft","terms":[],"taxonomy":"product_cat","extraData":[]},"publishpress_future_workflow_manual_trigger":{"enabledWorkflows":[]},"_links":{"self":[{"href":"https:\/\/zsdpb.edu.pl\/index.php\/wp-json\/wp\/v2\/product\/14739","targetHints":{"allow":["GET"]}}],"collection":[{"href":"https:\/\/zsdpb.edu.pl\/index.php\/wp-json\/wp\/v2\/product"}],"about":[{"href":"https:\/\/zsdpb.edu.pl\/index.php\/wp-json\/wp\/v2\/types\/product"}],"replies":[{"embeddable":true,"href":"https:\/\/zsdpb.edu.pl\/index.php\/wp-json\/wp\/v2\/comments?post=14739"}],"wp:featuredmedia":[{"embeddable":true,"href":"https:\/\/zsdpb.edu.pl\/index.php\/wp-json\/wp\/v2\/media\/14743"}],"wp:attachment":[{"href":"https:\/\/zsdpb.edu.pl\/index.php\/wp-json\/wp\/v2\/media?parent=14739"}],"wp:term":[{"taxonomy":"product_brand","embeddable":true,"href":"https:\/\/zsdpb.edu.pl\/index.php\/wp-json\/wp\/v2\/product_brand?post=14739"},{"taxonomy":"product_cat","embeddable":true,"href":"https:\/\/zsdpb.edu.pl\/index.php\/wp-json\/wp\/v2\/product_cat?post=14739"},{"taxonomy":"product_tag","embeddable":true,"href":"https:\/\/zsdpb.edu.pl\/index.php\/wp-json\/wp\/v2\/product_tag?post=14739"}],"curies":[{"name":"wp","href":"https:\/\/api.w.org\/{rel}","templated":true}]}}