{"id":14762,"date":"2024-02-01T12:59:28","date_gmt":"2024-02-01T11:59:28","guid":{"rendered":"https:\/\/zsdpb.edu.pl\/?post_type=product&#038;p=14762"},"modified":"2024-03-05T22:08:36","modified_gmt":"2024-03-05T21:08:36","slug":"notebook-sony-vaio-vpc-sb-1v-9e-b-22-2024-8","status":"publish","type":"product","link":"https:\/\/zsdpb.edu.pl\/index.php\/produkt\/notebook-sony-vaio-vpc-sb-1v-9e-b-22-2024-8\/","title":{"rendered":"NOTEBOOK SONY VAIO VPC SB 1V 9E\/B (22\/2024\/8)"},"content":{"rendered":"<ul>\n<li><span style=\"font-family: georgia, palatino, serif;font-size: 12pt;color: #000000\">Notebook SONY VAIO VPC SB 1V 9E\/B wyprodukowany w 2011 r.<\/span><\/li>\n<li><span style=\"font-family: georgia, palatino, serif;font-size: 12pt;color: #000000\">Brak mo\u017cliwo\u015bci zweryfikowania sprawno\u015bci urz\u0105dzenia \u2013 brak zasilacza; nosi wyra\u017ane oznaki wyeksploatowania.<\/span><\/li>\n<li><span style=\"font-family: georgia, palatino, serif;font-size: 12pt;color: #000000\">Brak torby.<\/span><\/li>\n<li><span style=\"font-family: georgia, palatino, serif;font-size: 12pt;color: #000000\">Parametry w momencie zakupu: NOTEBOOK SONY VAIO VPC SB 1V 9E\/B I5-2410M 4GB 500GB 13,3&#8243; AMD RADEON HD6470M + INTELHD GRAPHICS W7P64BIT + MYDX M195 + ETUI 13,3&#8243;.<\/span><\/li>\n<li><span style=\"font-family: georgia, palatino, serif;font-size: 12pt;color: #000000\">Sprz\u0119t pozbawiony no\u015bnik\u00f3w magnetycznych i licencji.<\/span>&nbsp;\n<p>&nbsp;<\/p>\n<p>&nbsp;<\/p>\n<p>&nbsp;<\/li>\n<\/ul>\n","protected":false},"excerpt":{"rendered":"<p>Notebook SONY VAIO VPC SB 1V 9E\/B wyprodukowany w 2011 r. Brak mo\u017cliwo\u015bci zweryfikowania sprawno\u015bci urz\u0105dzenia \u2013 brak zasilacza; nosi wyra\u017ane oznaki wyeksploatowania. Brak torby. Parametry w momencie zakupu: NOTEBOOK SONY VAIO VPC SB 1V 9E\/B I5-2410M 4GB 500GB 13,3&#8243; AMD RADEON HD6470M + INTELHD GRAPHICS W7P64BIT + MYDX M195 [\u2026] <\/p>\n<div class=\"clear\"><\/div>\n<p><a class=\"more_link clearfix\" href=\"https:\/\/zsdpb.edu.pl\/index.php\/produkt\/notebook-sony-vaio-vpc-sb-1v-9e-b-22-2024-8\/\" rel=\"nofollow\">Read More<\/a><\/p>\n","protected":false},"featured_media":14766,"comment_status":"closed","ping_status":"closed","template":"","meta":[],"product_brand":[],"product_cat":[40],"product_tag":[],"class_list":{"0":"post-14762","1":"product","2":"type-product","3":"status-publish","4":"has-post-thumbnail","6":"product_cat-sprzedaz","8":"first","9":"outofstock","10":"sold-individually","11":"shipping-taxable","12":"product-type-auction"},"publishpress_future_action":{"enabled":false,"date":"2026-04-15 15:54:33","action":"change-status","newStatus":"draft","terms":[],"taxonomy":"product_cat","extraData":[]},"publishpress_future_workflow_manual_trigger":{"enabledWorkflows":[]},"_links":{"self":[{"href":"https:\/\/zsdpb.edu.pl\/index.php\/wp-json\/wp\/v2\/product\/14762","targetHints":{"allow":["GET"]}}],"collection":[{"href":"https:\/\/zsdpb.edu.pl\/index.php\/wp-json\/wp\/v2\/product"}],"about":[{"href":"https:\/\/zsdpb.edu.pl\/index.php\/wp-json\/wp\/v2\/types\/product"}],"replies":[{"embeddable":true,"href":"https:\/\/zsdpb.edu.pl\/index.php\/wp-json\/wp\/v2\/comments?post=14762"}],"wp:featuredmedia":[{"embeddable":true,"href":"https:\/\/zsdpb.edu.pl\/index.php\/wp-json\/wp\/v2\/media\/14766"}],"wp:attachment":[{"href":"https:\/\/zsdpb.edu.pl\/index.php\/wp-json\/wp\/v2\/media?parent=14762"}],"wp:term":[{"taxonomy":"product_brand","embeddable":true,"href":"https:\/\/zsdpb.edu.pl\/index.php\/wp-json\/wp\/v2\/product_brand?post=14762"},{"taxonomy":"product_cat","embeddable":true,"href":"https:\/\/zsdpb.edu.pl\/index.php\/wp-json\/wp\/v2\/product_cat?post=14762"},{"taxonomy":"product_tag","embeddable":true,"href":"https:\/\/zsdpb.edu.pl\/index.php\/wp-json\/wp\/v2\/product_tag?post=14762"}],"curies":[{"name":"wp","href":"https:\/\/api.w.org\/{rel}","templated":true}]}}