{"id":15486,"date":"2024-09-25T09:03:19","date_gmt":"2024-09-25T07:03:19","guid":{"rendered":"https:\/\/zsdpb.edu.pl\/?post_type=product&#038;p=15486"},"modified":"2024-10-25T00:05:02","modified_gmt":"2024-10-24T22:05:02","slug":"telefon-bezprzewodowy-panasonic-113-2024-1","status":"publish","type":"product","link":"https:\/\/zsdpb.edu.pl\/index.php\/produkt\/telefon-bezprzewodowy-panasonic-113-2024-1\/","title":{"rendered":"Telefon bezprzewodowy PANASONIC [113\/2024\/1]"},"content":{"rendered":"<ul>\n<li>Telefon bezprzewodowy PANASONIC sprawny, wycofany z eksploatacji z powodu przej\u015bcia Politechniki Bia\u0142ostockiej na telefoni\u0119 IP.\n<p style=\"text-align: center\">\n<p style=\"text-align: center\">\n<\/li>\n<\/ul>\n","protected":false},"excerpt":{"rendered":"<p>Telefon bezprzewodowy PANASONIC sprawny, wycofany z eksploatacji z powodu przej\u015bcia Politechniki Bia\u0142ostockiej na telefoni\u0119 IP.<\/p>\n","protected":false},"featured_media":15487,"comment_status":"closed","ping_status":"closed","template":"","meta":[],"product_brand":[],"product_cat":[40],"product_tag":[],"class_list":{"0":"post-15486","1":"product","2":"type-product","3":"status-publish","4":"has-post-thumbnail","6":"product_cat-sprzedaz","8":"first","9":"outofstock","10":"sold-individually","11":"shipping-taxable","12":"product-type-auction"},"publishpress_future_action":{"enabled":false,"date":"2026-05-08 06:49:01","action":"change-status","newStatus":"draft","terms":[],"taxonomy":"product_cat","extraData":[]},"publishpress_future_workflow_manual_trigger":{"enabledWorkflows":[]},"_links":{"self":[{"href":"https:\/\/zsdpb.edu.pl\/index.php\/wp-json\/wp\/v2\/product\/15486","targetHints":{"allow":["GET"]}}],"collection":[{"href":"https:\/\/zsdpb.edu.pl\/index.php\/wp-json\/wp\/v2\/product"}],"about":[{"href":"https:\/\/zsdpb.edu.pl\/index.php\/wp-json\/wp\/v2\/types\/product"}],"replies":[{"embeddable":true,"href":"https:\/\/zsdpb.edu.pl\/index.php\/wp-json\/wp\/v2\/comments?post=15486"}],"wp:featuredmedia":[{"embeddable":true,"href":"https:\/\/zsdpb.edu.pl\/index.php\/wp-json\/wp\/v2\/media\/15487"}],"wp:attachment":[{"href":"https:\/\/zsdpb.edu.pl\/index.php\/wp-json\/wp\/v2\/media?parent=15486"}],"wp:term":[{"taxonomy":"product_brand","embeddable":true,"href":"https:\/\/zsdpb.edu.pl\/index.php\/wp-json\/wp\/v2\/product_brand?post=15486"},{"taxonomy":"product_cat","embeddable":true,"href":"https:\/\/zsdpb.edu.pl\/index.php\/wp-json\/wp\/v2\/product_cat?post=15486"},{"taxonomy":"product_tag","embeddable":true,"href":"https:\/\/zsdpb.edu.pl\/index.php\/wp-json\/wp\/v2\/product_tag?post=15486"}],"curies":[{"name":"wp","href":"https:\/\/api.w.org\/{rel}","templated":true}]}}