{"id":15584,"date":"2024-11-12T13:12:09","date_gmt":"2024-11-12T12:12:09","guid":{"rendered":"https:\/\/zsdpb.edu.pl\/?post_type=product&#038;p=15584"},"modified":"2024-11-27T12:59:05","modified_gmt":"2024-11-27T11:59:05","slug":"laptop-dell-latiyude-147-2024-9","status":"publish","type":"product","link":"https:\/\/zsdpb.edu.pl\/index.php\/produkt\/laptop-dell-latiyude-147-2024-9\/","title":{"rendered":"Laptop DELL LATITUDE [147\/2024\/9]"},"content":{"rendered":"<ul>\n<li>Laptop DELL LATITUDE wyprodukowany w 2015 roku.<\/li>\n<li>Spalona karta graficzna, nie dzia\u0142a karta sieciowa.<\/li>\n<li>Brak okablowania.<\/li>\n<li>Sk\u0142adnik maj\u0105tkowy pozbawiony no\u015bnik\u00f3w magnetycznych i licencji.<\/li>\n<\/ul>\n","protected":false},"excerpt":{"rendered":"<p>Laptop DELL LATITUDE wyprodukowany w 2015 roku. Spalona karta graficzna, nie dzia\u0142a karta sieciowa. Brak okablowania. Sk\u0142adnik maj\u0105tkowy pozbawiony no\u015bnik\u00f3w magnetycznych i licencji.<\/p>\n","protected":false},"featured_media":15585,"comment_status":"closed","ping_status":"closed","template":"","meta":[],"product_brand":[],"product_cat":[40],"product_tag":[],"class_list":{"0":"post-15584","1":"product","2":"type-product","3":"status-publish","4":"has-post-thumbnail","6":"product_cat-sprzedaz","8":"first","9":"instock","10":"sold-individually","11":"shipping-taxable","12":"product-type-auction"},"publishpress_future_action":{"enabled":false,"date":"2026-05-22 10:27:09","action":"change-status","newStatus":"draft","terms":[],"taxonomy":"product_cat","extraData":[]},"publishpress_future_workflow_manual_trigger":{"enabledWorkflows":[]},"_links":{"self":[{"href":"https:\/\/zsdpb.edu.pl\/index.php\/wp-json\/wp\/v2\/product\/15584","targetHints":{"allow":["GET"]}}],"collection":[{"href":"https:\/\/zsdpb.edu.pl\/index.php\/wp-json\/wp\/v2\/product"}],"about":[{"href":"https:\/\/zsdpb.edu.pl\/index.php\/wp-json\/wp\/v2\/types\/product"}],"replies":[{"embeddable":true,"href":"https:\/\/zsdpb.edu.pl\/index.php\/wp-json\/wp\/v2\/comments?post=15584"}],"wp:featuredmedia":[{"embeddable":true,"href":"https:\/\/zsdpb.edu.pl\/index.php\/wp-json\/wp\/v2\/media\/15585"}],"wp:attachment":[{"href":"https:\/\/zsdpb.edu.pl\/index.php\/wp-json\/wp\/v2\/media?parent=15584"}],"wp:term":[{"taxonomy":"product_brand","embeddable":true,"href":"https:\/\/zsdpb.edu.pl\/index.php\/wp-json\/wp\/v2\/product_brand?post=15584"},{"taxonomy":"product_cat","embeddable":true,"href":"https:\/\/zsdpb.edu.pl\/index.php\/wp-json\/wp\/v2\/product_cat?post=15584"},{"taxonomy":"product_tag","embeddable":true,"href":"https:\/\/zsdpb.edu.pl\/index.php\/wp-json\/wp\/v2\/product_tag?post=15584"}],"curies":[{"name":"wp","href":"https:\/\/api.w.org\/{rel}","templated":true}]}}