{"id":15600,"date":"2024-11-29T08:50:23","date_gmt":"2024-11-29T07:50:23","guid":{"rendered":"https:\/\/zsdpb.edu.pl\/?post_type=product&#038;p=15600"},"modified":"2025-01-07T11:11:12","modified_gmt":"2025-01-07T10:11:12","slug":"zestaw-prototypowy-at32ap700atmel-atvk-1105-156-2024-ib","status":"publish","type":"product","link":"https:\/\/zsdpb.edu.pl\/index.php\/produkt\/zestaw-prototypowy-at32ap700atmel-atvk-1105-156-2024-ib\/","title":{"rendered":"ZESTAW PROTOTYPOWY AT32AP700ATMEL ATVK 1105 (156\/2024\/IB)"},"content":{"rendered":"<ul>\n<li><span style=\"font-family: georgia, palatino, serif;font-size: 12pt;color: #000000\">Zestaw prototypowy na bazie mikrokontrolera AT32AP700ATMEL ATVK 1105 przyj\u0119ty na ewidencj\u0119 w 2012 r.<\/span><\/li>\n<li><span style=\"font-family: georgia, palatino, serif;font-size: 12pt;color: #000000\">Brak mo\u017cliwo\u015bci zweryfikowania sprawno\u015bci urz\u0105dzenia.<\/span><br \/>\n&nbsp;<\/p>\n<p>&nbsp;<\/p>\n<p>&nbsp;<\/p>\n<p>&nbsp;<\/li>\n<\/ul>\n","protected":false},"excerpt":{"rendered":"<p>Zestaw prototypowy na bazie mikrokontrolera AT32AP700ATMEL ATVK 1105 przyj\u0119ty na ewidencj\u0119 w 2012 r. Brak mo\u017cliwo\u015bci zweryfikowania sprawno\u015bci urz\u0105dzenia. &nbsp; &nbsp; &nbsp; &nbsp;<\/p>\n","protected":false},"featured_media":15602,"comment_status":"closed","ping_status":"closed","template":"","meta":[],"product_brand":[],"product_cat":[40],"product_tag":[],"class_list":{"0":"post-15600","1":"product","2":"type-product","3":"status-publish","4":"has-post-thumbnail","6":"product_cat-sprzedaz","8":"first","9":"outofstock","10":"sold-individually","11":"shipping-taxable","12":"product-type-auction"},"publishpress_future_action":{"enabled":false,"date":"2026-04-12 16:49:59","action":"change-status","newStatus":"draft","terms":[],"taxonomy":"product_cat","extraData":[]},"publishpress_future_workflow_manual_trigger":{"enabledWorkflows":[]},"_links":{"self":[{"href":"https:\/\/zsdpb.edu.pl\/index.php\/wp-json\/wp\/v2\/product\/15600","targetHints":{"allow":["GET"]}}],"collection":[{"href":"https:\/\/zsdpb.edu.pl\/index.php\/wp-json\/wp\/v2\/product"}],"about":[{"href":"https:\/\/zsdpb.edu.pl\/index.php\/wp-json\/wp\/v2\/types\/product"}],"replies":[{"embeddable":true,"href":"https:\/\/zsdpb.edu.pl\/index.php\/wp-json\/wp\/v2\/comments?post=15600"}],"wp:featuredmedia":[{"embeddable":true,"href":"https:\/\/zsdpb.edu.pl\/index.php\/wp-json\/wp\/v2\/media\/15602"}],"wp:attachment":[{"href":"https:\/\/zsdpb.edu.pl\/index.php\/wp-json\/wp\/v2\/media?parent=15600"}],"wp:term":[{"taxonomy":"product_brand","embeddable":true,"href":"https:\/\/zsdpb.edu.pl\/index.php\/wp-json\/wp\/v2\/product_brand?post=15600"},{"taxonomy":"product_cat","embeddable":true,"href":"https:\/\/zsdpb.edu.pl\/index.php\/wp-json\/wp\/v2\/product_cat?post=15600"},{"taxonomy":"product_tag","embeddable":true,"href":"https:\/\/zsdpb.edu.pl\/index.php\/wp-json\/wp\/v2\/product_tag?post=15600"}],"curies":[{"name":"wp","href":"https:\/\/api.w.org\/{rel}","templated":true}]}}