{"id":15862,"date":"2025-02-03T13:11:54","date_gmt":"2025-02-03T12:11:54","guid":{"rendered":"https:\/\/zsdpb.edu.pl\/?post_type=product&#038;p=15862"},"modified":"2025-03-10T10:26:48","modified_gmt":"2025-03-10T09:26:48","slug":"komputer-dell-precision-t1600-16-2025-10","status":"publish","type":"product","link":"https:\/\/zsdpb.edu.pl\/index.php\/produkt\/komputer-dell-precision-t1600-16-2025-10\/","title":{"rendered":"KOMPUTER DELL PRECISION T1600 [16\/2025\/10]"},"content":{"rendered":"<ul>\n<li>Komputer Dell Precision T1600 przyj\u0119ty na ewidencj\u0119 w 2011 roku.<\/li>\n<li>Parametry w momencie zakupu: KOMPUTER DELL PRECISION T1600 (E3-11245; 4GB; 500GB; QUADRO 600; 3Y NBD)<\/li>\n<li>Sprawny, brak okablowania.<\/li>\n<li>Sk\u0142adnik maj\u0105tkowy pozbawiony no\u015bnik\u00f3w magnetycznych i licencji.<\/li>\n<\/ul>\n","protected":false},"excerpt":{"rendered":"<p>Komputer Dell Precision T1600 przyj\u0119ty na ewidencj\u0119 w 2011 roku. Parametry w momencie zakupu: KOMPUTER DELL PRECISION T1600 (E3-11245; 4GB; 500GB; QUADRO 600; 3Y NBD) Sprawny, brak okablowania. Sk\u0142adnik maj\u0105tkowy pozbawiony no\u015bnik\u00f3w magnetycznych i licencji.<\/p>\n","protected":false},"featured_media":15856,"comment_status":"closed","ping_status":"closed","template":"","meta":[],"product_brand":[],"product_cat":[40],"product_tag":[],"class_list":{"0":"post-15862","1":"product","2":"type-product","3":"status-publish","4":"has-post-thumbnail","6":"product_cat-sprzedaz","8":"first","9":"outofstock","10":"sold-individually","11":"shipping-taxable","12":"product-type-auction"},"publishpress_future_action":{"enabled":false,"date":"2026-05-07 22:30:30","action":"change-status","newStatus":"draft","terms":[],"taxonomy":"product_cat","extraData":[]},"publishpress_future_workflow_manual_trigger":{"enabledWorkflows":[]},"_links":{"self":[{"href":"https:\/\/zsdpb.edu.pl\/index.php\/wp-json\/wp\/v2\/product\/15862","targetHints":{"allow":["GET"]}}],"collection":[{"href":"https:\/\/zsdpb.edu.pl\/index.php\/wp-json\/wp\/v2\/product"}],"about":[{"href":"https:\/\/zsdpb.edu.pl\/index.php\/wp-json\/wp\/v2\/types\/product"}],"replies":[{"embeddable":true,"href":"https:\/\/zsdpb.edu.pl\/index.php\/wp-json\/wp\/v2\/comments?post=15862"}],"wp:featuredmedia":[{"embeddable":true,"href":"https:\/\/zsdpb.edu.pl\/index.php\/wp-json\/wp\/v2\/media\/15856"}],"wp:attachment":[{"href":"https:\/\/zsdpb.edu.pl\/index.php\/wp-json\/wp\/v2\/media?parent=15862"}],"wp:term":[{"taxonomy":"product_brand","embeddable":true,"href":"https:\/\/zsdpb.edu.pl\/index.php\/wp-json\/wp\/v2\/product_brand?post=15862"},{"taxonomy":"product_cat","embeddable":true,"href":"https:\/\/zsdpb.edu.pl\/index.php\/wp-json\/wp\/v2\/product_cat?post=15862"},{"taxonomy":"product_tag","embeddable":true,"href":"https:\/\/zsdpb.edu.pl\/index.php\/wp-json\/wp\/v2\/product_tag?post=15862"}],"curies":[{"name":"wp","href":"https:\/\/api.w.org\/{rel}","templated":true}]}}