{"id":16113,"date":"2025-04-03T13:50:12","date_gmt":"2025-04-03T11:50:12","guid":{"rendered":"https:\/\/zsdpb.edu.pl\/?post_type=product&#038;p=16113"},"modified":"2025-05-07T00:01:33","modified_gmt":"2025-05-06T22:01:33","slug":"notebook-asus-x53sv-41-2025-20","status":"publish","type":"product","link":"https:\/\/zsdpb.edu.pl\/index.php\/produkt\/notebook-asus-x53sv-41-2025-20\/","title":{"rendered":"NOTEBOOK ASUS X53SV [41\/2025\/20]"},"content":{"rendered":"<ul>\n<li>NOTEBOOK ASUS X53SV przyj\u0119ty na ewidencj\u0119 w 2013 roku.<\/li>\n<li>Niesprawny. Brak zasilacza.<\/li>\n<li>Sprz\u0119t pozbawiony no\u015bnik\u00f3w magnetycznych i licencji.<\/li>\n<\/ul>\n","protected":false},"excerpt":{"rendered":"<p>NOTEBOOK ASUS X53SV przyj\u0119ty na ewidencj\u0119 w 2013 roku. Niesprawny. Brak zasilacza. Sprz\u0119t pozbawiony no\u015bnik\u00f3w magnetycznych i licencji.<\/p>\n","protected":false},"featured_media":16114,"comment_status":"closed","ping_status":"closed","template":"","meta":[],"product_brand":[],"product_cat":[40],"product_tag":[],"class_list":{"0":"post-16113","1":"product","2":"type-product","3":"status-publish","4":"has-post-thumbnail","6":"product_cat-sprzedaz","8":"first","9":"outofstock","10":"sold-individually","11":"shipping-taxable","12":"product-type-auction"},"publishpress_future_action":{"enabled":false,"date":"2026-04-14 04:24:42","action":"change-status","newStatus":"draft","terms":[],"taxonomy":"product_cat","extraData":[]},"publishpress_future_workflow_manual_trigger":{"enabledWorkflows":[]},"_links":{"self":[{"href":"https:\/\/zsdpb.edu.pl\/index.php\/wp-json\/wp\/v2\/product\/16113","targetHints":{"allow":["GET"]}}],"collection":[{"href":"https:\/\/zsdpb.edu.pl\/index.php\/wp-json\/wp\/v2\/product"}],"about":[{"href":"https:\/\/zsdpb.edu.pl\/index.php\/wp-json\/wp\/v2\/types\/product"}],"replies":[{"embeddable":true,"href":"https:\/\/zsdpb.edu.pl\/index.php\/wp-json\/wp\/v2\/comments?post=16113"}],"wp:featuredmedia":[{"embeddable":true,"href":"https:\/\/zsdpb.edu.pl\/index.php\/wp-json\/wp\/v2\/media\/16114"}],"wp:attachment":[{"href":"https:\/\/zsdpb.edu.pl\/index.php\/wp-json\/wp\/v2\/media?parent=16113"}],"wp:term":[{"taxonomy":"product_brand","embeddable":true,"href":"https:\/\/zsdpb.edu.pl\/index.php\/wp-json\/wp\/v2\/product_brand?post=16113"},{"taxonomy":"product_cat","embeddable":true,"href":"https:\/\/zsdpb.edu.pl\/index.php\/wp-json\/wp\/v2\/product_cat?post=16113"},{"taxonomy":"product_tag","embeddable":true,"href":"https:\/\/zsdpb.edu.pl\/index.php\/wp-json\/wp\/v2\/product_tag?post=16113"}],"curies":[{"name":"wp","href":"https:\/\/api.w.org\/{rel}","templated":true}]}}