{"id":16197,"date":"2025-04-16T12:52:13","date_gmt":"2025-04-16T10:52:13","guid":{"rendered":"https:\/\/zsdpb.edu.pl\/?post_type=product&#038;p=16197"},"modified":"2025-05-20T14:59:07","modified_gmt":"2025-05-20T12:59:07","slug":"komputer-dell-optiplex-790mt-65-2025-8","status":"publish","type":"product","link":"https:\/\/zsdpb.edu.pl\/index.php\/produkt\/komputer-dell-optiplex-790mt-65-2025-8\/","title":{"rendered":"Komputer DELL Optiplex 790MT    [65\/2025\/8]"},"content":{"rendered":"<ul>\n<li>Komputer DELL Optiplex 790MT przyj\u0119ty na ewidencj\u0119 ksi\u0119gow\u0105 w 2012 roku.<\/li>\n<li>Sprawny.<\/li>\n<li>Sk\u0142adnik maj\u0105tkowy pozbawiony no\u015bnik\u00f3w magnetycznych i licencji.<\/li>\n<\/ul>\n","protected":false},"excerpt":{"rendered":"<p>Komputer DELL Optiplex 790MT przyj\u0119ty na ewidencj\u0119 ksi\u0119gow\u0105 w 2012 roku. Sprawny. Sk\u0142adnik maj\u0105tkowy pozbawiony no\u015bnik\u00f3w magnetycznych i licencji.<\/p>\n","protected":false},"featured_media":16198,"comment_status":"closed","ping_status":"closed","template":"","meta":[],"product_brand":[],"product_cat":[40],"product_tag":[],"class_list":{"0":"post-16197","1":"product","2":"type-product","3":"status-publish","4":"has-post-thumbnail","6":"product_cat-sprzedaz","8":"first","9":"outofstock","10":"sold-individually","11":"shipping-taxable","12":"product-type-auction"},"publishpress_future_action":{"enabled":false,"date":"2026-04-12 17:02:54","action":"change-status","newStatus":"draft","terms":[],"taxonomy":"product_cat","extraData":[]},"publishpress_future_workflow_manual_trigger":{"enabledWorkflows":[]},"_links":{"self":[{"href":"https:\/\/zsdpb.edu.pl\/index.php\/wp-json\/wp\/v2\/product\/16197","targetHints":{"allow":["GET"]}}],"collection":[{"href":"https:\/\/zsdpb.edu.pl\/index.php\/wp-json\/wp\/v2\/product"}],"about":[{"href":"https:\/\/zsdpb.edu.pl\/index.php\/wp-json\/wp\/v2\/types\/product"}],"replies":[{"embeddable":true,"href":"https:\/\/zsdpb.edu.pl\/index.php\/wp-json\/wp\/v2\/comments?post=16197"}],"wp:featuredmedia":[{"embeddable":true,"href":"https:\/\/zsdpb.edu.pl\/index.php\/wp-json\/wp\/v2\/media\/16198"}],"wp:attachment":[{"href":"https:\/\/zsdpb.edu.pl\/index.php\/wp-json\/wp\/v2\/media?parent=16197"}],"wp:term":[{"taxonomy":"product_brand","embeddable":true,"href":"https:\/\/zsdpb.edu.pl\/index.php\/wp-json\/wp\/v2\/product_brand?post=16197"},{"taxonomy":"product_cat","embeddable":true,"href":"https:\/\/zsdpb.edu.pl\/index.php\/wp-json\/wp\/v2\/product_cat?post=16197"},{"taxonomy":"product_tag","embeddable":true,"href":"https:\/\/zsdpb.edu.pl\/index.php\/wp-json\/wp\/v2\/product_tag?post=16197"}],"curies":[{"name":"wp","href":"https:\/\/api.w.org\/{rel}","templated":true}]}}