{"id":16243,"date":"2025-04-16T13:32:07","date_gmt":"2025-04-16T11:32:07","guid":{"rendered":"https:\/\/zsdpb.edu.pl\/?post_type=product&#038;p=16243"},"modified":"2025-05-20T15:06:59","modified_gmt":"2025-05-20T13:06:59","slug":"komputer-dell-vostro-v260-65-2025-25","status":"publish","type":"product","link":"https:\/\/zsdpb.edu.pl\/index.php\/produkt\/komputer-dell-vostro-v260-65-2025-25\/","title":{"rendered":"Komputer DELL Vostro V260 [65\/2025\/25]"},"content":{"rendered":"<ul>\n<li>Komputer DELL Vostro V260 przyj\u0119ty na ewidencj\u0119 ksi\u0119gow\u0105 w 2012 roku.<\/li>\n<li>Sprawny.<\/li>\n<li>Sk\u0142adnik maj\u0105tkowy pozbawiony no\u015bnik\u00f3w magnetycznych i licencji.<\/li>\n<\/ul>\n","protected":false},"excerpt":{"rendered":"<p>Komputer DELL Vostro V260 przyj\u0119ty na ewidencj\u0119 ksi\u0119gow\u0105 w 2012 roku. Sprawny. Sk\u0142adnik maj\u0105tkowy pozbawiony no\u015bnik\u00f3w magnetycznych i licencji.<\/p>\n","protected":false},"featured_media":16244,"comment_status":"closed","ping_status":"closed","template":"","meta":[],"product_brand":[],"product_cat":[40],"product_tag":[],"class_list":{"0":"post-16243","1":"product","2":"type-product","3":"status-publish","4":"has-post-thumbnail","6":"product_cat-sprzedaz","8":"first","9":"outofstock","10":"sold-individually","11":"shipping-taxable","12":"product-type-auction"},"publishpress_future_action":{"enabled":false,"date":"2026-05-06 08:24:04","action":"change-status","newStatus":"draft","terms":[],"taxonomy":"product_cat","extraData":[]},"publishpress_future_workflow_manual_trigger":{"enabledWorkflows":[]},"_links":{"self":[{"href":"https:\/\/zsdpb.edu.pl\/index.php\/wp-json\/wp\/v2\/product\/16243","targetHints":{"allow":["GET"]}}],"collection":[{"href":"https:\/\/zsdpb.edu.pl\/index.php\/wp-json\/wp\/v2\/product"}],"about":[{"href":"https:\/\/zsdpb.edu.pl\/index.php\/wp-json\/wp\/v2\/types\/product"}],"replies":[{"embeddable":true,"href":"https:\/\/zsdpb.edu.pl\/index.php\/wp-json\/wp\/v2\/comments?post=16243"}],"wp:featuredmedia":[{"embeddable":true,"href":"https:\/\/zsdpb.edu.pl\/index.php\/wp-json\/wp\/v2\/media\/16244"}],"wp:attachment":[{"href":"https:\/\/zsdpb.edu.pl\/index.php\/wp-json\/wp\/v2\/media?parent=16243"}],"wp:term":[{"taxonomy":"product_brand","embeddable":true,"href":"https:\/\/zsdpb.edu.pl\/index.php\/wp-json\/wp\/v2\/product_brand?post=16243"},{"taxonomy":"product_cat","embeddable":true,"href":"https:\/\/zsdpb.edu.pl\/index.php\/wp-json\/wp\/v2\/product_cat?post=16243"},{"taxonomy":"product_tag","embeddable":true,"href":"https:\/\/zsdpb.edu.pl\/index.php\/wp-json\/wp\/v2\/product_tag?post=16243"}],"curies":[{"name":"wp","href":"https:\/\/api.w.org\/{rel}","templated":true}]}}