{"id":16279,"date":"2025-04-30T09:46:06","date_gmt":"2025-04-30T07:46:06","guid":{"rendered":"https:\/\/zsdpb.edu.pl\/?post_type=product&#038;p=16279"},"modified":"2025-06-04T12:26:17","modified_gmt":"2025-06-04T10:26:17","slug":"teodolit-t30-74-2025-4a","status":"publish","type":"product","link":"https:\/\/zsdpb.edu.pl\/index.php\/produkt\/teodolit-t30-74-2025-4a\/","title":{"rendered":"TEODOLIT T30 [74\/2025\/4a]"},"content":{"rendered":"<ul>\n<li>TEODOLIT T30 przyj\u0119ty na ewidencj\u0119 w 2010 roku.<\/li>\n<li>Sprawny, przestarza\u0142y technologicznie. Niekompletny.<\/li>\n<\/ul>\n","protected":false},"excerpt":{"rendered":"<p>TEODOLIT T30 przyj\u0119ty na ewidencj\u0119 w 2010 roku. Sprawny, przestarza\u0142y technologicznie. Niekompletny.<\/p>\n","protected":false},"featured_media":16280,"comment_status":"closed","ping_status":"closed","template":"","meta":[],"product_brand":[],"product_cat":[40],"product_tag":[],"class_list":{"0":"post-16279","1":"product","2":"type-product","3":"status-publish","4":"has-post-thumbnail","6":"product_cat-sprzedaz","8":"first","9":"outofstock","10":"sold-individually","11":"shipping-taxable","12":"product-type-auction"},"publishpress_future_action":{"enabled":false,"date":"2026-04-15 16:54:49","action":"change-status","newStatus":"draft","terms":[],"taxonomy":"product_cat","extraData":[]},"publishpress_future_workflow_manual_trigger":{"enabledWorkflows":[]},"_links":{"self":[{"href":"https:\/\/zsdpb.edu.pl\/index.php\/wp-json\/wp\/v2\/product\/16279","targetHints":{"allow":["GET"]}}],"collection":[{"href":"https:\/\/zsdpb.edu.pl\/index.php\/wp-json\/wp\/v2\/product"}],"about":[{"href":"https:\/\/zsdpb.edu.pl\/index.php\/wp-json\/wp\/v2\/types\/product"}],"replies":[{"embeddable":true,"href":"https:\/\/zsdpb.edu.pl\/index.php\/wp-json\/wp\/v2\/comments?post=16279"}],"wp:featuredmedia":[{"embeddable":true,"href":"https:\/\/zsdpb.edu.pl\/index.php\/wp-json\/wp\/v2\/media\/16280"}],"wp:attachment":[{"href":"https:\/\/zsdpb.edu.pl\/index.php\/wp-json\/wp\/v2\/media?parent=16279"}],"wp:term":[{"taxonomy":"product_brand","embeddable":true,"href":"https:\/\/zsdpb.edu.pl\/index.php\/wp-json\/wp\/v2\/product_brand?post=16279"},{"taxonomy":"product_cat","embeddable":true,"href":"https:\/\/zsdpb.edu.pl\/index.php\/wp-json\/wp\/v2\/product_cat?post=16279"},{"taxonomy":"product_tag","embeddable":true,"href":"https:\/\/zsdpb.edu.pl\/index.php\/wp-json\/wp\/v2\/product_tag?post=16279"}],"curies":[{"name":"wp","href":"https:\/\/api.w.org\/{rel}","templated":true}]}}