{"id":16292,"date":"2025-04-30T09:53:53","date_gmt":"2025-04-30T07:53:53","guid":{"rendered":"https:\/\/zsdpb.edu.pl\/?post_type=product&#038;p=16292"},"modified":"2025-06-04T12:26:55","modified_gmt":"2025-06-04T10:26:55","slug":"tyczki-geodezyjne-skladane-74-2025-5b","status":"publish","type":"product","link":"https:\/\/zsdpb.edu.pl\/index.php\/produkt\/tyczki-geodezyjne-skladane-74-2025-5b\/","title":{"rendered":"TYCZKI GEODEZYJNE SK\u0141ADANE [74\/2025\/5b]"},"content":{"rendered":"<ul>\n<li>TYCZKI GEODEZYJNE SK\u0141ADANE przyj\u0119te na ewidencj\u0119 w 2010 roku.<\/li>\n<li>Przestarza\u0142e, nosz\u0105 \u015blady u\u017cytkowania.<\/li>\n<\/ul>\n","protected":false},"excerpt":{"rendered":"<p>TYCZKI GEODEZYJNE SK\u0141ADANE przyj\u0119te na ewidencj\u0119 w 2010 roku. Przestarza\u0142e, nosz\u0105 \u015blady u\u017cytkowania.<\/p>\n","protected":false},"featured_media":16293,"comment_status":"closed","ping_status":"closed","template":"","meta":[],"product_brand":[],"product_cat":[40],"product_tag":[],"class_list":{"0":"post-16292","1":"product","2":"type-product","3":"status-publish","4":"has-post-thumbnail","6":"product_cat-sprzedaz","8":"first","9":"outofstock","10":"sold-individually","11":"shipping-taxable","12":"product-type-auction"},"publishpress_future_action":{"enabled":false,"date":"2026-05-09 12:37:37","action":"change-status","newStatus":"draft","terms":[],"taxonomy":"product_cat","extraData":[]},"publishpress_future_workflow_manual_trigger":{"enabledWorkflows":[]},"_links":{"self":[{"href":"https:\/\/zsdpb.edu.pl\/index.php\/wp-json\/wp\/v2\/product\/16292","targetHints":{"allow":["GET"]}}],"collection":[{"href":"https:\/\/zsdpb.edu.pl\/index.php\/wp-json\/wp\/v2\/product"}],"about":[{"href":"https:\/\/zsdpb.edu.pl\/index.php\/wp-json\/wp\/v2\/types\/product"}],"replies":[{"embeddable":true,"href":"https:\/\/zsdpb.edu.pl\/index.php\/wp-json\/wp\/v2\/comments?post=16292"}],"wp:featuredmedia":[{"embeddable":true,"href":"https:\/\/zsdpb.edu.pl\/index.php\/wp-json\/wp\/v2\/media\/16293"}],"wp:attachment":[{"href":"https:\/\/zsdpb.edu.pl\/index.php\/wp-json\/wp\/v2\/media?parent=16292"}],"wp:term":[{"taxonomy":"product_brand","embeddable":true,"href":"https:\/\/zsdpb.edu.pl\/index.php\/wp-json\/wp\/v2\/product_brand?post=16292"},{"taxonomy":"product_cat","embeddable":true,"href":"https:\/\/zsdpb.edu.pl\/index.php\/wp-json\/wp\/v2\/product_cat?post=16292"},{"taxonomy":"product_tag","embeddable":true,"href":"https:\/\/zsdpb.edu.pl\/index.php\/wp-json\/wp\/v2\/product_tag?post=16292"}],"curies":[{"name":"wp","href":"https:\/\/api.w.org\/{rel}","templated":true}]}}