{"id":16306,"date":"2025-04-30T10:04:00","date_gmt":"2025-04-30T08:04:00","guid":{"rendered":"https:\/\/zsdpb.edu.pl\/?post_type=product&#038;p=16306"},"modified":"2025-06-05T09:40:56","modified_gmt":"2025-06-05T07:40:56","slug":"statyw-do-niwelatorow-74-2025-6b","status":"publish","type":"product","link":"https:\/\/zsdpb.edu.pl\/index.php\/produkt\/statyw-do-niwelatorow-74-2025-6b\/","title":{"rendered":"STATYW DO NIWELATORA [74\/2025\/6b]"},"content":{"rendered":"<ul>\n<li>STATYW DO NIWELATORA P20 przyj\u0119ty na ewidencj\u0119 w 2010 roku.<\/li>\n<li>Sprawny, przestarza\u0142y.<\/li>\n<\/ul>\n","protected":false},"excerpt":{"rendered":"<p>STATYW DO NIWELATORA P20 przyj\u0119ty na ewidencj\u0119 w 2010 roku. Sprawny, przestarza\u0142y.<\/p>\n","protected":false},"featured_media":16305,"comment_status":"closed","ping_status":"closed","template":"","meta":[],"product_brand":[],"product_cat":[40],"product_tag":[],"class_list":{"0":"post-16306","1":"product","2":"type-product","3":"status-publish","4":"has-post-thumbnail","6":"product_cat-sprzedaz","8":"first","9":"outofstock","10":"sold-individually","11":"shipping-taxable","12":"product-type-auction"},"publishpress_future_action":{"enabled":false,"date":"2026-04-15 23:49:28","action":"change-status","newStatus":"draft","terms":[],"taxonomy":"product_cat","extraData":[]},"publishpress_future_workflow_manual_trigger":{"enabledWorkflows":[]},"_links":{"self":[{"href":"https:\/\/zsdpb.edu.pl\/index.php\/wp-json\/wp\/v2\/product\/16306","targetHints":{"allow":["GET"]}}],"collection":[{"href":"https:\/\/zsdpb.edu.pl\/index.php\/wp-json\/wp\/v2\/product"}],"about":[{"href":"https:\/\/zsdpb.edu.pl\/index.php\/wp-json\/wp\/v2\/types\/product"}],"replies":[{"embeddable":true,"href":"https:\/\/zsdpb.edu.pl\/index.php\/wp-json\/wp\/v2\/comments?post=16306"}],"wp:featuredmedia":[{"embeddable":true,"href":"https:\/\/zsdpb.edu.pl\/index.php\/wp-json\/wp\/v2\/media\/16305"}],"wp:attachment":[{"href":"https:\/\/zsdpb.edu.pl\/index.php\/wp-json\/wp\/v2\/media?parent=16306"}],"wp:term":[{"taxonomy":"product_brand","embeddable":true,"href":"https:\/\/zsdpb.edu.pl\/index.php\/wp-json\/wp\/v2\/product_brand?post=16306"},{"taxonomy":"product_cat","embeddable":true,"href":"https:\/\/zsdpb.edu.pl\/index.php\/wp-json\/wp\/v2\/product_cat?post=16306"},{"taxonomy":"product_tag","embeddable":true,"href":"https:\/\/zsdpb.edu.pl\/index.php\/wp-json\/wp\/v2\/product_tag?post=16306"}],"curies":[{"name":"wp","href":"https:\/\/api.w.org\/{rel}","templated":true}]}}