{"id":16372,"date":"2025-05-12T11:40:55","date_gmt":"2025-05-12T09:40:55","guid":{"rendered":"https:\/\/zsdpb.edu.pl\/?post_type=product&#038;p=16372"},"modified":"2025-06-25T12:44:21","modified_gmt":"2025-06-25T10:44:21","slug":"szafa-77-2025-17","status":"publish","type":"product","link":"https:\/\/zsdpb.edu.pl\/index.php\/produkt\/szafa-77-2025-17\/","title":{"rendered":"SZAFA (77\/2025\/17)"},"content":{"rendered":"<ul>\n<li><span style=\"font-family: georgia, palatino, serif;font-size: 12pt;color: #000000\">Szafa przyj\u0119ta na ewidencj\u0119 w 1985 r.<\/span><\/li>\n<li><span style=\"font-family: georgia, palatino, serif;font-size: 12pt;color: #000000\">Nadaje si\u0119 do dalszego u\u017cytkowania.<\/span><\/li>\n<li><span style=\"font-family: georgia, palatino, serif;font-size: 12pt;color: #000000\">Wymiary: szeroko\u015b\u0107 \u2013 150,00 cm, g\u0142\u0119boko\u015b\u0107 \u2013 63,00 cm, wysoko\u015b\u0107 \u2013 206,00 cm.<\/span><br \/>\n&nbsp;<\/p>\n<p>&nbsp;<\/p>\n<p>&nbsp;<\/li>\n<\/ul>\n","protected":false},"excerpt":{"rendered":"<p>Szafa przyj\u0119ta na ewidencj\u0119 w 1985 r. Nadaje si\u0119 do dalszego u\u017cytkowania. Wymiary: szeroko\u015b\u0107 \u2013 150,00 cm, g\u0142\u0119boko\u015b\u0107 \u2013 63,00 cm, wysoko\u015b\u0107 \u2013 206,00 cm. &nbsp; &nbsp; &nbsp;<\/p>\n","protected":false},"featured_media":16373,"comment_status":"closed","ping_status":"closed","template":"","meta":[],"product_brand":[],"product_cat":[40],"product_tag":[],"class_list":{"0":"post-16372","1":"product","2":"type-product","3":"status-publish","4":"has-post-thumbnail","6":"product_cat-sprzedaz","8":"first","9":"instock","10":"sold-individually","11":"shipping-taxable","12":"product-type-auction"},"publishpress_future_action":{"enabled":false,"date":"2026-04-24 08:07:18","action":"change-status","newStatus":"draft","terms":[],"taxonomy":"product_cat","extraData":[]},"publishpress_future_workflow_manual_trigger":{"enabledWorkflows":[]},"_links":{"self":[{"href":"https:\/\/zsdpb.edu.pl\/index.php\/wp-json\/wp\/v2\/product\/16372","targetHints":{"allow":["GET"]}}],"collection":[{"href":"https:\/\/zsdpb.edu.pl\/index.php\/wp-json\/wp\/v2\/product"}],"about":[{"href":"https:\/\/zsdpb.edu.pl\/index.php\/wp-json\/wp\/v2\/types\/product"}],"replies":[{"embeddable":true,"href":"https:\/\/zsdpb.edu.pl\/index.php\/wp-json\/wp\/v2\/comments?post=16372"}],"wp:featuredmedia":[{"embeddable":true,"href":"https:\/\/zsdpb.edu.pl\/index.php\/wp-json\/wp\/v2\/media\/16373"}],"wp:attachment":[{"href":"https:\/\/zsdpb.edu.pl\/index.php\/wp-json\/wp\/v2\/media?parent=16372"}],"wp:term":[{"taxonomy":"product_brand","embeddable":true,"href":"https:\/\/zsdpb.edu.pl\/index.php\/wp-json\/wp\/v2\/product_brand?post=16372"},{"taxonomy":"product_cat","embeddable":true,"href":"https:\/\/zsdpb.edu.pl\/index.php\/wp-json\/wp\/v2\/product_cat?post=16372"},{"taxonomy":"product_tag","embeddable":true,"href":"https:\/\/zsdpb.edu.pl\/index.php\/wp-json\/wp\/v2\/product_tag?post=16372"}],"curies":[{"name":"wp","href":"https:\/\/api.w.org\/{rel}","templated":true}]}}